{"id":1286,"date":"2020-01-21T11:37:41","date_gmt":"2020-01-21T09:37:41","guid":{"rendered":"http:\/\/novapracosa.cat\/proteccion-de-datos\/"},"modified":"2020-01-22T00:38:57","modified_gmt":"2020-01-21T22:38:57","slug":"proteccion-de-datos","status":"publish","type":"page","link":"https:\/\/novapracosa.cat\/ca\/proteccion-de-datos\/","title":{"rendered":"PROTECCION DE DATOS"},"content":{"rendered":"<h3><strong>Pol\u00edtica de Confidencialidad y Protecci\u00f3n de Datos<\/strong><\/h3>\n<p><strong>NOVA APRACOSA, S.L. (en adelante la Entidad) est\u00e1 comprometida con la debida diligencia y cumplimiento de la normativa de Protecci\u00f3n de Datos. Como eje de este deber y compromiso, se ha incorporado el Canal de Protecci\u00f3n de Datos (DATAPROTECT line) que recoge los elementos fundamentales de Protecci\u00f3n de Datos, todo ello gestionado, supervisado y acreditado por BONET Consulting, firma especializada y l\u00edder en Cumplimiento Normativo y Protecci\u00f3n de Datos.<\/strong><\/p>\n<p><strong>A continuaci\u00f3n, se expone la informaci\u00f3n detallada sobre la pol\u00edtica de confidencialidad y Protecci\u00f3n de Datos de car\u00e1cter personal en cumplimiento de lo dispuesto en el art\u00edculo 13 del Reglamento (UE) 2016\/679 del Parlamento Europeo y del Consejo, de 27 de abril de 2016, relativo a la protecci\u00f3n de las personas f\u00edsicas en lo que respecta al tratamiento de datos personales y a la libre circulaci\u00f3n de estos datos (Reglamento General de Protecci\u00f3n de Datos o RGPD) y el art\u00edculo 11 de la Ley Org\u00e1nica 3\/2018, de Protecci\u00f3n de Datos Personales y Garant\u00eda de los Derechos Digitales (LOPD GDD).<\/strong><\/p>\n<p>Datos del Responsable del Tratamiento y de contacto del Responsable \/ Delegado de Protecci\u00f3n de Datos (RPD \/ DPD):<\/p>\n<ul>\n<li><strong>Identidad: <\/strong>NOVA APRACOSA, S.L.<\/li>\n<li><strong>Direcci\u00f3n \/ C. P:<\/strong> Til.lers, 6. 25180 ALCARR\u00c0S<\/li>\n<li><strong>Tel\u00e9fono<\/strong>: 973 791767<\/li>\n<li><strong>E-mail:<\/strong> <a href=\"mailto:novapracosa@novapracosa.cat\">novapracosa@novapracosa.cat<\/a><\/li>\n<li><strong>Datos de contacto del RPD \/ DPD:<\/strong> <a href=\"mailto:manel@novapracosa.cat\">manel@novapracosa.cat<\/a><\/li>\n<li><strong>Canal de Protecci\u00f3n de Datos: <\/strong><a href=\"http:\/\/www.corporate-ethicline.com\/nova-apracosa\">corporate-ethicline.com\/nova-apracosa<\/a><\/li>\n<\/ul>\n<p><strong>\u00a0<\/strong><\/p>\n<p><strong>Finalidades del tratamiento<\/strong><\/p>\n<p>La Entidad tratar\u00e1 la informaci\u00f3n que nos proporcionan las personas interesadas con las siguientes finalidades:<\/p>\n<ul>\n<li><strong>Gestionar <\/strong>su atenci\u00f3n, visita y reuni\u00f3n en nuestras instalaciones, as\u00ed como la gesti\u00f3n y realizaci\u00f3n de los servicios \/ productos contratados.<\/li>\n<li><strong>Gestionar cualquier tipo de solicitud, sugerencia o petici\u00f3n<\/strong> sobre nuestros servicios profesionales que nos formulen las personas interesadas.<\/li>\n<li><strong>Comunicaciones informativas y comerciales<\/strong>: tratamiento de sus datos con la finalidad de informarle sobre actividades, art\u00edculos de inter\u00e9s e informaci\u00f3n general relacionados con nuestra actividad y los servicios \/ productos contratados.<\/li>\n<li><strong>Gestionar datos aportados por los candidatos a un puesto de trabajo a trav\u00e9s del Curr\u00edculum Vitae (CV)<\/strong> con la finalidad de proceso de selecci\u00f3n y reclutamiento.<\/li>\n<\/ul>\n<p>Para el buen fin y desarrollo de su atenci\u00f3n y gesti\u00f3n de las finalidades anteriores, el titular consiente el tratamiento de sus datos para los fines anteriores, todo ello bajo el m\u00e1s estricto cumplimiento de la normativa de Protecci\u00f3n de Datos y la pol\u00edtica que le estamos detallando. En cualquier momento podr\u00e1 ejercitar sus derechos (ver apartado espec\u00edfico).<\/p>\n<p><strong>\u00a0<\/strong><\/p>\n<p><strong>Criterios de conservaci\u00f3n de los datos<\/strong><\/p>\n<ul>\n<li><strong>Gesti\u00f3n de servicios \/ productos contratados con la Entidad<\/strong>: los datos de car\u00e1cter personal aportados en los contratos, ofertas y\/o propuesta de servicios, as\u00ed como los del resto de personas cuya intervenci\u00f3n sea necesaria, ser\u00e1n conservados durante el tiempo que est\u00e9n vigentes los servicios contratados. Al finalizar la prestaci\u00f3n del servicio\/s contratado\/s, los datos de car\u00e1cter personal ser\u00e1n conservados en los supuestos que se pudieran derivar responsabilidades con la Entidad y\/o en cumplimiento de otros marcos normativos que le sean de aplicaci\u00f3n a la Entidad o de una norma con rango de ley que exija a la conservaci\u00f3n de estos. Los datos de car\u00e1cter personal se mantendr\u00e1n de forma que permitan la identificaci\u00f3n y el ejercicio de los Derechos de los afectados y, bajo las medidas t\u00e9cnicas jur\u00eddicas y organizativas que resulten necesarias para garantizar la confidencialidad e integridad de estos.<\/li>\n<li><strong>Gesti\u00f3n Curr\u00edculum Vitae<\/strong>: la Entidad, como norma, conserva su Curr\u00edculum Vitae por el plazo m\u00e1ximo de un a\u00f1o; concluido dicho plazo, se proceder\u00e1 autom\u00e1ticamente a su destrucci\u00f3n, en cumplimiento del principio de calidad del dato.<\/li>\n<li><strong>Otros:<\/strong> el resto de los datos e informaci\u00f3n aportada por el usuario por cualquier medido, ser\u00e1n conservado durante el tiempo que sea necesario para cumplir la finalidad para la que fueron recabados.<\/li>\n<\/ul>\n<p><strong>Legitimaci\u00f3n<\/strong><\/p>\n<p>La base legal que habilita a la Entidad para poder tratar los datos de car\u00e1cter personal de los usuarios, clientes, clientes potenciales en virtud de los siguientes t\u00edtulos:<\/p>\n<ul>\n<li>El consentimiento de las personas interesadas para la tramitaci\u00f3n y gesti\u00f3n de cualquier solicitud de informaci\u00f3n o consulta sobre nuestros servicios y productos.<\/li>\n<li>El Consentimiento prestado por los Candidatos a puesto de trabajo con fines de selecci\u00f3n y reclutamiento.<\/li>\n<li>El marco de prestaci\u00f3n y\/o contrataci\u00f3n de servicios \/ productos con la Entidad.<\/li>\n<li>El inter\u00e9s leg\u00edtimo para remitirle comunicaciones informativas, comerciales y\/u ofertas promocionales relacionadas con la actividad de la Entidad y los servicios \/ productos contratados a trav\u00e9s de correo electr\u00f3nico o cualquier otro medio.<\/li>\n<\/ul>\n<p><strong>\u00a0<\/strong><\/p>\n<p><strong>Destinatarios<\/strong><\/p>\n<p>No se ceden datos de car\u00e1cter personal a terceros, salvo disposici\u00f3n legal.<\/p>\n<p><strong>\u00a0<\/strong><\/p>\n<p><strong>Procedencia<\/strong><\/p>\n<p>Los datos de car\u00e1cter personal se obtienen directamente de las personas interesadas y de nuestros colaboradores. Las categor\u00edas de datos de car\u00e1cter personal que nos proporciona nuestros colaboradores son las siguientes:<\/p>\n<ul>\n<li>Datos de identificaci\u00f3n.<\/li>\n<li>Direcciones postales o electr\u00f3nicas.<\/li>\n<li>Datos facilitados y\/o consentidos por los propios interesados relacionados y necesarios para la gesti\u00f3n y realizaci\u00f3n del servicio \/ producto solicitado.<\/li>\n<\/ul>\n<p><strong><br \/>\n<\/strong><strong>Derechos<\/strong><\/p>\n<p><strong>Derecho de Acceso, Rectificaci\u00f3n y Supresi\u00f3n:<\/strong> las personas interesadas tienen derecho a obtener confirmaci\u00f3n sobre si en la Entidad estamos tratando datos personales que les conciernan, o no. Las personas interesadas tienen derecho a acceder a sus datos personales, as\u00ed como a solicitar la rectificaci\u00f3n de los datos inexactos o solicitar su supresi\u00f3n cuando, entre otros motivos, los datos ya no sean necesarios para los fines que fueron recogidos.<\/p>\n<p><strong>Derecho a la Limitaci\u00f3n y Oposici\u00f3n:<\/strong> en determinadas circunstancias, los interesados podr\u00e1n solicitar la limitaci\u00f3n del tratamiento de sus datos, en cuyo caso \u00fanicamente los conservaremos para el ejercicio o la defensa de reclamaciones. En determinadas circunstancias y, por motivos relacionados con su situaci\u00f3n particular, los interesados podr\u00e1n oponerse al tratamiento de sus datos. La Entidad dejar\u00e1 de tratar los datos en este supuesto, salvo por motivos leg\u00edtimos imperiosos, o para el ejercicio o la defensa de posibles reclamaciones.<\/p>\n<p>Dichos derechos podr\u00e1n ser ejercitados en nuestro Canal de Protecci\u00f3n de Datos, ver apartado espec\u00edfico.<\/p>\n<p>&nbsp;<\/p>\n<p><strong>Canal de Protecci\u00f3n de Datos\u00a0\/ DATAPROTECT &#8211; line<\/strong><\/p>\n<p>La Entidad ha implementado un Canal de Protecci\u00f3n de Datos, contemplando el m\u00e1s alto compromiso, rigor y profesionalidad en materia de seguridad, experiencia, independencia y conocimiento en el tratamiento de las comunicaciones recibidas.<\/p>\n<p>El Canal de Protecci\u00f3n de Datos se ha instrumentado a trav\u00e9s de una plataforma web, desarrollada y gestionada por experto externo independiente, para aportarles y garantizarles nuestros compromisos anteriores.<\/p>\n<p>A trav\u00e9s del Canal de Protecci\u00f3n de Datos, <strong>podr\u00e1 comunicar y tramitar<\/strong> el ejercicio de sus <strong>Derechos<\/strong> (ver apartado anterior) y comunicar cualquier indicio o conocimiento que tuviera de <strong>posibles violaciones (brechas) de seguridad<\/strong> y\/o de <strong>posibles incumplimientos o irregularidades sobre la normativa de Protecci\u00f3n de Datos o la presente pol\u00edtica<\/strong> de la Entidad.<\/p>\n<p>Los datos de acceso al Canal de Protecci\u00f3n de Datos se detallan al inicio de la presente pol\u00edtica.<\/p>\n<p><strong>\u00a0<\/strong><\/p>\n<p><strong>Atenci\u00f3n y soporte <\/strong><\/p>\n<p>Las personas interesadas podr\u00e1n comunicar a la Entidad cualquier duda sobre el tratamiento de sus datos de car\u00e1cter personal o interpretaci\u00f3n de nuestra pol\u00edtica, contactando con el Responsable \/ Delegado de Protecci\u00f3n de Datos (RPD \/ DPD) en la direcci\u00f3n, del mismo indicada al inicio de la presente pol\u00edtica.<\/p>\n","protected":false},"excerpt":{"rendered":"<p>Pol\u00edtica de Confidencialidad y Protecci\u00f3n de Datos NOVA APRACOSA, S.L. (en adelante la Entidad) est\u00e1 comprometida con la debida diligencia y cumplimiento de la normativa de Protecci\u00f3n de Datos. Como eje de este deber y compromiso, se ha incorporado el Canal de Protecci\u00f3n de Datos (DATAPROTECT line) que recoge los elementos fundamentales de Protecci\u00f3n de&hellip;<\/p>\n","protected":false},"author":2,"featured_media":0,"parent":0,"menu_order":0,"comment_status":"closed","ping_status":"closed","template":"","meta":[],"yoast_head":"<!-- This site is optimized with the Yoast SEO plugin v22.4 - https:\/\/yoast.com\/wordpress\/plugins\/seo\/ -->\n<title>PROTECCION DE DATOS - NOVAPRACOSA<\/title>\n<meta name=\"robots\" content=\"index, follow, max-snippet:-1, max-image-preview:large, max-video-preview:-1\" \/>\n<link rel=\"canonical\" href=\"https:\/\/novapracosa.cat\/ca\/proteccion-de-datos\/\" \/>\n<meta property=\"og:locale\" content=\"ca_ES\" \/>\n<meta property=\"og:type\" content=\"article\" \/>\n<meta property=\"og:title\" content=\"PROTECCION DE DATOS - NOVAPRACOSA\" \/>\n<meta property=\"og:description\" content=\"Pol\u00edtica de Confidencialidad y Protecci\u00f3n de Datos NOVA APRACOSA, S.L. (en adelante la Entidad) est\u00e1 comprometida con la debida diligencia y cumplimiento de la normativa de Protecci\u00f3n de Datos. Como eje de este deber y compromiso, se ha incorporado el Canal de Protecci\u00f3n de Datos (DATAPROTECT line) que recoge los elementos fundamentales de Protecci\u00f3n de&hellip;\" \/>\n<meta property=\"og:url\" content=\"https:\/\/novapracosa.cat\/ca\/proteccion-de-datos\/\" \/>\n<meta property=\"og:site_name\" content=\"NOVAPRACOSA\" \/>\n<meta property=\"article:modified_time\" content=\"2020-01-21T22:38:57+00:00\" \/>\n<meta name=\"twitter:card\" content=\"summary_large_image\" \/>\n<meta name=\"twitter:label1\" content=\"Est. reading time\" \/>\n\t<meta name=\"twitter:data1\" content=\"6 minutes\" \/>\n<script type=\"application\/ld+json\" class=\"yoast-schema-graph\">{\"@context\":\"https:\/\/schema.org\",\"@graph\":[{\"@type\":\"WebPage\",\"@id\":\"https:\/\/novapracosa.cat\/ca\/proteccion-de-datos\/\",\"url\":\"https:\/\/novapracosa.cat\/ca\/proteccion-de-datos\/\",\"name\":\"PROTECCION DE DATOS - NOVAPRACOSA\",\"isPartOf\":{\"@id\":\"https:\/\/novapracosa.cat\/#website\"},\"datePublished\":\"2020-01-21T09:37:41+00:00\",\"dateModified\":\"2020-01-21T22:38:57+00:00\",\"breadcrumb\":{\"@id\":\"https:\/\/novapracosa.cat\/ca\/proteccion-de-datos\/#breadcrumb\"},\"inLanguage\":\"ca-ES\",\"potentialAction\":[{\"@type\":\"ReadAction\",\"target\":[\"https:\/\/novapracosa.cat\/ca\/proteccion-de-datos\/\"]}]},{\"@type\":\"BreadcrumbList\",\"@id\":\"https:\/\/novapracosa.cat\/ca\/proteccion-de-datos\/#breadcrumb\",\"itemListElement\":[{\"@type\":\"ListItem\",\"position\":1,\"name\":\"Portada\",\"item\":\"https:\/\/novapracosa.cat\/ca\/\"},{\"@type\":\"ListItem\",\"position\":2,\"name\":\"PROTECCION DE DATOS\"}]},{\"@type\":\"WebSite\",\"@id\":\"https:\/\/novapracosa.cat\/#website\",\"url\":\"https:\/\/novapracosa.cat\/\",\"name\":\"NOVAPRACOSA\",\"description\":\"Trabajar como 300, hacer el ruido de 3\",\"potentialAction\":[{\"@type\":\"SearchAction\",\"target\":{\"@type\":\"EntryPoint\",\"urlTemplate\":\"https:\/\/novapracosa.cat\/?s={search_term_string}\"},\"query-input\":\"required name=search_term_string\"}],\"inLanguage\":\"ca-ES\"}]}<\/script>\n<!-- \/ Yoast SEO plugin. -->","yoast_head_json":{"title":"PROTECCION DE DATOS - NOVAPRACOSA","robots":{"index":"index","follow":"follow","max-snippet":"max-snippet:-1","max-image-preview":"max-image-preview:large","max-video-preview":"max-video-preview:-1"},"canonical":"https:\/\/novapracosa.cat\/ca\/proteccion-de-datos\/","og_locale":"ca_ES","og_type":"article","og_title":"PROTECCION DE DATOS - NOVAPRACOSA","og_description":"Pol\u00edtica de Confidencialidad y Protecci\u00f3n de Datos NOVA APRACOSA, S.L. (en adelante la Entidad) est\u00e1 comprometida con la debida diligencia y cumplimiento de la normativa de Protecci\u00f3n de Datos. Como eje de este deber y compromiso, se ha incorporado el Canal de Protecci\u00f3n de Datos (DATAPROTECT line) que recoge los elementos fundamentales de Protecci\u00f3n de&hellip;","og_url":"https:\/\/novapracosa.cat\/ca\/proteccion-de-datos\/","og_site_name":"NOVAPRACOSA","article_modified_time":"2020-01-21T22:38:57+00:00","twitter_card":"summary_large_image","twitter_misc":{"Est. reading time":"6 minutes"},"schema":{"@context":"https:\/\/schema.org","@graph":[{"@type":"WebPage","@id":"https:\/\/novapracosa.cat\/ca\/proteccion-de-datos\/","url":"https:\/\/novapracosa.cat\/ca\/proteccion-de-datos\/","name":"PROTECCION DE DATOS - NOVAPRACOSA","isPartOf":{"@id":"https:\/\/novapracosa.cat\/#website"},"datePublished":"2020-01-21T09:37:41+00:00","dateModified":"2020-01-21T22:38:57+00:00","breadcrumb":{"@id":"https:\/\/novapracosa.cat\/ca\/proteccion-de-datos\/#breadcrumb"},"inLanguage":"ca-ES","potentialAction":[{"@type":"ReadAction","target":["https:\/\/novapracosa.cat\/ca\/proteccion-de-datos\/"]}]},{"@type":"BreadcrumbList","@id":"https:\/\/novapracosa.cat\/ca\/proteccion-de-datos\/#breadcrumb","itemListElement":[{"@type":"ListItem","position":1,"name":"Portada","item":"https:\/\/novapracosa.cat\/ca\/"},{"@type":"ListItem","position":2,"name":"PROTECCION DE DATOS"}]},{"@type":"WebSite","@id":"https:\/\/novapracosa.cat\/#website","url":"https:\/\/novapracosa.cat\/","name":"NOVAPRACOSA","description":"Trabajar como 300, hacer el ruido de 3","potentialAction":[{"@type":"SearchAction","target":{"@type":"EntryPoint","urlTemplate":"https:\/\/novapracosa.cat\/?s={search_term_string}"},"query-input":"required name=search_term_string"}],"inLanguage":"ca-ES"}]}},"_links":{"self":[{"href":"https:\/\/novapracosa.cat\/ca\/wp-json\/wp\/v2\/pages\/1286"}],"collection":[{"href":"https:\/\/novapracosa.cat\/ca\/wp-json\/wp\/v2\/pages"}],"about":[{"href":"https:\/\/novapracosa.cat\/ca\/wp-json\/wp\/v2\/types\/page"}],"author":[{"embeddable":true,"href":"https:\/\/novapracosa.cat\/ca\/wp-json\/wp\/v2\/users\/2"}],"replies":[{"embeddable":true,"href":"https:\/\/novapracosa.cat\/ca\/wp-json\/wp\/v2\/comments?post=1286"}],"version-history":[{"count":4,"href":"https:\/\/novapracosa.cat\/ca\/wp-json\/wp\/v2\/pages\/1286\/revisions"}],"predecessor-version":[{"id":1300,"href":"https:\/\/novapracosa.cat\/ca\/wp-json\/wp\/v2\/pages\/1286\/revisions\/1300"}],"wp:attachment":[{"href":"https:\/\/novapracosa.cat\/ca\/wp-json\/wp\/v2\/media?parent=1286"}],"curies":[{"name":"wp","href":"https:\/\/api.w.org\/{rel}","templated":true}]}}