{"id":13,"date":"2017-04-04T19:21:40","date_gmt":"2017-04-04T17:21:40","guid":{"rendered":"http:\/\/novapracosa.es\/nosotros\/"},"modified":"2017-11-28T20:29:49","modified_gmt":"2017-11-28T18:29:49","slug":"nosotros","status":"publish","type":"page","link":"https:\/\/novapracosa.cat\/ca\/nosotros\/","title":{"rendered":"Nosaltres"},"content":{"rendered":"<p>[vc_row type=&#8221;vc_default&#8221; full_width=&#8221;stretch_row_content_no_spaces&#8221; parallax=&#8221;content-moving&#8221; parallax_speed_bg=&#8221;1.8&#8243; bg_type=&#8221;bg_color&#8221; bg_color_value=&#8221;#e5f1eb&#8221; el_class=&#8221;outMobile&#8221;][vc_column][vc_single_image image=&#8221;1146&#8243; img_size=&#8221;1187\u00d7642&#8243; alignment=&#8221;center&#8221;][\/vc_column][\/vc_row][vc_row type=&#8221;vc_default&#8221; parallax=&#8221;content-moving&#8221; parallax_speed_bg=&#8221;1.8&#8243; el_class=&#8221;outMobile texto&#8221;][vc_column][vc_row_inner][vc_column_inner width=&#8221;1\/4&#8243;][\/vc_column_inner][vc_column_inner width=&#8221;1\/2&#8243;][vc_column_text css=&#8221;.vc_custom_1493576630149{padding-top: 30px !important;padding-right: 30px !important;padding-bottom: 30px !important;padding-left: 30px !important;background-color: #ffffff !important;border-radius: 10px !important;}&#8221;]<\/p>\n<h4 style=\"text-align: center; font-size: 1.6em;\">Avui som uns aut\u00e8ntics especialistes<\/h4>\n<p style=\"text-align: justify;\">en fruita de pinyol: nectarina, pr\u00e9ssec, paraguai\u00e0, platerina i pruna concentren la part m\u00e9s important de la nostra oferta. Disposem d\u2019instal\u00b7lacions d\u2019embalatge modernes que permeten preparar cada dia la fruita que els nostres clients requereixen. La log\u00edstica \u00e9s tamb\u00e9 un aspecte important de la nostra capacitat de servei. Estem ubicats en una situaci\u00f3 geogr\u00e0fica privilegiada, a nom\u00e9s 30 hores de cami\u00f3 dels centres neur\u00e0lgics de distribuci\u00f3 europeus, per la qual cosa podem oferir una resposta r\u00e0pida a les necessitats dels clients.<\/p>\n<p>[\/vc_column_text][\/vc_column_inner][vc_column_inner width=&#8221;1\/4&#8243;][\/vc_column_inner][\/vc_row_inner][\/vc_column][\/vc_row][vc_row type=&#8221;vc_default&#8221; full_width=&#8221;stretch_row_content_no_spaces&#8221; parallax=&#8221;content-moving&#8221; parallax_speed_bg=&#8221;1.8&#8243; bg_type=&#8221;bg_color&#8221; bg_color_value=&#8221;#f2c3b1&#8243; el_class=&#8221;outMobile&#8221;][vc_column][vc_single_image image=&#8221;1126&#8243; img_size=&#8221;1187\u00d7642&#8243; alignment=&#8221;center&#8221;][\/vc_column][\/vc_row][vc_row type=&#8221;vc_default&#8221; full_width=&#8221;stretch_row_content_no_spaces&#8221; parallax=&#8221;content-moving&#8221; parallax_speed_bg=&#8221;1.8&#8243; bg_type=&#8221;bg_color&#8221; bg_color_value=&#8221;#e5f1eb&#8221; el_class=&#8221;inMobile&#8221;][vc_column][vc_single_image image=&#8221;1106&#8243; img_size=&#8221;493\u00d7 1379&#8243; alignment=&#8221;center&#8221;][\/vc_column][\/vc_row][vc_row type=&#8221;vc_default&#8221; parallax=&#8221;content-moving&#8221; parallax_speed_bg=&#8221;1.8&#8243; el_class=&#8221;inMobile&#8221;][vc_column][vc_row_inner][vc_column_inner width=&#8221;1\/4&#8243;][\/vc_column_inner][vc_column_inner width=&#8221;1\/2&#8243;][vc_column_text css=&#8221;.vc_custom_1493576705311{padding-top: 30px !important;padding-right: 30px !important;padding-bottom: 30px !important;padding-left: 30px !important;background-color: #ffffff !important;border-radius: 10px !important;}&#8221;]<\/p>\n<h4 style=\"text-align: center; font-size: 1.4em;\">Avui som uns aut\u00e8ntics especialistes<\/h4>\n<p style=\"text-align: justify;\">en fruita de pinyol: nectarina, pr\u00e9ssec, paraguai\u00e0, platerina i pruna concentren la part m\u00e9s important de la nostra oferta. Disposem d\u2019instal\u00b7lacions d\u2019embalatge modernes que permeten preparar cada dia la fruita que els nostres clients requereixen. La log\u00edstica \u00e9s tamb\u00e9 un aspecte important de la nostra capacitat de servei. Estem ubicats en una situaci\u00f3 geogr\u00e0fica privilegiada, a nom\u00e9s 30 hores de cami\u00f3 dels centres neur\u00e0lgics de distribuci\u00f3 europeus, per la qual cosa podem oferir una resposta r\u00e0pida a les necessitats dels clients.<\/p>\n<p>[\/vc_column_text][\/vc_column_inner][vc_column_inner width=&#8221;1\/4&#8243;][\/vc_column_inner][\/vc_row_inner][\/vc_column][\/vc_row][vc_row type=&#8221;vc_default&#8221; full_width=&#8221;stretch_row_content_no_spaces&#8221; parallax=&#8221;content-moving&#8221; parallax_speed_bg=&#8221;1.8&#8243; bg_type=&#8221;bg_color&#8221; bg_color_value=&#8221;#f2c3b1&#8243; el_class=&#8221;inMobile&#8221;][vc_column][vc_single_image image=&#8221;1086&#8243; img_size=&#8221;493\u00d71379&#8243; alignment=&#8221;center&#8221;][\/vc_column][\/vc_row][vc_row type=&#8221;vc_default&#8221; full_width=&#8221;stretch_row_content_no_spaces&#8221; parallax=&#8221;content-moving&#8221; parallax_image=&#8221;558&#8243; parallax_speed_bg=&#8221;1.8&#8243;][vc_column][vc_raw_html]JTNDZGl2JTIwc3R5bGUlM0QlMjdoZWlnaHQlM0E0MDBweCUyNyUzRSUzQyUyRmRpdiUzRQ==[\/vc_raw_html][\/vc_column][\/vc_row][vc_row type=&#8221;vc_default&#8221; full_width=&#8221;stretch_row&#8221; content_placement=&#8221;middle&#8221; margin_top=&#8221;30px&#8221;][vc_column width=&#8221;1\/6&#8243; css=&#8221;.vc_custom_1491430017714{padding-top: 30px !important;padding-bottom: 30px !important;}&#8221;][\/vc_column][vc_column width=&#8221;2\/3&#8243;][vc_column_text]<\/p>\n<h4 style=\"text-align: center; font-size: 1.8em;\">M\u00e9s de 25 anys al seu servei<\/h4>\n<p style=\"text-align: justify;\">La suma dels factors de producci\u00f3, innovaci\u00f3 varietal, transformaci\u00f3 i seguretat aliment\u00e0ria fa que des de fa m\u00e9s de 25 anys operem amb \u00e8xit en el mercat. Som un aliat comercial que garanteix un servei de qualitat, continuat i que renuncia a l\u2019especulaci\u00f3. La nostra filosofia es resumeix en la frase: \u00abFer la feina de tres-cents i el soroll de tres.\u00bb Una m\u00e0xima i un est\u00edmul per ser efica\u00e7os i poder oferir els millors resultats als nostres prove\u00efdors i clients. Aquest \u00e9s el nostre comprom\u00eds.<\/p>\n<p>[\/vc_column_text][vc_empty_space height=&#8221;18px&#8221;][\/vc_column][vc_column width=&#8221;1\/6&#8243;][\/vc_column][\/vc_row][vc_row type=&#8221;vc_default&#8221; full_width=&#8221;stretch_row_content_no_spaces&#8221; parallax=&#8221;content-moving&#8221; parallax_image=&#8221;1009&#8243; parallax_speed_bg=&#8221;1.8&#8243;][vc_column][vc_raw_html]JTNDZGl2JTIwc3R5bGUlM0QlMjdoZWlnaHQlM0E0MDBweCUyNyUzRSUzQyUyRmRpdiUzRQ==[\/vc_raw_html][\/vc_column][\/vc_row]<\/p>\n","protected":false},"excerpt":{"rendered":"<p>[vc_row type=&#8221;vc_default&#8221; full_width=&#8221;stretch_row_content_no_spaces&#8221; parallax=&#8221;content-moving&#8221; parallax_speed_bg=&#8221;1.8&#8243; bg_type=&#8221;bg_color&#8221; bg_color_value=&#8221;#e5f1eb&#8221; el_class=&#8221;outMobile&#8221;][vc_column][vc_single_image image=&#8221;1146&#8243; img_size=&#8221;1187\u00d7642&#8243; alignment=&#8221;center&#8221;][\/vc_column][\/vc_row][vc_row type=&#8221;vc_default&#8221; parallax=&#8221;content-moving&#8221; parallax_speed_bg=&#8221;1.8&#8243; el_class=&#8221;outMobile texto&#8221;][vc_column][vc_row_inner][vc_column_inner width=&#8221;1\/4&#8243;][\/vc_column_inner][vc_column_inner width=&#8221;1\/2&#8243;][vc_column_text css=&#8221;.vc_custom_1493576630149{padding-top: 30px !important;padding-right: 30px !important;padding-bottom: 30px !important;padding-left: 30px !important;background-color: #ffffff !important;border-radius: 10px !important;}&#8221;] Avui som uns aut\u00e8ntics especialistes en fruita de pinyol: nectarina, pr\u00e9ssec, paraguai\u00e0, platerina i pruna concentren la part m\u00e9s important de la nostra oferta.&hellip;<\/p>\n","protected":false},"author":2,"featured_media":0,"parent":0,"menu_order":0,"comment_status":"closed","ping_status":"closed","template":"","meta":[],"yoast_head":"<!-- This site is optimized with the Yoast SEO plugin v22.4 - https:\/\/yoast.com\/wordpress\/plugins\/seo\/ -->\n<title>Nosaltres - NOVAPRACOSA<\/title>\n<meta name=\"robots\" content=\"index, follow, max-snippet:-1, max-image-preview:large, max-video-preview:-1\" \/>\n<link rel=\"canonical\" href=\"https:\/\/novapracosa.cat\/ca\/nosotros\/\" \/>\n<meta property=\"og:locale\" content=\"ca_ES\" \/>\n<meta property=\"og:type\" content=\"article\" \/>\n<meta property=\"og:title\" content=\"Nosaltres - NOVAPRACOSA\" \/>\n<meta property=\"og:description\" content=\"[vc_row type=&#8221;vc_default&#8221; full_width=&#8221;stretch_row_content_no_spaces&#8221; parallax=&#8221;content-moving&#8221; parallax_speed_bg=&#8221;1.8&#8243; bg_type=&#8221;bg_color&#8221; bg_color_value=&#8221;#e5f1eb&#8221; el_class=&#8221;outMobile&#8221;][vc_column][vc_single_image image=&#8221;1146&#8243; img_size=&#8221;1187\u00d7642&#8243; alignment=&#8221;center&#8221;][\/vc_column][\/vc_row][vc_row type=&#8221;vc_default&#8221; parallax=&#8221;content-moving&#8221; parallax_speed_bg=&#8221;1.8&#8243; el_class=&#8221;outMobile texto&#8221;][vc_column][vc_row_inner][vc_column_inner width=&#8221;1\/4&#8243;][\/vc_column_inner][vc_column_inner width=&#8221;1\/2&#8243;][vc_column_text css=&#8221;.vc_custom_1493576630149{padding-top: 30px !important;padding-right: 30px !important;padding-bottom: 30px !important;padding-left: 30px !important;background-color: #ffffff !important;border-radius: 10px !important;}&#8221;] Avui som uns aut\u00e8ntics especialistes en fruita de pinyol: nectarina, pr\u00e9ssec, paraguai\u00e0, platerina i pruna concentren la part m\u00e9s important de la nostra oferta.&hellip;\" \/>\n<meta property=\"og:url\" content=\"https:\/\/novapracosa.cat\/ca\/nosotros\/\" \/>\n<meta property=\"og:site_name\" content=\"NOVAPRACOSA\" \/>\n<meta property=\"article:modified_time\" content=\"2017-11-28T18:29:49+00:00\" \/>\n<meta name=\"twitter:card\" content=\"summary_large_image\" \/>\n<meta name=\"twitter:label1\" content=\"Est. reading time\" \/>\n\t<meta name=\"twitter:data1\" content=\"4 minutes\" \/>\n<script type=\"application\/ld+json\" class=\"yoast-schema-graph\">{\"@context\":\"https:\/\/schema.org\",\"@graph\":[{\"@type\":\"WebPage\",\"@id\":\"https:\/\/novapracosa.cat\/ca\/nosotros\/\",\"url\":\"https:\/\/novapracosa.cat\/ca\/nosotros\/\",\"name\":\"Nosaltres - NOVAPRACOSA\",\"isPartOf\":{\"@id\":\"https:\/\/novapracosa.cat\/#website\"},\"datePublished\":\"2017-04-04T17:21:40+00:00\",\"dateModified\":\"2017-11-28T18:29:49+00:00\",\"breadcrumb\":{\"@id\":\"https:\/\/novapracosa.cat\/ca\/nosotros\/#breadcrumb\"},\"inLanguage\":\"ca-ES\",\"potentialAction\":[{\"@type\":\"ReadAction\",\"target\":[\"https:\/\/novapracosa.cat\/ca\/nosotros\/\"]}]},{\"@type\":\"BreadcrumbList\",\"@id\":\"https:\/\/novapracosa.cat\/ca\/nosotros\/#breadcrumb\",\"itemListElement\":[{\"@type\":\"ListItem\",\"position\":1,\"name\":\"Portada\",\"item\":\"https:\/\/novapracosa.cat\/ca\/\"},{\"@type\":\"ListItem\",\"position\":2,\"name\":\"Nosaltres\"}]},{\"@type\":\"WebSite\",\"@id\":\"https:\/\/novapracosa.cat\/#website\",\"url\":\"https:\/\/novapracosa.cat\/\",\"name\":\"NOVAPRACOSA\",\"description\":\"Trabajar como 300, hacer el ruido de 3\",\"potentialAction\":[{\"@type\":\"SearchAction\",\"target\":{\"@type\":\"EntryPoint\",\"urlTemplate\":\"https:\/\/novapracosa.cat\/?s={search_term_string}\"},\"query-input\":\"required name=search_term_string\"}],\"inLanguage\":\"ca-ES\"}]}<\/script>\n<!-- \/ Yoast SEO plugin. -->","yoast_head_json":{"title":"Nosaltres - NOVAPRACOSA","robots":{"index":"index","follow":"follow","max-snippet":"max-snippet:-1","max-image-preview":"max-image-preview:large","max-video-preview":"max-video-preview:-1"},"canonical":"https:\/\/novapracosa.cat\/ca\/nosotros\/","og_locale":"ca_ES","og_type":"article","og_title":"Nosaltres - NOVAPRACOSA","og_description":"[vc_row type=&#8221;vc_default&#8221; full_width=&#8221;stretch_row_content_no_spaces&#8221; parallax=&#8221;content-moving&#8221; parallax_speed_bg=&#8221;1.8&#8243; bg_type=&#8221;bg_color&#8221; bg_color_value=&#8221;#e5f1eb&#8221; el_class=&#8221;outMobile&#8221;][vc_column][vc_single_image image=&#8221;1146&#8243; img_size=&#8221;1187\u00d7642&#8243; alignment=&#8221;center&#8221;][\/vc_column][\/vc_row][vc_row type=&#8221;vc_default&#8221; parallax=&#8221;content-moving&#8221; parallax_speed_bg=&#8221;1.8&#8243; el_class=&#8221;outMobile texto&#8221;][vc_column][vc_row_inner][vc_column_inner width=&#8221;1\/4&#8243;][\/vc_column_inner][vc_column_inner width=&#8221;1\/2&#8243;][vc_column_text css=&#8221;.vc_custom_1493576630149{padding-top: 30px !important;padding-right: 30px !important;padding-bottom: 30px !important;padding-left: 30px !important;background-color: #ffffff !important;border-radius: 10px !important;}&#8221;] Avui som uns aut\u00e8ntics especialistes en fruita de pinyol: nectarina, pr\u00e9ssec, paraguai\u00e0, platerina i pruna concentren la part m\u00e9s important de la nostra oferta.&hellip;","og_url":"https:\/\/novapracosa.cat\/ca\/nosotros\/","og_site_name":"NOVAPRACOSA","article_modified_time":"2017-11-28T18:29:49+00:00","twitter_card":"summary_large_image","twitter_misc":{"Est. reading time":"4 minutes"},"schema":{"@context":"https:\/\/schema.org","@graph":[{"@type":"WebPage","@id":"https:\/\/novapracosa.cat\/ca\/nosotros\/","url":"https:\/\/novapracosa.cat\/ca\/nosotros\/","name":"Nosaltres - NOVAPRACOSA","isPartOf":{"@id":"https:\/\/novapracosa.cat\/#website"},"datePublished":"2017-04-04T17:21:40+00:00","dateModified":"2017-11-28T18:29:49+00:00","breadcrumb":{"@id":"https:\/\/novapracosa.cat\/ca\/nosotros\/#breadcrumb"},"inLanguage":"ca-ES","potentialAction":[{"@type":"ReadAction","target":["https:\/\/novapracosa.cat\/ca\/nosotros\/"]}]},{"@type":"BreadcrumbList","@id":"https:\/\/novapracosa.cat\/ca\/nosotros\/#breadcrumb","itemListElement":[{"@type":"ListItem","position":1,"name":"Portada","item":"https:\/\/novapracosa.cat\/ca\/"},{"@type":"ListItem","position":2,"name":"Nosaltres"}]},{"@type":"WebSite","@id":"https:\/\/novapracosa.cat\/#website","url":"https:\/\/novapracosa.cat\/","name":"NOVAPRACOSA","description":"Trabajar como 300, hacer el ruido de 3","potentialAction":[{"@type":"SearchAction","target":{"@type":"EntryPoint","urlTemplate":"https:\/\/novapracosa.cat\/?s={search_term_string}"},"query-input":"required name=search_term_string"}],"inLanguage":"ca-ES"}]}},"_links":{"self":[{"href":"https:\/\/novapracosa.cat\/ca\/wp-json\/wp\/v2\/pages\/13"}],"collection":[{"href":"https:\/\/novapracosa.cat\/ca\/wp-json\/wp\/v2\/pages"}],"about":[{"href":"https:\/\/novapracosa.cat\/ca\/wp-json\/wp\/v2\/types\/page"}],"author":[{"embeddable":true,"href":"https:\/\/novapracosa.cat\/ca\/wp-json\/wp\/v2\/users\/2"}],"replies":[{"embeddable":true,"href":"https:\/\/novapracosa.cat\/ca\/wp-json\/wp\/v2\/comments?post=13"}],"version-history":[{"count":22,"href":"https:\/\/novapracosa.cat\/ca\/wp-json\/wp\/v2\/pages\/13\/revisions"}],"predecessor-version":[{"id":1271,"href":"https:\/\/novapracosa.cat\/ca\/wp-json\/wp\/v2\/pages\/13\/revisions\/1271"}],"wp:attachment":[{"href":"https:\/\/novapracosa.cat\/ca\/wp-json\/wp\/v2\/media?parent=13"}],"curies":[{"name":"wp","href":"https:\/\/api.w.org\/{rel}","templated":true}]}}