{"id":19,"date":"2017-04-04T19:22:39","date_gmt":"2017-04-04T17:22:39","guid":{"rendered":"http:\/\/novapracosa.es\/objetivos\/"},"modified":"2024-04-05T11:26:00","modified_gmt":"2024-04-05T09:26:00","slug":"objetivos","status":"publish","type":"page","link":"https:\/\/novapracosa.cat\/ca\/objetivos\/","title":{"rendered":"Objectius"},"content":{"rendered":"<p>[vc_row type=&#8221;vc_default&#8221;][vc_column width=&#8221;1\/6&#8243;][\/vc_column][vc_column width=&#8221;2\/3&#8243;][vc_empty_space height=&#8221;20px&#8221;][vc_column_text]<\/p>\n<h2 style=\"text-align: center;\">Els nostres objectius<\/h2>\n<p style=\"text-align: justify; font-family: Merriweather; font-size: 14px; font-weight: 100;\">Cuidem molt la relaci\u00f3 amb cada client i amb cada prove\u00efdor. Per aix\u00f2, ens exigim cada dia el compliment dels nostres objectius: assegurar la qualitat dels nostres productes, oferir un servei efica\u00e7, ser sostenibles en cada fase del proc\u00e9s i garantir la seguretat aliment\u00e0ria.<\/p>\n<p>[\/vc_column_text][\/vc_column][vc_column width=&#8221;1\/6&#8243;][\/vc_column][\/vc_row][vc_row type=&#8221;vc_default&#8221; full_width=&#8221;stretch_row&#8221; parallax=&#8221;content-moving&#8221; parallax_image=&#8221;704&#8243; parallax_speed_bg=&#8221;1.8&#8243;][vc_column][vc_empty_space][vc_row_inner][vc_column_inner width=&#8221;1\/6&#8243;][\/vc_column_inner][vc_column_inner width=&#8221;2\/3&#8243;][vc_single_image image=&#8221;373&#8243; img_size=&#8221;129\u00d7107&#8243; alignment=&#8221;center&#8221;][vc_column_text]<\/p>\n<h2 style=\"text-align: center; color: #fff;\">Qualitat<\/h2>\n<p style=\"text-align: justify; font-family: Merriweather; font-size: 16px; font-weight: 100; color: #fff;\">La qualitat \u00e9s un segell de Novapracosa i no escatimem esfor\u00e7os per mantenir el llist\u00f3 ben alt. Les nostres produccions i els nostres prove\u00efdors disposen dels certificats corresponents i compleixen amb uns est\u00e0ndards de qualitat exigents i estrictes. Tota la nostra oferta de producte es produeix segons les normes GLOBALG.A.P. de manera que podem treballar millorant encara m\u00e9s la qualitat de la nostra fruita i adaptar-nos millor als requisits dels clients.<\/p>\n<p>[\/vc_column_text][\/vc_column_inner][vc_column_inner width=&#8221;1\/6&#8243;][\/vc_column_inner][\/vc_row_inner][vc_empty_space][\/vc_column][\/vc_row][vc_row type=&#8221;vc_default&#8221; full_width=&#8221;stretch_row_content_no_spaces&#8221; equal_height=&#8221;yes&#8221; content_placement=&#8221;middle&#8221; el_class=&#8221;backleft&#8221;][vc_column width=&#8221;1\/2&#8243; css=&#8221;.vc_custom_1491582681291{background-position: 0 0 !important;background-repeat: no-repeat !important;}&#8221;][vc_empty_space height=&#8221;62px&#8221; el_class=&#8221;outmobile&#8221;][vc_single_image image=&#8221;695&#8243; img_size=&#8221;1286\u00d7455&#8243; alignment=&#8221;right&#8221;][\/vc_column][vc_column width=&#8221;1\/2&#8243;][vc_row_inner el_class=&#8221;anchura derecha&#8221; css=&#8221;.vc_custom_1491584378143{margin-left: 50px !important;}&#8221;][vc_column_inner][vc_single_image image=&#8221;378&#8243; img_size=&#8221;129\u00d7107&#8243;][vc_column_text el_class=&#8221;servicio&#8221;]<\/p>\n<h2 style=\"text-align: left;\">Servei<\/h2>\n<p style=\"text-align: left; font-family: Merriweather; font-size: 14px; font-weight: 100;\">Disposem d\u2019una \u00e0mplia experi\u00e8ncia en el sector, per la qual cosa Novapracosa \u00e9s un soci en qui es pot confiar. Des de la producci\u00f3 fins al lliurament, fem un seguiment al 100\u2009% de tots els requisits dels nostres clients, que poden seguir cada pas del proc\u00e9s i demanar qualsevol informaci\u00f3. A m\u00e9s a m\u00e9s, ens adaptem als requisits espec\u00edfics de cada client. Volem prestar-los el servei que es mereixen. Tenim els coneixements, la professionalitat, l\u2019efic\u00e0cia i una total transpar\u00e8ncia per garantir una bona relaci\u00f3 amb els clients i oferir-los un servei inmillorable.<\/p>\n<p>[\/vc_column_text][vc_empty_space height=&#8221;62px&#8221; el_class=&#8221;outmobile&#8221;][\/vc_column_inner][\/vc_row_inner][\/vc_column][\/vc_row][vc_row][vc_column][vc_empty_space][\/vc_column][\/vc_row][vc_row type=&#8221;vc_default&#8221; full_width=&#8221;stretch_row&#8221; parallax=&#8221;content-moving&#8221; parallax_image=&#8221;699&#8243; parallax_speed_bg=&#8221;1.8&#8243;][vc_column][vc_empty_space][vc_row_inner][vc_column_inner width=&#8221;1\/6&#8243;][\/vc_column_inner][vc_column_inner width=&#8221;2\/3&#8243;][vc_single_image image=&#8221;368&#8243; img_size=&#8221;129\u00d7107&#8243; alignment=&#8221;center&#8221;][vc_column_text]<\/p>\n<h2 style=\"text-align: center; color: #fff;\">Sostenibilitat<\/h2>\n<p style=\"text-align: justify; font-family: Merriweather; font-size: 16px; font-weight: 100; color: #fff;\">La qualitat del cada producte, sens dubte, va lligada a la sostenibilitat. \u00c9s un valor innegociable de la nostra producci\u00f3 i el nostre estil. Tenim cura de la sostenibilitat al llarg de tota la cadena. Procurem que les nostres produccions siguin respectuoses, i tan sostenibles i econ\u00f2miques com sigui possible pel que fa a l\u2019energia. Apliquem el concepte local to local, \u00e9s a dir, produ\u00efm i transformem la fruita en un entorn proper. Tant en l\u2019aspecte econ\u00f2mic com en el mediambiental i en el social, apostem per la sostenibilitat com un comprom\u00eds de marca.<\/p>\n<p>[\/vc_column_text][\/vc_column_inner][vc_column_inner width=&#8221;1\/6&#8243;][\/vc_column_inner][\/vc_row_inner][vc_empty_space][\/vc_column][\/vc_row][vc_row type=&#8221;vc_default&#8221; full_width=&#8221;stretch_row_content_no_spaces&#8221; equal_height=&#8221;yes&#8221; content_placement=&#8221;middle&#8221; el_class=&#8221;backleft&#8221;][vc_column width=&#8221;1\/2&#8243; css=&#8221;.vc_custom_1491582681291{background-position: 0 0 !important;background-repeat: no-repeat !important;}&#8221;][vc_row_inner el_class=&#8221;anchura izquierda&#8221; css=&#8221;.vc_custom_1491584388976{margin-right: 50px !important;}&#8221;][vc_column_inner][vc_single_image image=&#8221;393&#8243; img_size=&#8221;129\u00d7107&#8243;][vc_column_text]<\/p>\n<h2 style=\"text-align: left;\">Seguretat aliment\u00e0ria (food safety)<\/h2>\n<p style=\"text-align: left; font-family: Merriweather; font-size: 14px; font-weight: 100;\">\u00c9s un dels pilars b\u00e0sics de la nostra oferta de producte. Una garantia del nostre comprom\u00eds diari: treballem amb producte fresc i aix\u00f2 ens obliga a ser particularment exigents. A m\u00e9s de la certificaci\u00f3 GLOBALG.A.P. en totes les nostres produccions i estacions d\u2019embalatge, disposem de les certificacions IFS, BRC i GRASP. Els nostres t\u00e8cnics fan un seguiment intensiu i constant de les nostres produccions perqu\u00e8 s\u2019adeq\u00fcin exactament a les exig\u00e8ncies del consumidor europeu pel que fa a la seguretat aliment\u00e0ria.<\/p>\n<p>[\/vc_column_text][vc_empty_space height=&#8221;62px&#8221; el_class=&#8221;outmobile&#8221;][\/vc_column_inner][\/vc_row_inner][\/vc_column][vc_column width=&#8221;1\/2&#8243;][vc_empty_space height=&#8221;62px&#8221; el_class=&#8221;outmobile&#8221;][vc_single_image image=&#8221;690&#8243; img_size=&#8221;1286\u00d7455&#8243;][\/vc_column][\/vc_row]<\/p>\n","protected":false},"excerpt":{"rendered":"<p>[vc_row type=&#8221;vc_default&#8221;][vc_column width=&#8221;1\/6&#8243;][\/vc_column][vc_column width=&#8221;2\/3&#8243;][vc_empty_space height=&#8221;20px&#8221;][vc_column_text] Els nostres objectius Cuidem molt la relaci\u00f3 amb cada client i amb cada prove\u00efdor. Per aix\u00f2, ens exigim cada dia el compliment dels nostres objectius: assegurar la qualitat dels nostres productes, oferir un servei efica\u00e7, ser sostenibles en cada fase del proc\u00e9s i garantir la seguretat aliment\u00e0ria. [\/vc_column_text][\/vc_column][vc_column width=&#8221;1\/6&#8243;][\/vc_column][\/vc_row][vc_row type=&#8221;vc_default&#8221;&hellip;<\/p>\n","protected":false},"author":2,"featured_media":0,"parent":0,"menu_order":0,"comment_status":"closed","ping_status":"closed","template":"","meta":[],"yoast_head":"<!-- This site is optimized with the Yoast SEO plugin v22.4 - https:\/\/yoast.com\/wordpress\/plugins\/seo\/ -->\n<title>Objectius - NOVAPRACOSA<\/title>\n<meta name=\"robots\" content=\"index, follow, max-snippet:-1, max-image-preview:large, max-video-preview:-1\" \/>\n<link rel=\"canonical\" href=\"https:\/\/novapracosa.cat\/ca\/objetivos\/\" \/>\n<meta property=\"og:locale\" content=\"ca_ES\" \/>\n<meta property=\"og:type\" content=\"article\" \/>\n<meta property=\"og:title\" content=\"Objectius - NOVAPRACOSA\" \/>\n<meta property=\"og:description\" content=\"[vc_row type=&#8221;vc_default&#8221;][vc_column width=&#8221;1\/6&#8243;][\/vc_column][vc_column width=&#8221;2\/3&#8243;][vc_empty_space height=&#8221;20px&#8221;][vc_column_text] Els nostres objectius Cuidem molt la relaci\u00f3 amb cada client i amb cada prove\u00efdor. Per aix\u00f2, ens exigim cada dia el compliment dels nostres objectius: assegurar la qualitat dels nostres productes, oferir un servei efica\u00e7, ser sostenibles en cada fase del proc\u00e9s i garantir la seguretat aliment\u00e0ria. [\/vc_column_text][\/vc_column][vc_column width=&#8221;1\/6&#8243;][\/vc_column][\/vc_row][vc_row type=&#8221;vc_default&#8221;&hellip;\" \/>\n<meta property=\"og:url\" content=\"https:\/\/novapracosa.cat\/ca\/objetivos\/\" \/>\n<meta property=\"og:site_name\" content=\"NOVAPRACOSA\" \/>\n<meta property=\"article:modified_time\" content=\"2024-04-05T09:26:00+00:00\" \/>\n<meta name=\"twitter:card\" content=\"summary_large_image\" \/>\n<meta name=\"twitter:label1\" content=\"Est. reading time\" \/>\n\t<meta name=\"twitter:data1\" content=\"4 minutes\" \/>\n<script type=\"application\/ld+json\" class=\"yoast-schema-graph\">{\"@context\":\"https:\/\/schema.org\",\"@graph\":[{\"@type\":\"WebPage\",\"@id\":\"https:\/\/novapracosa.cat\/ca\/objetivos\/\",\"url\":\"https:\/\/novapracosa.cat\/ca\/objetivos\/\",\"name\":\"Objectius - NOVAPRACOSA\",\"isPartOf\":{\"@id\":\"https:\/\/novapracosa.cat\/#website\"},\"datePublished\":\"2017-04-04T17:22:39+00:00\",\"dateModified\":\"2024-04-05T09:26:00+00:00\",\"breadcrumb\":{\"@id\":\"https:\/\/novapracosa.cat\/ca\/objetivos\/#breadcrumb\"},\"inLanguage\":\"ca-ES\",\"potentialAction\":[{\"@type\":\"ReadAction\",\"target\":[\"https:\/\/novapracosa.cat\/ca\/objetivos\/\"]}]},{\"@type\":\"BreadcrumbList\",\"@id\":\"https:\/\/novapracosa.cat\/ca\/objetivos\/#breadcrumb\",\"itemListElement\":[{\"@type\":\"ListItem\",\"position\":1,\"name\":\"Portada\",\"item\":\"https:\/\/novapracosa.cat\/ca\/\"},{\"@type\":\"ListItem\",\"position\":2,\"name\":\"Objectius\"}]},{\"@type\":\"WebSite\",\"@id\":\"https:\/\/novapracosa.cat\/#website\",\"url\":\"https:\/\/novapracosa.cat\/\",\"name\":\"NOVAPRACOSA\",\"description\":\"Trabajar como 300, hacer el ruido de 3\",\"potentialAction\":[{\"@type\":\"SearchAction\",\"target\":{\"@type\":\"EntryPoint\",\"urlTemplate\":\"https:\/\/novapracosa.cat\/?s={search_term_string}\"},\"query-input\":\"required name=search_term_string\"}],\"inLanguage\":\"ca-ES\"}]}<\/script>\n<!-- \/ Yoast SEO plugin. -->","yoast_head_json":{"title":"Objectius - NOVAPRACOSA","robots":{"index":"index","follow":"follow","max-snippet":"max-snippet:-1","max-image-preview":"max-image-preview:large","max-video-preview":"max-video-preview:-1"},"canonical":"https:\/\/novapracosa.cat\/ca\/objetivos\/","og_locale":"ca_ES","og_type":"article","og_title":"Objectius - NOVAPRACOSA","og_description":"[vc_row type=&#8221;vc_default&#8221;][vc_column width=&#8221;1\/6&#8243;][\/vc_column][vc_column width=&#8221;2\/3&#8243;][vc_empty_space height=&#8221;20px&#8221;][vc_column_text] Els nostres objectius Cuidem molt la relaci\u00f3 amb cada client i amb cada prove\u00efdor. Per aix\u00f2, ens exigim cada dia el compliment dels nostres objectius: assegurar la qualitat dels nostres productes, oferir un servei efica\u00e7, ser sostenibles en cada fase del proc\u00e9s i garantir la seguretat aliment\u00e0ria. [\/vc_column_text][\/vc_column][vc_column width=&#8221;1\/6&#8243;][\/vc_column][\/vc_row][vc_row type=&#8221;vc_default&#8221;&hellip;","og_url":"https:\/\/novapracosa.cat\/ca\/objetivos\/","og_site_name":"NOVAPRACOSA","article_modified_time":"2024-04-05T09:26:00+00:00","twitter_card":"summary_large_image","twitter_misc":{"Est. reading time":"4 minutes"},"schema":{"@context":"https:\/\/schema.org","@graph":[{"@type":"WebPage","@id":"https:\/\/novapracosa.cat\/ca\/objetivos\/","url":"https:\/\/novapracosa.cat\/ca\/objetivos\/","name":"Objectius - NOVAPRACOSA","isPartOf":{"@id":"https:\/\/novapracosa.cat\/#website"},"datePublished":"2017-04-04T17:22:39+00:00","dateModified":"2024-04-05T09:26:00+00:00","breadcrumb":{"@id":"https:\/\/novapracosa.cat\/ca\/objetivos\/#breadcrumb"},"inLanguage":"ca-ES","potentialAction":[{"@type":"ReadAction","target":["https:\/\/novapracosa.cat\/ca\/objetivos\/"]}]},{"@type":"BreadcrumbList","@id":"https:\/\/novapracosa.cat\/ca\/objetivos\/#breadcrumb","itemListElement":[{"@type":"ListItem","position":1,"name":"Portada","item":"https:\/\/novapracosa.cat\/ca\/"},{"@type":"ListItem","position":2,"name":"Objectius"}]},{"@type":"WebSite","@id":"https:\/\/novapracosa.cat\/#website","url":"https:\/\/novapracosa.cat\/","name":"NOVAPRACOSA","description":"Trabajar como 300, hacer el ruido de 3","potentialAction":[{"@type":"SearchAction","target":{"@type":"EntryPoint","urlTemplate":"https:\/\/novapracosa.cat\/?s={search_term_string}"},"query-input":"required name=search_term_string"}],"inLanguage":"ca-ES"}]}},"_links":{"self":[{"href":"https:\/\/novapracosa.cat\/ca\/wp-json\/wp\/v2\/pages\/19"}],"collection":[{"href":"https:\/\/novapracosa.cat\/ca\/wp-json\/wp\/v2\/pages"}],"about":[{"href":"https:\/\/novapracosa.cat\/ca\/wp-json\/wp\/v2\/types\/page"}],"author":[{"embeddable":true,"href":"https:\/\/novapracosa.cat\/ca\/wp-json\/wp\/v2\/users\/2"}],"replies":[{"embeddable":true,"href":"https:\/\/novapracosa.cat\/ca\/wp-json\/wp\/v2\/comments?post=19"}],"version-history":[{"count":29,"href":"https:\/\/novapracosa.cat\/ca\/wp-json\/wp\/v2\/pages\/19\/revisions"}],"predecessor-version":[{"id":1378,"href":"https:\/\/novapracosa.cat\/ca\/wp-json\/wp\/v2\/pages\/19\/revisions\/1378"}],"wp:attachment":[{"href":"https:\/\/novapracosa.cat\/ca\/wp-json\/wp\/v2\/media?parent=19"}],"curies":[{"name":"wp","href":"https:\/\/api.w.org\/{rel}","templated":true}]}}