{"id":25,"date":"2017-04-04T19:23:41","date_gmt":"2017-04-04T17:23:41","guid":{"rendered":"http:\/\/novapracosa.es\/productos\/"},"modified":"2017-05-17T20:23:17","modified_gmt":"2017-05-17T18:23:17","slug":"productos","status":"publish","type":"page","link":"https:\/\/novapracosa.cat\/ca\/productos\/","title":{"rendered":"Productes"},"content":{"rendered":"<p>[vc_row type=&#8221;vc_default&#8221;][vc_column width=&#8221;1\/6&#8243;][\/vc_column][vc_column width=&#8221;2\/3&#8243;][vc_empty_space height=&#8221;20px&#8221;][vc_column_text]<\/p>\n<h2 style=\"text-align: center;\">Els nostres productes<\/h2>\n<p style=\"text-align: justify; font-family: Merriweather; font-size: 14px; font-weight: 100;\">Produ\u00efm i comercialitzem fruita de pinyol, amb una capacitat d\u2019oferta continuada des de la setmana 23 fins a la setmana 40. La innovaci\u00f3 varietal, les millors t\u00e8cniques de cultiu i les mesures per obtenir un producte saludable i que compleixi la normativa de seguretat aliment\u00e0ria s\u00f3n tres pilars de la nostra producci\u00f3.<\/p>\n<p>[\/vc_column_text][\/vc_column][vc_column width=&#8221;1\/6&#8243;][\/vc_column][\/vc_row][vc_row type=&#8221;vc_default&#8221; full_width=&#8221;stretch_row_content_no_spaces&#8221; parallax=&#8221;content-moving&#8221; parallax_image=&#8221;860&#8243; parallax_speed_bg=&#8221;1.6&#8243;][vc_column][vc_raw_html]JTNDZGl2JTIwc3R5bGUlM0QlMjdoZWlnaHQlM0E0MDBweCUyNyUzRSUzQyUyRmRpdiUzRQ==[\/vc_raw_html][\/vc_column][\/vc_row][vc_row el_class=&#8221;delante&#8221;][vc_column][vc_column_text css=&#8221;.vc_custom_1491588365684{margin-bottom: -12px !important;}&#8221;]<\/p>\n<h1 style=\"text-align: left;\">Nectarina<\/h1>\n<p>[\/vc_column_text][\/vc_column][\/vc_row][vc_row type=&#8221;vc_default&#8221; full_width=&#8221;stretch_row_content&#8221; el_class=&#8221;no-paddings&#8221;][vc_column][vc_raw_html]JTNDZGl2JTIwc3R5bGUlM0QlMjdiYWNrZ3JvdW5kLWNvbG9yJTNBJTIzZGEyZTI3JTNCJTIwaGVpZ2h0JTNBOHB4JTNCJTI3JTNFJTNDJTJGZGl2JTNF[\/vc_raw_html][\/vc_column][\/vc_row][vc_row][vc_column width=&#8221;1\/3&#8243;][vc_single_image image=&#8221;855&#8243; img_size=&#8221;432\u00d7380&#8243; alignment=&#8221;center&#8221;][\/vc_column][vc_column width=&#8221;1\/3&#8243;][vc_column_text]<\/p>\n<h4 style=\"font-size: 1.9em; color: #da2e27; margin-bottom: 0;\">17M kg\/any<\/h4>\n<h4 style=\"font-size: 2em; color: #000; font-weight: 100; margin-top: 10px;\">JUN-SET<\/h4>\n<p>Comercialitzem al voltant de 17 milions de quilos de nectarina de carn groga, amb una oferta continuada durant quatre mesos. La incorporaci\u00f3 gradual de noves varietats garanteix un producte de caracter\u00edstiques gustatives similars durant tot l\u2019estiu.[\/vc_column_text][\/vc_column][vc_column width=&#8221;1\/3&#8243;][vc_single_image image=&#8221;825&#8243; img_size=&#8221;437\u00d7392&#8243; alignment=&#8221;center&#8221;][\/vc_column][\/vc_row][vc_row el_class=&#8221;delante&#8221;][vc_column][vc_column_text css=&#8221;.vc_custom_1493581327537{margin-bottom: -12px !important;}&#8221;]<\/p>\n<h1 style=\"text-align: left;\">Pr\u00e9ssec<\/h1>\n<p>[\/vc_column_text][\/vc_column][\/vc_row][vc_row type=&#8221;vc_default&#8221; full_width=&#8221;stretch_row_content&#8221; el_class=&#8221;no-paddings&#8221;][vc_column][vc_raw_html]JTNDZGl2JTIwc3R5bGUlM0QlMjdiYWNrZ3JvdW5kLWNvbG9yJTNBJTIzZjg2NzFjJTNCJTIwaGVpZ2h0JTNBOHB4JTNCJTI3JTNFJTNDJTJGZGl2JTNF[\/vc_raw_html][\/vc_column][\/vc_row][vc_row][vc_column width=&#8221;1\/3&#8243;][vc_single_image image=&#8221;850&#8243; img_size=&#8221;432\u00d7380&#8243; alignment=&#8221;center&#8221;][\/vc_column][vc_column width=&#8221;1\/3&#8243;][vc_column_text]<\/p>\n<h4 style=\"font-size: 1.9em; color: #f8671c; margin-bottom: 0;\">10M kg\/any<\/h4>\n<h4 style=\"font-size: 2em; color: #000; font-weight: 100; margin-top: 10px;\">JUN-SET<\/h4>\n<p>Comercialitzem al voltant de 10 milions de quilos de pr\u00e9ssec de carn groga, amb una oferta continuada durant quatre mesos. La incorporaci\u00f3 gradual de noves varietats garanteix un producte de caracter\u00edstiques gustatives similars durant tot l\u2019estiu.[\/vc_column_text][\/vc_column][vc_column width=&#8221;1\/3&#8243;][vc_single_image image=&#8221;820&#8243; img_size=&#8221;437\u00d7392&#8243; alignment=&#8221;center&#8221;][\/vc_column][\/vc_row][vc_row el_class=&#8221;delante&#8221;][vc_column][vc_column_text css=&#8221;.vc_custom_1493581355111{margin-bottom: -12px !important;}&#8221;]<\/p>\n<h1 style=\"text-align: left;\">Paraguai\u00e0<\/h1>\n<p>[\/vc_column_text][\/vc_column][\/vc_row][vc_row type=&#8221;vc_default&#8221; full_width=&#8221;stretch_row_content&#8221; el_class=&#8221;no-paddings&#8221;][vc_column][vc_raw_html]JTNDZGl2JTIwc3R5bGUlM0QlMjdiYWNrZ3JvdW5kLWNvbG9yJTNBJTIzZjE5Mjg0JTNCJTIwaGVpZ2h0JTNBOHB4JTNCJTI3JTNFJTNDJTJGZGl2JTNF[\/vc_raw_html][\/vc_column][\/vc_row][vc_row][vc_column width=&#8221;1\/3&#8243;][vc_single_image image=&#8221;845&#8243; img_size=&#8221;432\u00d7380&#8243; alignment=&#8221;center&#8221;][\/vc_column][vc_column width=&#8221;1\/3&#8243;][vc_column_text]<\/p>\n<h4 style=\"font-size: 1.9em; color: #f19284; margin-bottom: 0;\">15M kg\/any<\/h4>\n<h4 style=\"font-size: 2em; color: #000; font-weight: 100; margin-top: 10px;\">JUN-SET<\/h4>\n<p>Destaca perqu\u00e8 \u00e9s f\u00e0cil de menjar i pel seu caracter\u00edstic gust dol\u00e7 i refrescant. En comercialitzem al voltant de 15 milions de quilos i en podem garantir el subministrament des de la setmana 26 fins a la setmana 35, \u00e9s a dir, durant m\u00e9s de dos mesos.[\/vc_column_text][\/vc_column][vc_column width=&#8221;1\/3&#8243;][vc_single_image image=&#8221;815&#8243; img_size=&#8221;437\u00d7392&#8243; alignment=&#8221;center&#8221;][\/vc_column][\/vc_row][vc_row el_class=&#8221;delante&#8221;][vc_column][vc_column_text css=&#8221;.vc_custom_1493581386948{margin-bottom: -12px !important;}&#8221;]<\/p>\n<h1 style=\"text-align: left;\">Platerina<\/h1>\n<p>[\/vc_column_text][\/vc_column][\/vc_row][vc_row type=&#8221;vc_default&#8221; full_width=&#8221;stretch_row_content&#8221; el_class=&#8221;no-paddings&#8221;][vc_column][vc_raw_html]JTNDZGl2JTIwc3R5bGUlM0QlMjdiYWNrZ3JvdW5kLWNvbG9yJTNBJTIzZjA3MTUwJTNCJTIwaGVpZ2h0JTNBOHB4JTNCJTI3JTNFJTNDJTJGZGl2JTNF[\/vc_raw_html][\/vc_column][\/vc_row][vc_row][vc_column width=&#8221;1\/3&#8243;][vc_single_image image=&#8221;840&#8243; img_size=&#8221;432\u00d7380&#8243; alignment=&#8221;center&#8221;][\/vc_column][vc_column width=&#8221;1\/3&#8243;][vc_column_text]<\/p>\n<h4 style=\"font-size: 1.9em; color: #f07150; margin-bottom: 0;\">1M kg\/any<\/h4>\n<h4 style=\"font-size: 2em; color: #000; font-weight: 100; margin-top: 10px;\">JUN-AGO<\/h4>\n<p>Dol\u00e7a i arom\u00e0tica, de carn dura i sucosa, t\u00e9 una agradable textura al paladar. Agrada al consumidor perqu\u00e8 \u00e9s de mida petita i t\u00e9 la pell delicada i brillant. La seva pres\u00e8ncia als nostres mercats \u00e9s relativament recent. En comercialitzem al voltant d\u20191 mili\u00f3 de quilos, des de la setmana 26 fins a la setmana 35.[\/vc_column_text][\/vc_column][vc_column width=&#8221;1\/3&#8243;][vc_single_image image=&#8221;810&#8243; img_size=&#8221;437\u00d7392&#8243; alignment=&#8221;center&#8221;][\/vc_column][\/vc_row][vc_row el_class=&#8221;delante&#8221;][vc_column][vc_column_text css=&#8221;.vc_custom_1493581411686{margin-bottom: -12px !important;}&#8221;]<\/p>\n<h1 style=\"text-align: left;\">Pruna<\/h1>\n<p>[\/vc_column_text][\/vc_column][\/vc_row][vc_row type=&#8221;vc_default&#8221; full_width=&#8221;stretch_row_content&#8221; el_class=&#8221;no-paddings&#8221;][vc_column][vc_raw_html]JTNDZGl2JTIwc3R5bGUlM0QlMjdiYWNrZ3JvdW5kLWNvbG9yJTNBJTIzNWIwNzM1JTNCJTIwaGVpZ2h0JTNBOHB4JTNCJTI3JTNFJTNDJTJGZGl2JTNF[\/vc_raw_html][\/vc_column][\/vc_row][vc_row][vc_column width=&#8221;1\/3&#8243;][vc_single_image image=&#8221;835&#8243; img_size=&#8221;432\u00d7380&#8243; alignment=&#8221;center&#8221;][\/vc_column][vc_column width=&#8221;1\/3&#8243;][vc_column_text]<\/p>\n<h4 style=\"font-size: 1.9em; color: #5b0735; margin-bottom: 0;\">4M kg\/any<\/h4>\n<h4 style=\"font-size: 2em; color: #000; font-weight: 100; margin-top: 10px;\">JUL-OCT<\/h4>\n<p>Produ\u00efm la pruna a Extremadura, zona en qu\u00e8 hi ha la producci\u00f3 m\u00e9s gran d\u2019Espanya. \u00c9s fonamental per a la nostra oferta de fruita de pinyol perqu\u00e8 complementa a la perfecci\u00f3 la nostra gamma de productes. La nostra oferta \u00e9s continuada, i aix\u00f2 fa que la pres\u00e8ncia al mercat sigui constant.[\/vc_column_text][\/vc_column][vc_column width=&#8221;1\/3&#8243;][vc_single_image image=&#8221;805&#8243; img_size=&#8221;437\u00d7392&#8243; alignment=&#8221;center&#8221;][\/vc_column][\/vc_row][vc_row el_class=&#8221;delante&#8221;][vc_column][vc_column_text css=&#8221;.vc_custom_1493581446574{margin-bottom: -12px !important;}&#8221;]<\/p>\n<h1 style=\"text-align: left;\">Albercoc<\/h1>\n<p>[\/vc_column_text][\/vc_column][\/vc_row][vc_row type=&#8221;vc_default&#8221; full_width=&#8221;stretch_row_content&#8221; el_class=&#8221;no-paddings&#8221;][vc_column][vc_raw_html]JTNDZGl2JTIwc3R5bGUlM0QlMjdiYWNrZ3JvdW5kLWNvbG9yJTNBJTIzZjg5YzFjJTNCJTIwaGVpZ2h0JTNBOHB4JTNCJTI3JTNFJTNDJTJGZGl2JTNF[\/vc_raw_html][\/vc_column][\/vc_row][vc_row][vc_column width=&#8221;1\/3&#8243;][vc_single_image image=&#8221;830&#8243; img_size=&#8221;432\u00d7380&#8243; alignment=&#8221;center&#8221;][\/vc_column][vc_column width=&#8221;1\/3&#8243;][vc_column_text]<\/p>\n<h4 style=\"font-size: 1.9em; color: #f89c1c; margin-bottom: 0;\">1M kg\/any<\/h4>\n<h4 style=\"font-size: 2em; color: #000; font-weight: 100; margin-top: 10px;\">JUN-AGO<\/h4>\n<p>En els \u00faltims anys s\u2019han potenciat noves varietats d\u2019albercoc que han anat aconseguint notorietat en els mercats internacionals. Comercialitzem al voltant d\u20191 mili\u00f3 de quilos d\u2019albercoc per temporada, i en podem garantir el subministrament des de la setmana 25 fins a la setmana 33, durant una mica m\u00e9s de dos mesos.[\/vc_column_text][\/vc_column][vc_column width=&#8221;1\/3&#8243;][vc_single_image image=&#8221;800&#8243; img_size=&#8221;437\u00d7392&#8243; alignment=&#8221;center&#8221;][\/vc_column][\/vc_row]<\/p>\n","protected":false},"excerpt":{"rendered":"<p>[vc_row type=&#8221;vc_default&#8221;][vc_column width=&#8221;1\/6&#8243;][\/vc_column][vc_column width=&#8221;2\/3&#8243;][vc_empty_space height=&#8221;20px&#8221;][vc_column_text] Els nostres productes Produ\u00efm i comercialitzem fruita de pinyol, amb una capacitat d\u2019oferta continuada des de la setmana 23 fins a la setmana 40. La innovaci\u00f3 varietal, les millors t\u00e8cniques de cultiu i les mesures per obtenir un producte saludable i que compleixi la normativa de seguretat aliment\u00e0ria s\u00f3n tres&hellip;<\/p>\n","protected":false},"author":2,"featured_media":0,"parent":0,"menu_order":0,"comment_status":"closed","ping_status":"closed","template":"","meta":[],"yoast_head":"<!-- This site is optimized with the Yoast SEO plugin v22.4 - https:\/\/yoast.com\/wordpress\/plugins\/seo\/ -->\n<title>Productes - NOVAPRACOSA<\/title>\n<meta name=\"robots\" content=\"index, follow, max-snippet:-1, max-image-preview:large, max-video-preview:-1\" \/>\n<link rel=\"canonical\" href=\"https:\/\/novapracosa.cat\/ca\/productos\/\" \/>\n<meta property=\"og:locale\" content=\"ca_ES\" \/>\n<meta property=\"og:type\" content=\"article\" \/>\n<meta property=\"og:title\" content=\"Productes - NOVAPRACOSA\" \/>\n<meta property=\"og:description\" content=\"[vc_row type=&#8221;vc_default&#8221;][vc_column width=&#8221;1\/6&#8243;][\/vc_column][vc_column width=&#8221;2\/3&#8243;][vc_empty_space height=&#8221;20px&#8221;][vc_column_text] Els nostres productes Produ\u00efm i comercialitzem fruita de pinyol, amb una capacitat d\u2019oferta continuada des de la setmana 23 fins a la setmana 40. La innovaci\u00f3 varietal, les millors t\u00e8cniques de cultiu i les mesures per obtenir un producte saludable i que compleixi la normativa de seguretat aliment\u00e0ria s\u00f3n tres&hellip;\" \/>\n<meta property=\"og:url\" content=\"https:\/\/novapracosa.cat\/ca\/productos\/\" \/>\n<meta property=\"og:site_name\" content=\"NOVAPRACOSA\" \/>\n<meta property=\"article:modified_time\" content=\"2017-05-17T18:23:17+00:00\" \/>\n<meta name=\"twitter:card\" content=\"summary_large_image\" \/>\n<meta name=\"twitter:label1\" content=\"Est. reading time\" \/>\n\t<meta name=\"twitter:data1\" content=\"5 minutes\" \/>\n<script type=\"application\/ld+json\" class=\"yoast-schema-graph\">{\"@context\":\"https:\/\/schema.org\",\"@graph\":[{\"@type\":\"WebPage\",\"@id\":\"https:\/\/novapracosa.cat\/ca\/productos\/\",\"url\":\"https:\/\/novapracosa.cat\/ca\/productos\/\",\"name\":\"Productes - NOVAPRACOSA\",\"isPartOf\":{\"@id\":\"https:\/\/novapracosa.cat\/#website\"},\"datePublished\":\"2017-04-04T17:23:41+00:00\",\"dateModified\":\"2017-05-17T18:23:17+00:00\",\"breadcrumb\":{\"@id\":\"https:\/\/novapracosa.cat\/ca\/productos\/#breadcrumb\"},\"inLanguage\":\"ca-ES\",\"potentialAction\":[{\"@type\":\"ReadAction\",\"target\":[\"https:\/\/novapracosa.cat\/ca\/productos\/\"]}]},{\"@type\":\"BreadcrumbList\",\"@id\":\"https:\/\/novapracosa.cat\/ca\/productos\/#breadcrumb\",\"itemListElement\":[{\"@type\":\"ListItem\",\"position\":1,\"name\":\"Portada\",\"item\":\"https:\/\/novapracosa.cat\/ca\/\"},{\"@type\":\"ListItem\",\"position\":2,\"name\":\"Productes\"}]},{\"@type\":\"WebSite\",\"@id\":\"https:\/\/novapracosa.cat\/#website\",\"url\":\"https:\/\/novapracosa.cat\/\",\"name\":\"NOVAPRACOSA\",\"description\":\"Trabajar como 300, hacer el ruido de 3\",\"potentialAction\":[{\"@type\":\"SearchAction\",\"target\":{\"@type\":\"EntryPoint\",\"urlTemplate\":\"https:\/\/novapracosa.cat\/?s={search_term_string}\"},\"query-input\":\"required name=search_term_string\"}],\"inLanguage\":\"ca-ES\"}]}<\/script>\n<!-- \/ Yoast SEO plugin. -->","yoast_head_json":{"title":"Productes - NOVAPRACOSA","robots":{"index":"index","follow":"follow","max-snippet":"max-snippet:-1","max-image-preview":"max-image-preview:large","max-video-preview":"max-video-preview:-1"},"canonical":"https:\/\/novapracosa.cat\/ca\/productos\/","og_locale":"ca_ES","og_type":"article","og_title":"Productes - NOVAPRACOSA","og_description":"[vc_row type=&#8221;vc_default&#8221;][vc_column width=&#8221;1\/6&#8243;][\/vc_column][vc_column width=&#8221;2\/3&#8243;][vc_empty_space height=&#8221;20px&#8221;][vc_column_text] Els nostres productes Produ\u00efm i comercialitzem fruita de pinyol, amb una capacitat d\u2019oferta continuada des de la setmana 23 fins a la setmana 40. La innovaci\u00f3 varietal, les millors t\u00e8cniques de cultiu i les mesures per obtenir un producte saludable i que compleixi la normativa de seguretat aliment\u00e0ria s\u00f3n tres&hellip;","og_url":"https:\/\/novapracosa.cat\/ca\/productos\/","og_site_name":"NOVAPRACOSA","article_modified_time":"2017-05-17T18:23:17+00:00","twitter_card":"summary_large_image","twitter_misc":{"Est. reading time":"5 minutes"},"schema":{"@context":"https:\/\/schema.org","@graph":[{"@type":"WebPage","@id":"https:\/\/novapracosa.cat\/ca\/productos\/","url":"https:\/\/novapracosa.cat\/ca\/productos\/","name":"Productes - NOVAPRACOSA","isPartOf":{"@id":"https:\/\/novapracosa.cat\/#website"},"datePublished":"2017-04-04T17:23:41+00:00","dateModified":"2017-05-17T18:23:17+00:00","breadcrumb":{"@id":"https:\/\/novapracosa.cat\/ca\/productos\/#breadcrumb"},"inLanguage":"ca-ES","potentialAction":[{"@type":"ReadAction","target":["https:\/\/novapracosa.cat\/ca\/productos\/"]}]},{"@type":"BreadcrumbList","@id":"https:\/\/novapracosa.cat\/ca\/productos\/#breadcrumb","itemListElement":[{"@type":"ListItem","position":1,"name":"Portada","item":"https:\/\/novapracosa.cat\/ca\/"},{"@type":"ListItem","position":2,"name":"Productes"}]},{"@type":"WebSite","@id":"https:\/\/novapracosa.cat\/#website","url":"https:\/\/novapracosa.cat\/","name":"NOVAPRACOSA","description":"Trabajar como 300, hacer el ruido de 3","potentialAction":[{"@type":"SearchAction","target":{"@type":"EntryPoint","urlTemplate":"https:\/\/novapracosa.cat\/?s={search_term_string}"},"query-input":"required name=search_term_string"}],"inLanguage":"ca-ES"}]}},"_links":{"self":[{"href":"https:\/\/novapracosa.cat\/ca\/wp-json\/wp\/v2\/pages\/25"}],"collection":[{"href":"https:\/\/novapracosa.cat\/ca\/wp-json\/wp\/v2\/pages"}],"about":[{"href":"https:\/\/novapracosa.cat\/ca\/wp-json\/wp\/v2\/types\/page"}],"author":[{"embeddable":true,"href":"https:\/\/novapracosa.cat\/ca\/wp-json\/wp\/v2\/users\/2"}],"replies":[{"embeddable":true,"href":"https:\/\/novapracosa.cat\/ca\/wp-json\/wp\/v2\/comments?post=25"}],"version-history":[{"count":11,"href":"https:\/\/novapracosa.cat\/ca\/wp-json\/wp\/v2\/pages\/25\/revisions"}],"predecessor-version":[{"id":1241,"href":"https:\/\/novapracosa.cat\/ca\/wp-json\/wp\/v2\/pages\/25\/revisions\/1241"}],"wp:attachment":[{"href":"https:\/\/novapracosa.cat\/ca\/wp-json\/wp\/v2\/media?parent=25"}],"curies":[{"name":"wp","href":"https:\/\/api.w.org\/{rel}","templated":true}]}}