{"id":7,"date":"2017-04-04T16:59:35","date_gmt":"2017-04-04T16:59:35","guid":{"rendered":"http:\/\/novapracosa.es\/pagina-ejemplo\/"},"modified":"2022-03-08T18:50:49","modified_gmt":"2022-03-08T16:50:49","slug":"pagina-ejemplo","status":"publish","type":"page","link":"https:\/\/novapracosa.cat\/ca\/","title":{"rendered":"Inici"},"content":{"rendered":"<p>[vc_row type=&#8221;vc_default&#8221; full_width=&#8221;stretch_row_content_no_spaces&#8221; content_placement=&#8221;middle&#8221; el_class=&#8221;video&#8221; css=&#8221;.vc_custom_1491420381234{margin-top: 0px !important;}&#8221;][vc_column][rev_slider_vc alias=&#8221;video&#8221;][\/vc_column][\/vc_row][vc_row type=&#8221;vc_default&#8221; full_width=&#8221;stretch_row&#8221; content_placement=&#8221;middle&#8221; margin_top=&#8221;30px&#8221; bg_type=&#8221;bg_color&#8221; bg_override=&#8221;ex-full&#8221; bg_color_value=&#8221;#e5f1eb&#8221;][vc_column css=&#8221;.vc_custom_1491430017714{padding-top: 30px !important;padding-bottom: 30px !important;}&#8221;][vc_single_image image=&#8221;1171&#8243; img_size=&#8221;full&#8221; alignment=&#8221;center&#8221; el_class=&#8221;outMobile&#8221;][vc_single_image image=&#8221;1166&#8243; img_size=&#8221;270&#215;1154&#8243; alignment=&#8221;center&#8221; el_class=&#8221;inMobile&#8221;][vc_empty_space height=&#8221;22px&#8221;][vc_column_text]<\/p>\n<h4 style=\"text-align: center; font-size: 1.8em;\">\u201cFer la feina de tres-cents i el soroll de tres\u201d<\/h4>\n<p style=\"text-align: center; font-size: 1.4em; color: #000;\">\u00e9s la m\u00e0xima que ens permet actuar amb efic\u00e0cia<br \/>\ni garantir els millors resultats als nostres clients.<\/p>\n<p>[\/vc_column_text][vc_empty_space height=&#8221;18px&#8221;]<div class=\" vc_custom_1493574265281 ubtn-ctn-center boton\"><a class=\"ubtn-link ult-adjust-bottom-margin ubtn-center ubtn-large boton\"  rel='' href = \"http:\/\/novapracosa.es\/ca\/nosotros\/\" ><button type=\"button\" id=\"ubtn-5433\" class=\"ubtn ult-adjust-bottom-margin ult-responsive ubtn-large ubtn-no-hover-bg  ulta-pop  ubtn-center   tooltip-69e2ebb8d1308\"  data-hover=\"\" data-border-color=\"\" data-bg=\"#ffffff\" data-hover-bg=\"\" data-border-hover=\"\" data-shadow-hover=\"\" data-shadow-click=\"none\" data-shadow=\"\" data-shd-shadow=\"\"  data-ultimate-target='#ubtn-5433'  data-responsive-json-new='{\"font-size\":\"desktop:16px;\",\"line-height\":\"\"}'  style=\"font-weight:bold;border:none;background: #ffffff;color: #000000;\"><span class=\"ubtn-hover\" style=\"background-color:\"><\/span><span class=\"ubtn-data ubtn-text \" >M\u00c9S SOBRE NOSALTRES<\/span><\/button><\/a><\/div>[\/vc_column][\/vc_row][vc_row type=&#8221;vc_default&#8221; full_width=&#8221;stretch_row_content&#8221; el_class=&#8221;no-paddings&#8221;][vc_column][vc_column_text css=&#8221;.vc_custom_1493573357521{margin-bottom: -12px !important;}&#8221;]<\/p>\n<h1 style=\"text-align: center;\">Els nostres objectius<\/h1>\n<p>[\/vc_column_text][vc_raw_html]JTNDZGl2JTIwc3R5bGUlM0QlMjdiYWNrZ3JvdW5kLWNvbG9yJTNBJTIzYmZjZTgwJTNCJTIwaGVpZ2h0JTNBMTJweCUzQiUyNyUzRSUzQyUyRmRpdiUzRQ==[\/vc_raw_html][\/vc_column][\/vc_row][vc_row type=&#8221;vc_default&#8221;][vc_column][vc_row_inner equal_height=&#8221;yes&#8221;][vc_column_inner width=&#8221;1\/4&#8243; css=&#8221;.vc_custom_1491496802302{margin-top: 15px !important;margin-right: 15px !important;margin-bottom: 15px !important;margin-left: 15px !important;padding-top: 12px !important;padding-right: 6px !important;padding-bottom: 12px !important;padding-left: 6px !important;background-color: #bfce80 !important;border-radius: 10px !important;}&#8221;][vc_single_image image=&#8221;383&#8243; img_size=&#8221;129&#215;107&#8243; alignment=&#8221;center&#8221; css=&#8221;.vc_custom_1491497645764{margin-top: 14px !important;margin-bottom: 10px !important;}&#8221;][vc_column_text]<\/p>\n<h4 style=\"text-align: center;\">Qualitat<\/h4>\n<p style=\"text-align: center;\">\u00c9s l\u2019aspecte fonamental de<br \/>\nqualsevol dels nostres<br \/>\nproductes i un comprom\u00eds<br \/>\namb els nostres clients.<br \/>\nTots els nostres productes<br \/>\ncompleixen amb els requisits<br \/>\nde qualitat m\u00e9s estrictes.<\/p>\n<p>[\/vc_column_text][\/vc_column_inner][vc_column_inner width=&#8221;1\/4&#8243; css=&#8221;.vc_custom_1491496812089{margin-top: 15px !important;margin-right: 15px !important;margin-bottom: 15px !important;margin-left: 15px !important;padding-top: 12px !important;padding-right: 6px !important;padding-bottom: 12px !important;padding-left: 6px !important;background-color: #bfce80 !important;border-radius: 10px !important;}&#8221;][vc_single_image image=&#8221;378&#8243; img_size=&#8221;129&#215;107&#8243; alignment=&#8221;center&#8221; css=&#8221;.vc_custom_1491497652326{margin-top: 14px !important;margin-bottom: 10px !important;}&#8221;][vc_column_text]<\/p>\n<h4 style=\"text-align: center;\">Servei<\/h4>\n<p style=\"text-align: center;\">Garantim el millor servei<br \/>\nen qualsevol fase del proc\u00e9s:<br \/>\nproducci\u00f3, embalatge,<br \/>\ntransport i lliurament del<br \/>\nproducte sempre fresc.<\/p>\n<p>[\/vc_column_text][\/vc_column_inner][vc_column_inner width=&#8221;1\/4&#8243; css=&#8221;.vc_custom_1491496822113{margin-top: 15px !important;margin-right: 15px !important;margin-bottom: 15px !important;margin-left: 15px !important;padding-top: 12px !important;padding-right: 6px !important;padding-bottom: 12px !important;padding-left: 6px !important;background-color: #bfce80 !important;border-radius: 10px !important;}&#8221;][vc_single_image image=&#8221;388&#8243; img_size=&#8221;129&#215;107&#8243; alignment=&#8221;center&#8221; css=&#8221;.vc_custom_1491497658986{margin-top: 14px !important;margin-bottom: 10px !important;}&#8221;][vc_column_text]<\/p>\n<h4 style=\"text-align: center;\">Sostenibilitat<\/h4>\n<p style=\"text-align: center;\">Produ\u00efm en entorns<br \/>\npropers i en contacte amb<br \/>\nproductors locals. A m\u00e9s,<br \/>\napliquem exhaustivament els<br \/>\nrequeriments de totes les<br \/>\ncertificacions ambientals.<\/p>\n<p>[\/vc_column_text][\/vc_column_inner][vc_column_inner width=&#8221;1\/4&#8243; css=&#8221;.vc_custom_1491496832800{margin-top: 15px !important;margin-right: 15px !important;margin-bottom: 15px !important;margin-left: 15px !important;padding-top: 12px !important;padding-right: 6px !important;padding-bottom: 12px !important;padding-left: 6px !important;background-color: #bfce80 !important;border-radius: 10px !important;}&#8221;][vc_single_image image=&#8221;393&#8243; img_size=&#8221;129&#215;107&#8243; alignment=&#8221;center&#8221; css=&#8221;.vc_custom_1491497665544{margin-top: 14px !important;margin-bottom: 10px !important;}&#8221;][vc_column_text]<\/p>\n<h4 style=\"text-align: center;\">Seguretat<\/h4>\n<p style=\"text-align: center;\">Complim la normativa de<br \/>\nla legislaci\u00f3 europea i apliquem<br \/>\nles normes m\u00e9s estrictes pel<br \/>\nque fa al subministrament de<br \/>\nproductes frescos, sans i<br \/>\namb seguretat aliment\u00e0ria.<\/p>\n<p>[\/vc_column_text][\/vc_column_inner][\/vc_row_inner]<div class=\" vc_custom_1493574282358 ubtn-ctn-center boton\"><a class=\"ubtn-link ult-adjust-bottom-margin ubtn-center ubtn-large boton\"  rel='' href = \"http:\/\/novapracosa.es\/ca\/objetivos\/\" ><button type=\"button\" id=\"ubtn-6538\" class=\"ubtn ult-adjust-bottom-margin ult-responsive ubtn-large ubtn-no-hover-bg  ulta-pop  ubtn-center   tooltip-69e2ebb8d13b1\"  data-hover=\"\" data-border-color=\"\" data-bg=\"#bfce80\" data-hover-bg=\"\" data-border-hover=\"\" data-shadow-hover=\"\" data-shadow-click=\"none\" data-shadow=\"\" data-shd-shadow=\"\"  data-ultimate-target='#ubtn-6538'  data-responsive-json-new='{\"font-size\":\"desktop:16px;\",\"line-height\":\"\"}'  style=\"font-weight:bold;border:none;background: #bfce80;color: #000000;\"><span class=\"ubtn-hover\" style=\"background-color:\"><\/span><span class=\"ubtn-data ubtn-text \" >M\u00c9S SOBRE OBJECTIUS<\/span><\/button><\/a><\/div>[\/vc_column][\/vc_row][vc_row type=&#8221;vc_default&#8221; full_width=&#8221;stretch_row_content&#8221; el_class=&#8221;no-paddings&#8221;][vc_column][vc_column_text css=&#8221;.vc_custom_1493573792124{margin-bottom: -12px !important;}&#8221;]<\/p>\n<h1 style=\"text-align: center;\">Els nostres productes<\/h1>\n<p>[\/vc_column_text][vc_raw_html]JTNDZGl2JTIwc3R5bGUlM0QlMjdiYWNrZ3JvdW5kLWNvbG9yJTNBJTIzZmZkZDAwJTNCJTIwaGVpZ2h0JTNBMTJweCUzQiUyNyUzRSUzQyUyRmRpdiUzRQ==[\/vc_raw_html][\/vc_column][\/vc_row][vc_row type=&#8221;vc_default&#8221;][vc_column][vc_row_inner][vc_column_inner width=&#8221;1\/6&#8243;][vc_single_image image=&#8221;448&#8243; img_size=&#8221;196&#215;205&#8243; alignment=&#8221;center&#8221;][vc_column_text css=&#8221;.vc_custom_1491498917804{margin-top: -20px !important;}&#8221;]<\/p>\n<h4 style=\"text-align: center;\">Nectarina<\/h4>\n<p>[\/vc_column_text][\/vc_column_inner][vc_column_inner width=&#8221;1\/6&#8243;][vc_single_image image=&#8221;483&#8243; img_size=&#8221;196&#215;205&#8243; alignment=&#8221;center&#8221;][vc_column_text css=&#8221;.vc_custom_1493573813026{margin-top: -20px !important;}&#8221;]<\/p>\n<h4 style=\"text-align: center;\">Pr\u00e9ssec<\/h4>\n<p>[\/vc_column_text][\/vc_column_inner][vc_column_inner width=&#8221;1\/6&#8243;][vc_single_image image=&#8221;488&#8243; img_size=&#8221;196&#215;205&#8243; alignment=&#8221;center&#8221;][vc_column_text css=&#8221;.vc_custom_1493573824468{margin-top: -20px !important;}&#8221;]<\/p>\n<h4 style=\"text-align: center;\">Paraguai\u00e0<\/h4>\n<p>[\/vc_column_text][\/vc_column_inner][vc_column_inner width=&#8221;1\/6&#8243;][vc_single_image image=&#8221;463&#8243; img_size=&#8221;196&#215;205&#8243; alignment=&#8221;center&#8221;][vc_column_text css=&#8221;.vc_custom_1491498939854{margin-top: -20px !important;}&#8221;]<\/p>\n<h4 style=\"text-align: center;\">Platerina<\/h4>\n<p>[\/vc_column_text][\/vc_column_inner][vc_column_inner width=&#8221;1\/6&#8243;][vc_single_image image=&#8221;468&#8243; img_size=&#8221;196&#215;205&#8243; alignment=&#8221;center&#8221;][vc_column_text css=&#8221;.vc_custom_1493573841533{margin-top: -20px !important;}&#8221;]<\/p>\n<h4 style=\"text-align: center;\">Pruna<\/h4>\n<p>[\/vc_column_text][\/vc_column_inner][vc_column_inner width=&#8221;1\/6&#8243;][vc_single_image image=&#8221;473&#8243; img_size=&#8221;196&#215;205&#8243; alignment=&#8221;center&#8221;][vc_column_text css=&#8221;.vc_custom_1493573853426{margin-top: -20px !important;}&#8221;]<\/p>\n<h4 style=\"text-align: center;\">Albercoc<\/h4>\n<p>[\/vc_column_text][\/vc_column_inner][\/vc_row_inner]<div class=\" vc_custom_1493574295442 ubtn-ctn-center boton\"><a class=\"ubtn-link ult-adjust-bottom-margin ubtn-center ubtn-large boton\"  rel='' href = \"http:\/\/novapracosa.es\/ca\/productos\/\" ><button type=\"button\" id=\"ubtn-9950\" class=\"ubtn ult-adjust-bottom-margin ult-responsive ubtn-large ubtn-no-hover-bg  ulta-pop  ubtn-center   tooltip-69e2ebb8d13ee\"  data-hover=\"\" data-border-color=\"\" data-bg=\"#ffdd00\" data-hover-bg=\"\" data-border-hover=\"\" data-shadow-hover=\"\" data-shadow-click=\"none\" data-shadow=\"\" data-shd-shadow=\"\"  data-ultimate-target='#ubtn-9950'  data-responsive-json-new='{\"font-size\":\"desktop:16px;\",\"line-height\":\"\"}'  style=\"font-weight:bold;border:none;background: #ffdd00;color: #000000;\"><span class=\"ubtn-hover\" style=\"background-color:\"><\/span><span class=\"ubtn-data ubtn-text \" >M\u00c9S SOBRE PRODUCTES<\/span><\/button><\/a><\/div>[\/vc_column][\/vc_row][vc_row type=&#8221;vc_default&#8221; full_width=&#8221;stretch_row_content&#8221; el_class=&#8221;no-paddings&#8221;][vc_column][vc_column_text css=&#8221;.vc_custom_1493573880313{margin-bottom: -12px !important;}&#8221;]<\/p>\n<h1 style=\"text-align: center;\">On ens trobem<\/h1>\n<p>[\/vc_column_text][vc_raw_html]JTNDZGl2JTIwc3R5bGUlM0QlMjdiYWNrZ3JvdW5kLWNvbG9yJTNBJTIzZjA3MTUwJTNCJTIwaGVpZ2h0JTNBMTJweCUzQiUyNyUzRSUzQyUyRmRpdiUzRQ==[\/vc_raw_html][\/vc_column][\/vc_row][vc_row type=&#8221;vc_default&#8221; full_width=&#8221;stretch_row_content_no_spaces&#8221;][vc_column][vc_column_text][\/vc_column_text][\/vc_column][\/vc_row][vc_row type=&#8221;vc_default&#8221;][vc_column][vc_column_text]<\/p>\n<p style=\"text-align: center; font-family: Merriweather; font-size: 20px; font-weight: 100;\">Disposem de zones de producci\u00f3 a Lleida, Osca i Badajoz,<br \/>\namb unes condicions clim\u00e0tiques i de pluviometria que garanteixen<br \/>\nla qualitat del nostre producte.<\/p>\n<p>[\/vc_column_text][\/vc_column][\/vc_row][vc_row type=&#8221;vc_default&#8221;][vc_column width=&#8221;1\/2&#8243;]<div class=\" vc_custom_1493574309662 ubtn-ctn-center boton\"><a class=\"ubtn-link ult-adjust-bottom-margin ubtn-center ubtn-large boton\"  rel='' href = \"http:\/\/novapracosa.es\/ca\/localizacion\/\" ><button type=\"button\" id=\"ubtn-3799\" class=\"ubtn ult-adjust-bottom-margin ult-responsive ubtn-large ubtn-no-hover-bg  ulta-pop  ubtn-center   tooltip-69e2ebb8d141f\"  data-hover=\"\" data-border-color=\"\" data-bg=\"#f07150\" data-hover-bg=\"\" data-border-hover=\"\" data-shadow-hover=\"\" data-shadow-click=\"none\" data-shadow=\"\" data-shd-shadow=\"\"  data-ultimate-target='#ubtn-3799'  data-responsive-json-new='{\"font-size\":\"desktop:16px;\",\"line-height\":\"\"}'  style=\"font-weight:bold;border:none;background: #f07150;color: #000000;\"><span class=\"ubtn-hover\" style=\"background-color:\"><\/span><span class=\"ubtn-data ubtn-text \" >LOCALITZACI\u00d3<\/span><\/button><\/a><\/div>[\/vc_column][vc_column width=&#8221;1\/2&#8243;]<div class=\" vc_custom_1493574323140 ubtn-ctn-center boton\"><a class=\"ubtn-link ult-adjust-bottom-margin ubtn-center ubtn-large boton\"  rel='' href = \"http:\/\/novapracosa.es\/ca\/contacto\/\" ><button type=\"button\" id=\"ubtn-9607\" class=\"ubtn ult-adjust-bottom-margin ult-responsive ubtn-large ubtn-no-hover-bg  ulta-pop  ubtn-center   tooltip-69e2ebb8d144d\"  data-hover=\"\" data-border-color=\"\" data-bg=\"#f07150\" data-hover-bg=\"\" data-border-hover=\"\" data-shadow-hover=\"\" data-shadow-click=\"none\" data-shadow=\"\" data-shd-shadow=\"\"  data-ultimate-target='#ubtn-9607'  data-responsive-json-new='{\"font-size\":\"desktop:16px;\",\"line-height\":\"\"}'  style=\"font-weight:bold;border:none;background: #f07150;color: #000000;\"><span class=\"ubtn-hover\" style=\"background-color:\"><\/span><span class=\"ubtn-data ubtn-text \" >EL NOSTRE EQUIP<\/span><\/button><\/a><\/div>[\/vc_column][\/vc_row][vc_row type=&#8221;vc_default&#8221; full_width=&#8221;stretch_row_content_no_spaces&#8221; parallax=&#8221;content-moving&#8221; parallax_image=&#8221;527&#8243; parallax_speed_bg=&#8221;1.8&#8243;][vc_column][vc_raw_html]JTNDZGl2JTIwc3R5bGUlM0QlMjdoZWlnaHQlM0E0MDBweCUyNyUzRSUzQyUyRmRpdiUzRQ==[\/vc_raw_html][\/vc_column][\/vc_row]<\/p>\n","protected":false},"excerpt":{"rendered":"<p>[vc_row type=&#8221;vc_default&#8221; full_width=&#8221;stretch_row_content_no_spaces&#8221; content_placement=&#8221;middle&#8221; el_class=&#8221;video&#8221; css=&#8221;.vc_custom_1491420381234{margin-top: 0px !important;}&#8221;][vc_column][rev_slider_vc alias=&#8221;video&#8221;][\/vc_column][\/vc_row][vc_row type=&#8221;vc_default&#8221; full_width=&#8221;stretch_row&#8221; content_placement=&#8221;middle&#8221; margin_top=&#8221;30px&#8221; bg_type=&#8221;bg_color&#8221; bg_override=&#8221;ex-full&#8221; bg_color_value=&#8221;#e5f1eb&#8221;][vc_column css=&#8221;.vc_custom_1491430017714{padding-top: 30px !important;padding-bottom: 30px !important;}&#8221;][vc_single_image image=&#8221;1171&#8243; img_size=&#8221;full&#8221; alignment=&#8221;center&#8221; el_class=&#8221;outMobile&#8221;][vc_single_image image=&#8221;1166&#8243; img_size=&#8221;270&#215;1154&#8243; alignment=&#8221;center&#8221; el_class=&#8221;inMobile&#8221;][vc_empty_space height=&#8221;22px&#8221;][vc_column_text] \u201cFer la feina de tres-cents i el soroll de tres\u201d \u00e9s la m\u00e0xima que ens permet actuar amb efic\u00e0cia i garantir els millors resultats als&hellip;<\/p>\n","protected":false},"author":2,"featured_media":0,"parent":0,"menu_order":0,"comment_status":"closed","ping_status":"closed","template":"","meta":[],"yoast_head":"<!-- This site is optimized with the Yoast SEO plugin v22.4 - https:\/\/yoast.com\/wordpress\/plugins\/seo\/ -->\n<title>Inici - NOVAPRACOSA<\/title>\n<meta name=\"robots\" content=\"index, follow, max-snippet:-1, max-image-preview:large, max-video-preview:-1\" \/>\n<link rel=\"canonical\" href=\"https:\/\/novapracosa.cat\/ca\/\" \/>\n<meta property=\"og:locale\" content=\"ca_ES\" \/>\n<meta property=\"og:type\" content=\"article\" \/>\n<meta property=\"og:title\" content=\"Inici - NOVAPRACOSA\" \/>\n<meta property=\"og:description\" content=\"[vc_row type=&#8221;vc_default&#8221; full_width=&#8221;stretch_row_content_no_spaces&#8221; content_placement=&#8221;middle&#8221; el_class=&#8221;video&#8221; css=&#8221;.vc_custom_1491420381234{margin-top: 0px !important;}&#8221;][vc_column][rev_slider_vc alias=&#8221;video&#8221;][\/vc_column][\/vc_row][vc_row type=&#8221;vc_default&#8221; full_width=&#8221;stretch_row&#8221; content_placement=&#8221;middle&#8221; margin_top=&#8221;30px&#8221; bg_type=&#8221;bg_color&#8221; bg_override=&#8221;ex-full&#8221; bg_color_value=&#8221;#e5f1eb&#8221;][vc_column css=&#8221;.vc_custom_1491430017714{padding-top: 30px !important;padding-bottom: 30px !important;}&#8221;][vc_single_image image=&#8221;1171&#8243; img_size=&#8221;full&#8221; alignment=&#8221;center&#8221; el_class=&#8221;outMobile&#8221;][vc_single_image image=&#8221;1166&#8243; img_size=&#8221;270&#215;1154&#8243; alignment=&#8221;center&#8221; el_class=&#8221;inMobile&#8221;][vc_empty_space height=&#8221;22px&#8221;][vc_column_text] \u201cFer la feina de tres-cents i el soroll de tres\u201d \u00e9s la m\u00e0xima que ens permet actuar amb efic\u00e0cia i garantir els millors resultats als&hellip;\" \/>\n<meta property=\"og:url\" content=\"https:\/\/novapracosa.cat\/ca\/\" \/>\n<meta property=\"og:site_name\" content=\"NOVAPRACOSA\" \/>\n<meta property=\"article:modified_time\" content=\"2022-03-08T16:50:49+00:00\" \/>\n<meta name=\"twitter:card\" content=\"summary_large_image\" \/>\n<meta name=\"twitter:label1\" content=\"Est. reading time\" \/>\n\t<meta name=\"twitter:data1\" content=\"3 minutes\" \/>\n<script type=\"application\/ld+json\" class=\"yoast-schema-graph\">{\"@context\":\"https:\/\/schema.org\",\"@graph\":[{\"@type\":\"WebPage\",\"@id\":\"https:\/\/novapracosa.cat\/ca\/\",\"url\":\"https:\/\/novapracosa.cat\/ca\/\",\"name\":\"Inici - NOVAPRACOSA\",\"isPartOf\":{\"@id\":\"https:\/\/novapracosa.cat\/#website\"},\"datePublished\":\"2017-04-04T16:59:35+00:00\",\"dateModified\":\"2022-03-08T16:50:49+00:00\",\"breadcrumb\":{\"@id\":\"https:\/\/novapracosa.cat\/ca\/#breadcrumb\"},\"inLanguage\":\"ca-ES\",\"potentialAction\":[{\"@type\":\"ReadAction\",\"target\":[\"https:\/\/novapracosa.cat\/ca\/\"]}]},{\"@type\":\"BreadcrumbList\",\"@id\":\"https:\/\/novapracosa.cat\/ca\/#breadcrumb\",\"itemListElement\":[{\"@type\":\"ListItem\",\"position\":1,\"name\":\"Portada\",\"item\":\"https:\/\/novapracosa.cat\/ca\/\"},{\"@type\":\"ListItem\",\"position\":2,\"name\":\"Inici\"}]},{\"@type\":\"WebSite\",\"@id\":\"https:\/\/novapracosa.cat\/#website\",\"url\":\"https:\/\/novapracosa.cat\/\",\"name\":\"NOVAPRACOSA\",\"description\":\"Trabajar como 300, hacer el ruido de 3\",\"potentialAction\":[{\"@type\":\"SearchAction\",\"target\":{\"@type\":\"EntryPoint\",\"urlTemplate\":\"https:\/\/novapracosa.cat\/?s={search_term_string}\"},\"query-input\":\"required name=search_term_string\"}],\"inLanguage\":\"ca-ES\"}]}<\/script>\n<!-- \/ Yoast SEO plugin. -->","yoast_head_json":{"title":"Inici - NOVAPRACOSA","robots":{"index":"index","follow":"follow","max-snippet":"max-snippet:-1","max-image-preview":"max-image-preview:large","max-video-preview":"max-video-preview:-1"},"canonical":"https:\/\/novapracosa.cat\/ca\/","og_locale":"ca_ES","og_type":"article","og_title":"Inici - NOVAPRACOSA","og_description":"[vc_row type=&#8221;vc_default&#8221; full_width=&#8221;stretch_row_content_no_spaces&#8221; content_placement=&#8221;middle&#8221; el_class=&#8221;video&#8221; css=&#8221;.vc_custom_1491420381234{margin-top: 0px !important;}&#8221;][vc_column][rev_slider_vc alias=&#8221;video&#8221;][\/vc_column][\/vc_row][vc_row type=&#8221;vc_default&#8221; full_width=&#8221;stretch_row&#8221; content_placement=&#8221;middle&#8221; margin_top=&#8221;30px&#8221; bg_type=&#8221;bg_color&#8221; bg_override=&#8221;ex-full&#8221; bg_color_value=&#8221;#e5f1eb&#8221;][vc_column css=&#8221;.vc_custom_1491430017714{padding-top: 30px !important;padding-bottom: 30px !important;}&#8221;][vc_single_image image=&#8221;1171&#8243; img_size=&#8221;full&#8221; alignment=&#8221;center&#8221; el_class=&#8221;outMobile&#8221;][vc_single_image image=&#8221;1166&#8243; img_size=&#8221;270&#215;1154&#8243; alignment=&#8221;center&#8221; el_class=&#8221;inMobile&#8221;][vc_empty_space height=&#8221;22px&#8221;][vc_column_text] \u201cFer la feina de tres-cents i el soroll de tres\u201d \u00e9s la m\u00e0xima que ens permet actuar amb efic\u00e0cia i garantir els millors resultats als&hellip;","og_url":"https:\/\/novapracosa.cat\/ca\/","og_site_name":"NOVAPRACOSA","article_modified_time":"2022-03-08T16:50:49+00:00","twitter_card":"summary_large_image","twitter_misc":{"Est. reading time":"3 minutes"},"schema":{"@context":"https:\/\/schema.org","@graph":[{"@type":"WebPage","@id":"https:\/\/novapracosa.cat\/ca\/","url":"https:\/\/novapracosa.cat\/ca\/","name":"Inici - NOVAPRACOSA","isPartOf":{"@id":"https:\/\/novapracosa.cat\/#website"},"datePublished":"2017-04-04T16:59:35+00:00","dateModified":"2022-03-08T16:50:49+00:00","breadcrumb":{"@id":"https:\/\/novapracosa.cat\/ca\/#breadcrumb"},"inLanguage":"ca-ES","potentialAction":[{"@type":"ReadAction","target":["https:\/\/novapracosa.cat\/ca\/"]}]},{"@type":"BreadcrumbList","@id":"https:\/\/novapracosa.cat\/ca\/#breadcrumb","itemListElement":[{"@type":"ListItem","position":1,"name":"Portada","item":"https:\/\/novapracosa.cat\/ca\/"},{"@type":"ListItem","position":2,"name":"Inici"}]},{"@type":"WebSite","@id":"https:\/\/novapracosa.cat\/#website","url":"https:\/\/novapracosa.cat\/","name":"NOVAPRACOSA","description":"Trabajar como 300, hacer el ruido de 3","potentialAction":[{"@type":"SearchAction","target":{"@type":"EntryPoint","urlTemplate":"https:\/\/novapracosa.cat\/?s={search_term_string}"},"query-input":"required name=search_term_string"}],"inLanguage":"ca-ES"}]}},"_links":{"self":[{"href":"https:\/\/novapracosa.cat\/ca\/wp-json\/wp\/v2\/pages\/7"}],"collection":[{"href":"https:\/\/novapracosa.cat\/ca\/wp-json\/wp\/v2\/pages"}],"about":[{"href":"https:\/\/novapracosa.cat\/ca\/wp-json\/wp\/v2\/types\/page"}],"author":[{"embeddable":true,"href":"https:\/\/novapracosa.cat\/ca\/wp-json\/wp\/v2\/users\/2"}],"replies":[{"embeddable":true,"href":"https:\/\/novapracosa.cat\/ca\/wp-json\/wp\/v2\/comments?post=7"}],"version-history":[{"count":66,"href":"https:\/\/novapracosa.cat\/ca\/wp-json\/wp\/v2\/pages\/7\/revisions"}],"predecessor-version":[{"id":1360,"href":"https:\/\/novapracosa.cat\/ca\/wp-json\/wp\/v2\/pages\/7\/revisions\/1360"}],"wp:attachment":[{"href":"https:\/\/novapracosa.cat\/ca\/wp-json\/wp\/v2\/media?parent=7"}],"curies":[{"name":"wp","href":"https:\/\/api.w.org\/{rel}","templated":true}]}}