{"id":16,"date":"2017-04-04T19:21:40","date_gmt":"2017-04-04T17:21:40","guid":{"rendered":"http:\/\/novapracosa.es\/nosotros\/"},"modified":"2017-11-28T20:30:58","modified_gmt":"2017-11-28T18:30:58","slug":"nosotros","status":"publish","type":"page","link":"https:\/\/novapracosa.cat\/de\/nosotros\/","title":{"rendered":"Wir \u00fcber uns"},"content":{"rendered":"<p>[vc_row type=&#8220;vc_default&#8220; full_width=&#8220;stretch_row_content_no_spaces&#8220; parallax=&#8220;content-moving&#8220; parallax_speed_bg=&#8220;1.8&#8243; bg_type=&#8220;bg_color&#8220; bg_color_value=&#8220;#e5f1eb&#8220; el_class=&#8220;outMobile&#8220;][vc_column][vc_single_image image=&#8220;1135&#8243; img_size=&#8220;1187\u00d7642&#8243; alignment=&#8220;center&#8220;][\/vc_column][\/vc_row][vc_row type=&#8220;vc_default&#8220; parallax=&#8220;content-moving&#8220; parallax_speed_bg=&#8220;1.8&#8243; el_class=&#8220;outMobile texto&#8220;][vc_column][vc_row_inner][vc_column_inner width=&#8220;1\/4&#8243;][\/vc_column_inner][vc_column_inner width=&#8220;1\/2&#8243;][vc_column_text css=&#8220;.vc_custom_1493577154864{padding-top: 30px !important;padding-right: 30px !important;padding-bottom: 30px !important;padding-left: 30px !important;background-color: #ffffff !important;border-radius: 10px !important;}&#8220;]<\/p>\n<h4 style=\"text-align: center; font-size: 1.6em;\">Heute sind wir echte Steinobst &#8211; Spezialisten:<\/h4>\n<p style=\"text-align: justify;\">Nektarinen, Pfirsiche, Plattpfirsiche, Plattnektarinen und Pflaumen stellen den wichtigsten Teil unseres Angebotes dar. Unsere modernen Verpackungsanlagen erlauben es jeden Tag das von unseren Kunden ben\u00f6tigte Obst zusammenzustellen. Die Logistik ist auch ein wichtiger Aspekt unserer Servicekapazit\u00e4ten. In einer privilegierten geografischen Lage, nur 30 Lkw-Stunden von den europ\u00e4ischen Distributionszentren entfernt, reagieren wir schnell auf die Bed\u00fcrfnisse unserer Kunden.<\/p>\n<p>[\/vc_column_text][\/vc_column_inner][vc_column_inner width=&#8220;1\/4&#8243;][\/vc_column_inner][\/vc_row_inner][\/vc_column][\/vc_row][vc_row type=&#8220;vc_default&#8220; full_width=&#8220;stretch_row_content_no_spaces&#8220; parallax=&#8220;content-moving&#8220; parallax_speed_bg=&#8220;1.8&#8243; bg_type=&#8220;bg_color&#8220; bg_color_value=&#8220;#f2c3b1&#8243; el_class=&#8220;outMobile&#8220;][vc_column][vc_single_image image=&#8220;1120&#8243; img_size=&#8220;1187\u00d7642&#8243; alignment=&#8220;center&#8220;][\/vc_column][\/vc_row][vc_row type=&#8220;vc_default&#8220; full_width=&#8220;stretch_row_content_no_spaces&#8220; parallax=&#8220;content-moving&#8220; parallax_speed_bg=&#8220;1.8&#8243; bg_type=&#8220;bg_color&#8220; bg_color_value=&#8220;#e5f1eb&#8220; el_class=&#8220;inMobile&#8220;][vc_column][vc_single_image image=&#8220;1095&#8243; img_size=&#8220;493\u00d7 1379&#8243; alignment=&#8220;center&#8220;][\/vc_column][\/vc_row][vc_row type=&#8220;vc_default&#8220; parallax=&#8220;content-moving&#8220; parallax_speed_bg=&#8220;1.8&#8243; el_class=&#8220;inMobile&#8220;][vc_column][vc_row_inner][vc_column_inner width=&#8220;1\/4&#8243;][\/vc_column_inner][vc_column_inner width=&#8220;1\/2&#8243;][vc_column_text css=&#8220;.vc_custom_1493577237079{padding-top: 30px !important;padding-right: 30px !important;padding-bottom: 30px !important;padding-left: 30px !important;background-color: #ffffff !important;border-radius: 10px !important;}&#8220;]<\/p>\n<h4 style=\"text-align: center; font-size: 1.4em;\">Heute sind wir echte Steinobst &#8211; Spezialisten:<\/h4>\n<p style=\"text-align: justify;\">Nektarinen, Pfirsiche, Plattpfirsiche, Plattnektarinen und Pflaumen stellen den wichtigsten Teil unseres Angebotes dar. Unsere modernen Verpackungsanlagen erlauben es jeden Tag das von unseren Kunden ben\u00f6tigte Obst zusammenzustellen. Die Logistik ist auch ein wichtiger Aspekt unserer Servicekapazit\u00e4ten. In einer privilegierten geografischen Lage, nur 30 Lkw-Stunden von den europ\u00e4ischen Distributionszentren entfernt, reagieren wir schnell auf die Bed\u00fcrfnisse unserer Kunden.<\/p>\n<p>[\/vc_column_text][\/vc_column_inner][vc_column_inner width=&#8220;1\/4&#8243;][\/vc_column_inner][\/vc_row_inner][\/vc_column][\/vc_row][vc_row type=&#8220;vc_default&#8220; full_width=&#8220;stretch_row_content_no_spaces&#8220; parallax=&#8220;content-moving&#8220; parallax_speed_bg=&#8220;1.8&#8243; bg_type=&#8220;bg_color&#8220; bg_color_value=&#8220;#f2c3b1&#8243; el_class=&#8220;inMobile&#8220;][vc_column][vc_single_image image=&#8220;1075&#8243; img_size=&#8220;493\u00d71379&#8243; alignment=&#8220;center&#8220;][\/vc_column][\/vc_row][vc_row type=&#8220;vc_default&#8220; full_width=&#8220;stretch_row_content_no_spaces&#8220; parallax=&#8220;content-moving&#8220; parallax_image=&#8220;558&#8243; parallax_speed_bg=&#8220;1.8&#8243;][vc_column][vc_raw_html]JTNDZGl2JTIwc3R5bGUlM0QlMjdoZWlnaHQlM0E0MDBweCUyNyUzRSUzQyUyRmRpdiUzRQ==[\/vc_raw_html][\/vc_column][\/vc_row][vc_row type=&#8220;vc_default&#8220; full_width=&#8220;stretch_row&#8220; content_placement=&#8220;middle&#8220; margin_top=&#8220;30px&#8220;][vc_column width=&#8220;1\/6&#8243; css=&#8220;.vc_custom_1491430017714{padding-top: 30px !important;padding-bottom: 30px !important;}&#8220;][\/vc_column][vc_column width=&#8220;2\/3&#8243;][vc_column_text]<\/p>\n<h4 style=\"text-align: center; font-size: 1.8em;\">Mehr als 25 Jahre Dienst<\/h4>\n<p style=\"text-align: justify;\">Die Summe der Produktionsfaktoren, Sorteninnovation, Transformations- und Ern\u00e4hrungssicherheit sind das Ergebnis von mehr als 25 Jahren, die wir erfolgreich auf dem Markt t\u00e4tig sind. Wir sind ein Handelspartner, der Service-Qualit\u00e4t garantiert und auf Spekulation verzichtet. Unsere Philosophie fasst sich in diesem Satz zusammen: \u201cViel Erfolg mit wenig L\u00e4rm\u201d. Unser Motto und der Anreiz effizient zu sein und unseren Lieferanten und Kunden die besten Ergebnisse anbieten zu k\u00f6nnen. Das ist unser Engagement.<\/p>\n<p>[\/vc_column_text][vc_empty_space height=&#8220;18px&#8220;][\/vc_column][vc_column width=&#8220;1\/6&#8243;][\/vc_column][\/vc_row][vc_row type=&#8220;vc_default&#8220; full_width=&#8220;stretch_row_content_no_spaces&#8220; parallax=&#8220;content-moving&#8220; parallax_image=&#8220;1009&#8243; parallax_speed_bg=&#8220;1.8&#8243;][vc_column][vc_raw_html]JTNDZGl2JTIwc3R5bGUlM0QlMjdoZWlnaHQlM0E0MDBweCUyNyUzRSUzQyUyRmRpdiUzRQ==[\/vc_raw_html][\/vc_column][\/vc_row]<\/p>\n","protected":false},"excerpt":{"rendered":"<p>[vc_row type=&#8220;vc_default&#8220; full_width=&#8220;stretch_row_content_no_spaces&#8220; parallax=&#8220;content-moving&#8220; parallax_speed_bg=&#8220;1.8&#8243; bg_type=&#8220;bg_color&#8220; bg_color_value=&#8220;#e5f1eb&#8220; el_class=&#8220;outMobile&#8220;][vc_column][vc_single_image image=&#8220;1135&#8243; img_size=&#8220;1187\u00d7642&#8243; alignment=&#8220;center&#8220;][\/vc_column][\/vc_row][vc_row type=&#8220;vc_default&#8220; parallax=&#8220;content-moving&#8220; parallax_speed_bg=&#8220;1.8&#8243; el_class=&#8220;outMobile texto&#8220;][vc_column][vc_row_inner][vc_column_inner width=&#8220;1\/4&#8243;][\/vc_column_inner][vc_column_inner width=&#8220;1\/2&#8243;][vc_column_text css=&#8220;.vc_custom_1493577154864{padding-top: 30px !important;padding-right: 30px !important;padding-bottom: 30px !important;padding-left: 30px !important;background-color: #ffffff !important;border-radius: 10px !important;}&#8220;] Heute sind wir echte Steinobst &#8211; Spezialisten: Nektarinen, Pfirsiche, Plattpfirsiche, Plattnektarinen und Pflaumen stellen den wichtigsten Teil unseres Angebotes dar. Unsere modernen Verpackungsanlagen erlauben&hellip;<\/p>\n","protected":false},"author":2,"featured_media":0,"parent":0,"menu_order":0,"comment_status":"closed","ping_status":"closed","template":"","meta":[],"yoast_head":"<!-- This site is optimized with the Yoast SEO plugin v22.4 - https:\/\/yoast.com\/wordpress\/plugins\/seo\/ -->\n<title>Wir \u00fcber uns - NOVAPRACOSA<\/title>\n<meta name=\"robots\" content=\"index, follow, max-snippet:-1, max-image-preview:large, max-video-preview:-1\" \/>\n<link rel=\"canonical\" href=\"https:\/\/novapracosa.cat\/de\/nosotros\/\" \/>\n<meta property=\"og:locale\" content=\"de_DE\" \/>\n<meta property=\"og:type\" content=\"article\" \/>\n<meta property=\"og:title\" content=\"Wir \u00fcber uns - NOVAPRACOSA\" \/>\n<meta property=\"og:description\" content=\"[vc_row type=&#8220;vc_default&#8220; full_width=&#8220;stretch_row_content_no_spaces&#8220; parallax=&#8220;content-moving&#8220; parallax_speed_bg=&#8220;1.8&#8243; bg_type=&#8220;bg_color&#8220; bg_color_value=&#8220;#e5f1eb&#8220; el_class=&#8220;outMobile&#8220;][vc_column][vc_single_image image=&#8220;1135&#8243; img_size=&#8220;1187\u00d7642&#8243; alignment=&#8220;center&#8220;][\/vc_column][\/vc_row][vc_row type=&#8220;vc_default&#8220; parallax=&#8220;content-moving&#8220; parallax_speed_bg=&#8220;1.8&#8243; el_class=&#8220;outMobile texto&#8220;][vc_column][vc_row_inner][vc_column_inner width=&#8220;1\/4&#8243;][\/vc_column_inner][vc_column_inner width=&#8220;1\/2&#8243;][vc_column_text css=&#8220;.vc_custom_1493577154864{padding-top: 30px !important;padding-right: 30px !important;padding-bottom: 30px !important;padding-left: 30px !important;background-color: #ffffff !important;border-radius: 10px !important;}&#8220;] Heute sind wir echte Steinobst &#8211; Spezialisten: Nektarinen, Pfirsiche, Plattpfirsiche, Plattnektarinen und Pflaumen stellen den wichtigsten Teil unseres Angebotes dar. Unsere modernen Verpackungsanlagen erlauben&hellip;\" \/>\n<meta property=\"og:url\" content=\"https:\/\/novapracosa.cat\/de\/nosotros\/\" \/>\n<meta property=\"og:site_name\" content=\"NOVAPRACOSA\" \/>\n<meta property=\"article:modified_time\" content=\"2017-11-28T18:30:58+00:00\" \/>\n<meta name=\"twitter:card\" content=\"summary_large_image\" \/>\n<meta name=\"twitter:label1\" content=\"Gesch\u00e4tzte Lesezeit\" \/>\n\t<meta name=\"twitter:data1\" content=\"3\u00a0Minuten\" \/>\n<script type=\"application\/ld+json\" class=\"yoast-schema-graph\">{\"@context\":\"https:\/\/schema.org\",\"@graph\":[{\"@type\":\"WebPage\",\"@id\":\"https:\/\/novapracosa.cat\/de\/nosotros\/\",\"url\":\"https:\/\/novapracosa.cat\/de\/nosotros\/\",\"name\":\"Wir \u00fcber uns - NOVAPRACOSA\",\"isPartOf\":{\"@id\":\"https:\/\/novapracosa.cat\/#website\"},\"datePublished\":\"2017-04-04T17:21:40+00:00\",\"dateModified\":\"2017-11-28T18:30:58+00:00\",\"breadcrumb\":{\"@id\":\"https:\/\/novapracosa.cat\/de\/nosotros\/#breadcrumb\"},\"inLanguage\":\"de\",\"potentialAction\":[{\"@type\":\"ReadAction\",\"target\":[\"https:\/\/novapracosa.cat\/de\/nosotros\/\"]}]},{\"@type\":\"BreadcrumbList\",\"@id\":\"https:\/\/novapracosa.cat\/de\/nosotros\/#breadcrumb\",\"itemListElement\":[{\"@type\":\"ListItem\",\"position\":1,\"name\":\"Portada\",\"item\":\"https:\/\/novapracosa.cat\/de\/\"},{\"@type\":\"ListItem\",\"position\":2,\"name\":\"Wir \u00fcber uns\"}]},{\"@type\":\"WebSite\",\"@id\":\"https:\/\/novapracosa.cat\/#website\",\"url\":\"https:\/\/novapracosa.cat\/\",\"name\":\"NOVAPRACOSA\",\"description\":\"Trabajar como 300, hacer el ruido de 3\",\"potentialAction\":[{\"@type\":\"SearchAction\",\"target\":{\"@type\":\"EntryPoint\",\"urlTemplate\":\"https:\/\/novapracosa.cat\/?s={search_term_string}\"},\"query-input\":\"required name=search_term_string\"}],\"inLanguage\":\"de\"}]}<\/script>\n<!-- \/ Yoast SEO plugin. -->","yoast_head_json":{"title":"Wir \u00fcber uns - NOVAPRACOSA","robots":{"index":"index","follow":"follow","max-snippet":"max-snippet:-1","max-image-preview":"max-image-preview:large","max-video-preview":"max-video-preview:-1"},"canonical":"https:\/\/novapracosa.cat\/de\/nosotros\/","og_locale":"de_DE","og_type":"article","og_title":"Wir \u00fcber uns - NOVAPRACOSA","og_description":"[vc_row type=&#8220;vc_default&#8220; full_width=&#8220;stretch_row_content_no_spaces&#8220; parallax=&#8220;content-moving&#8220; parallax_speed_bg=&#8220;1.8&#8243; bg_type=&#8220;bg_color&#8220; bg_color_value=&#8220;#e5f1eb&#8220; el_class=&#8220;outMobile&#8220;][vc_column][vc_single_image image=&#8220;1135&#8243; img_size=&#8220;1187\u00d7642&#8243; alignment=&#8220;center&#8220;][\/vc_column][\/vc_row][vc_row type=&#8220;vc_default&#8220; parallax=&#8220;content-moving&#8220; parallax_speed_bg=&#8220;1.8&#8243; el_class=&#8220;outMobile texto&#8220;][vc_column][vc_row_inner][vc_column_inner width=&#8220;1\/4&#8243;][\/vc_column_inner][vc_column_inner width=&#8220;1\/2&#8243;][vc_column_text css=&#8220;.vc_custom_1493577154864{padding-top: 30px !important;padding-right: 30px !important;padding-bottom: 30px !important;padding-left: 30px !important;background-color: #ffffff !important;border-radius: 10px !important;}&#8220;] Heute sind wir echte Steinobst &#8211; Spezialisten: Nektarinen, Pfirsiche, Plattpfirsiche, Plattnektarinen und Pflaumen stellen den wichtigsten Teil unseres Angebotes dar. Unsere modernen Verpackungsanlagen erlauben&hellip;","og_url":"https:\/\/novapracosa.cat\/de\/nosotros\/","og_site_name":"NOVAPRACOSA","article_modified_time":"2017-11-28T18:30:58+00:00","twitter_card":"summary_large_image","twitter_misc":{"Gesch\u00e4tzte Lesezeit":"3\u00a0Minuten"},"schema":{"@context":"https:\/\/schema.org","@graph":[{"@type":"WebPage","@id":"https:\/\/novapracosa.cat\/de\/nosotros\/","url":"https:\/\/novapracosa.cat\/de\/nosotros\/","name":"Wir \u00fcber uns - NOVAPRACOSA","isPartOf":{"@id":"https:\/\/novapracosa.cat\/#website"},"datePublished":"2017-04-04T17:21:40+00:00","dateModified":"2017-11-28T18:30:58+00:00","breadcrumb":{"@id":"https:\/\/novapracosa.cat\/de\/nosotros\/#breadcrumb"},"inLanguage":"de","potentialAction":[{"@type":"ReadAction","target":["https:\/\/novapracosa.cat\/de\/nosotros\/"]}]},{"@type":"BreadcrumbList","@id":"https:\/\/novapracosa.cat\/de\/nosotros\/#breadcrumb","itemListElement":[{"@type":"ListItem","position":1,"name":"Portada","item":"https:\/\/novapracosa.cat\/de\/"},{"@type":"ListItem","position":2,"name":"Wir \u00fcber uns"}]},{"@type":"WebSite","@id":"https:\/\/novapracosa.cat\/#website","url":"https:\/\/novapracosa.cat\/","name":"NOVAPRACOSA","description":"Trabajar como 300, hacer el ruido de 3","potentialAction":[{"@type":"SearchAction","target":{"@type":"EntryPoint","urlTemplate":"https:\/\/novapracosa.cat\/?s={search_term_string}"},"query-input":"required name=search_term_string"}],"inLanguage":"de"}]}},"_links":{"self":[{"href":"https:\/\/novapracosa.cat\/de\/wp-json\/wp\/v2\/pages\/16"}],"collection":[{"href":"https:\/\/novapracosa.cat\/de\/wp-json\/wp\/v2\/pages"}],"about":[{"href":"https:\/\/novapracosa.cat\/de\/wp-json\/wp\/v2\/types\/page"}],"author":[{"embeddable":true,"href":"https:\/\/novapracosa.cat\/de\/wp-json\/wp\/v2\/users\/2"}],"replies":[{"embeddable":true,"href":"https:\/\/novapracosa.cat\/de\/wp-json\/wp\/v2\/comments?post=16"}],"version-history":[{"count":23,"href":"https:\/\/novapracosa.cat\/de\/wp-json\/wp\/v2\/pages\/16\/revisions"}],"predecessor-version":[{"id":1274,"href":"https:\/\/novapracosa.cat\/de\/wp-json\/wp\/v2\/pages\/16\/revisions\/1274"}],"wp:attachment":[{"href":"https:\/\/novapracosa.cat\/de\/wp-json\/wp\/v2\/media?parent=16"}],"curies":[{"name":"wp","href":"https:\/\/api.w.org\/{rel}","templated":true}]}}