{"id":22,"date":"2017-04-04T19:22:39","date_gmt":"2017-04-04T17:22:39","guid":{"rendered":"http:\/\/novapracosa.es\/objetivos\/"},"modified":"2024-04-05T11:33:12","modified_gmt":"2024-04-05T09:33:12","slug":"objetivos","status":"publish","type":"page","link":"https:\/\/novapracosa.cat\/de\/objetivos\/","title":{"rendered":"Ziele"},"content":{"rendered":"<p>[vc_row type=&#8220;vc_default&#8220;][vc_column width=&#8220;1\/6&#8243;][\/vc_column][vc_column width=&#8220;2\/3&#8243;][vc_empty_space height=&#8220;20px&#8220;][vc_column_text]<\/p>\n<h2 style=\"text-align: center;\">Unsere ziele<\/h2>\n<p style=\"text-align: justify; font-family: Merriweather; font-size: 14px; font-weight: 100;\">Wir k\u00fcmmern uns detailliert um die Beziehung zu jedem Kunden und jedem Lieferanten. Deshalb fordern wir uns jeden Tag neu bei der Erf\u00fcllung unserer Ziele heraus: die Qualit\u00e4tsicherung unserer Produkte, ein effizienter Service, Nachhaltigkeit in jeder Prozessphase und die Gew\u00e4hrleistung der Lebensmittelsicherheit.<\/p>\n<p>[\/vc_column_text][\/vc_column][vc_column width=&#8220;1\/6&#8243;][\/vc_column][\/vc_row][vc_row type=&#8220;vc_default&#8220; full_width=&#8220;stretch_row&#8220; parallax=&#8220;content-moving&#8220; parallax_image=&#8220;704&#8243; parallax_speed_bg=&#8220;1.8&#8243;][vc_column][vc_empty_space][vc_row_inner][vc_column_inner width=&#8220;1\/6&#8243;][\/vc_column_inner][vc_column_inner width=&#8220;2\/3&#8243;][vc_single_image image=&#8220;376&#8243; img_size=&#8220;129\u00d7107&#8243; alignment=&#8220;center&#8220;][vc_column_text]<\/p>\n<h2 style=\"text-align: center; color: #fff;\">Qualit\u00e4t<\/h2>\n<p style=\"text-align: justify; font-family: Merriweather; font-size: 16px; font-weight: 100; color: #fff;\">Qualit\u00e4t ist ein Markenzeichen von Novapracosa und wir scheuen keine Anstrengung, um die Messlatte hoch zu halten. Unsere Erzeugnisse und Lieferanten verf\u00fcgen \u00fcber die entsprechenden Zertifikate und erf\u00fcllen anspruchsvolle Qualit\u00e4tsstandards. Unser gesamtes Produktangebot wird entsprechend der GLOBALG.A.P. -Standards erzeugt, damit wir weiter an der Qualit\u00e4tsverbesserung unserer Fr\u00fcchte arbeiten und uns in bester Weise den Bed\u00fcrfnissen unserer Kunden anpassen k\u00f6nnen.<\/p>\n<p>[\/vc_column_text][\/vc_column_inner][vc_column_inner width=&#8220;1\/6&#8243;][\/vc_column_inner][\/vc_row_inner][vc_empty_space][\/vc_column][\/vc_row][vc_row type=&#8220;vc_default&#8220; full_width=&#8220;stretch_row_content_no_spaces&#8220; equal_height=&#8220;yes&#8220; content_placement=&#8220;middle&#8220; el_class=&#8220;backleft&#8220;][vc_column width=&#8220;1\/2&#8243; css=&#8220;.vc_custom_1491582681291{background-position: 0 0 !important;background-repeat: no-repeat !important;}&#8220;][vc_empty_space height=&#8220;62px&#8220; el_class=&#8220;outmobile&#8220;][vc_single_image image=&#8220;698&#8243; img_size=&#8220;1286\u00d7455&#8243; alignment=&#8220;right&#8220;][\/vc_column][vc_column width=&#8220;1\/2&#8243;][vc_row_inner el_class=&#8220;anchura derecha&#8220; css=&#8220;.vc_custom_1491584378143{margin-left: 50px !important;}&#8220;][vc_column_inner][vc_single_image image=&#8220;381&#8243; img_size=&#8220;129\u00d7107&#8243;][vc_column_text el_class=&#8220;servicio&#8220;]<\/p>\n<h2 style=\"text-align: left;\">Service<\/h2>\n<p style=\"text-align: left; font-family: Merriweather; font-size: 14px; font-weight: 100;\">Aufgrund unserer langj\u00e4hrigen Erfahrung ist Novapracosa ein Partner, auf den Sie vertrauen k\u00f6nnen. Vom Anbau bis zur Auslieferung achten wir 100% auf alle Anforderungen unserer Kunden, die jeden Schritt des Prozesses verfolgen und jederzeit Informationen erhalten k\u00f6nnen. Dar\u00fcber hinaus passen wir uns den spezifischen Anforderungen des jeweiligen Kunden an. Wir m\u00f6chten Ihnen den Service bieten, den Sie verdienen: Wir haben das Wissen, verf\u00fcgen \u00fcber die Professionalit\u00e4t, die Effizienz und volle Transparenz, um eine gute Kundenbeziehung und einen noch besseren Service zu gew\u00e4hrleisten.<\/p>\n<p>[\/vc_column_text][vc_empty_space height=&#8220;62px&#8220; el_class=&#8220;outmobile&#8220;][\/vc_column_inner][\/vc_row_inner][\/vc_column][\/vc_row][vc_row][vc_column][vc_empty_space][\/vc_column][\/vc_row][vc_row type=&#8220;vc_default&#8220; full_width=&#8220;stretch_row&#8220; parallax=&#8220;content-moving&#8220; parallax_image=&#8220;699&#8243; parallax_speed_bg=&#8220;1.8&#8243;][vc_column][vc_empty_space][vc_row_inner][vc_column_inner width=&#8220;1\/6&#8243;][\/vc_column_inner][vc_column_inner width=&#8220;2\/3&#8243;][vc_single_image image=&#8220;371&#8243; img_size=&#8220;129\u00d7107&#8243; alignment=&#8220;center&#8220;][vc_column_text]<\/p>\n<h2 style=\"text-align: center; color: #fff;\">Nachhaltigkeit<\/h2>\n<p style=\"text-align: justify; font-family: Merriweather; font-size: 16px; font-weight: 100; color: #fff;\">Die Qualit\u00e4t der einzelnen Produkte liegt zweifelsohne in der Nachhaltigkeit. Es ist ein nicht mehr wegzudenkender Bestandteil unserer Produktion und unseres Stils. Wir legen in der gesamten Kette h\u00f6chsten Wert auf Nachhaltigkeit. Wir sorgen daf\u00fcr, dass unser Anbau so respektvoll, nachhaltig und wirtschaftlich wie m\u00f6glich mit der Energie umgeht. Wir wenden das \u201elocal-to-local\u201c Konzept an, was heisst, dass Anbau und Fruchtverarbeitung in einem nahe gelegenen Umkreis ablaufen. Sowohl in wirtschaftlicher als auch in \u00f6kologischer und sozialer Hinsicht ist Nachhaltigkeit als Markenversprechen f\u00fcr uns verpflichtend.<\/p>\n<p>[\/vc_column_text][\/vc_column_inner][vc_column_inner width=&#8220;1\/6&#8243;][\/vc_column_inner][\/vc_row_inner][vc_empty_space][\/vc_column][\/vc_row][vc_row type=&#8220;vc_default&#8220; full_width=&#8220;stretch_row_content_no_spaces&#8220; equal_height=&#8220;yes&#8220; content_placement=&#8220;middle&#8220; el_class=&#8220;backleft&#8220;][vc_column width=&#8220;1\/2&#8243; css=&#8220;.vc_custom_1491582681291{background-position: 0 0 !important;background-repeat: no-repeat !important;}&#8220;][vc_row_inner el_class=&#8220;anchura izquierda&#8220; css=&#8220;.vc_custom_1491584388976{margin-right: 50px !important;}&#8220;][vc_column_inner][vc_single_image image=&#8220;396&#8243; img_size=&#8220;129\u00d7107&#8243;][vc_column_text]<\/p>\n<h2 style=\"text-align: left;\">Lebensmittelsicherheit (Food Safety)<\/h2>\n<p style=\"text-align: left; font-family: Merriweather; font-size: 14px; font-weight: 100;\">Sie ist einer der Eckpfeiler unseres Produktangebots. Eine Garantie f\u00fcr unser t\u00e4gliches Engagement: Wir arbeiten mit frischen Produkten und das verlangt ganz bestimmte Anforderungen. Neben der GLOBALG.A.P. -Zertifizierung in allen unseren Produktions und Packstationen haben wir die IFS, BRC und GRASP-Zertifizierungen. Unsere Techniker f\u00fchren eine intensive und st\u00e4ndige \u00dcberwachung unserer Produktionen f\u00fcr eine perfekte Anpassung der Anforderungen an die Lebensmittelsicherheit vornehmen, die der europ\u00e4ische Verbraucher fordert.<\/p>\n<p>[\/vc_column_text][vc_empty_space height=&#8220;62px&#8220; el_class=&#8220;outmobile&#8220;][\/vc_column_inner][\/vc_row_inner][\/vc_column][vc_column width=&#8220;1\/2&#8243;][vc_empty_space height=&#8220;62px&#8220; el_class=&#8220;outmobile&#8220;][vc_single_image image=&#8220;693&#8243; img_size=&#8220;1286\u00d7455&#8243;][\/vc_column][\/vc_row]<\/p>\n","protected":false},"excerpt":{"rendered":"<p>[vc_row type=&#8220;vc_default&#8220;][vc_column width=&#8220;1\/6&#8243;][\/vc_column][vc_column width=&#8220;2\/3&#8243;][vc_empty_space height=&#8220;20px&#8220;][vc_column_text] Unsere ziele Wir k\u00fcmmern uns detailliert um die Beziehung zu jedem Kunden und jedem Lieferanten. Deshalb fordern wir uns jeden Tag neu bei der Erf\u00fcllung unserer Ziele heraus: die Qualit\u00e4tsicherung unserer Produkte, ein effizienter Service, Nachhaltigkeit in jeder Prozessphase und die Gew\u00e4hrleistung der Lebensmittelsicherheit. [\/vc_column_text][\/vc_column][vc_column width=&#8220;1\/6&#8243;][\/vc_column][\/vc_row][vc_row type=&#8220;vc_default&#8220; full_width=&#8220;stretch_row&#8220; parallax=&#8220;content-moving&#8220; parallax_image=&#8220;704&#8243;&hellip;<\/p>\n","protected":false},"author":2,"featured_media":0,"parent":0,"menu_order":0,"comment_status":"closed","ping_status":"closed","template":"","meta":[],"yoast_head":"<!-- This site is optimized with the Yoast SEO plugin v22.4 - https:\/\/yoast.com\/wordpress\/plugins\/seo\/ -->\n<title>Ziele - NOVAPRACOSA<\/title>\n<meta name=\"robots\" content=\"index, follow, max-snippet:-1, max-image-preview:large, max-video-preview:-1\" \/>\n<link rel=\"canonical\" href=\"https:\/\/novapracosa.cat\/de\/objetivos\/\" \/>\n<meta property=\"og:locale\" content=\"de_DE\" \/>\n<meta property=\"og:type\" content=\"article\" \/>\n<meta property=\"og:title\" content=\"Ziele - NOVAPRACOSA\" \/>\n<meta property=\"og:description\" content=\"[vc_row type=&#8220;vc_default&#8220;][vc_column width=&#8220;1\/6&#8243;][\/vc_column][vc_column width=&#8220;2\/3&#8243;][vc_empty_space height=&#8220;20px&#8220;][vc_column_text] Unsere ziele Wir k\u00fcmmern uns detailliert um die Beziehung zu jedem Kunden und jedem Lieferanten. Deshalb fordern wir uns jeden Tag neu bei der Erf\u00fcllung unserer Ziele heraus: die Qualit\u00e4tsicherung unserer Produkte, ein effizienter Service, Nachhaltigkeit in jeder Prozessphase und die Gew\u00e4hrleistung der Lebensmittelsicherheit. [\/vc_column_text][\/vc_column][vc_column width=&#8220;1\/6&#8243;][\/vc_column][\/vc_row][vc_row type=&#8220;vc_default&#8220; full_width=&#8220;stretch_row&#8220; parallax=&#8220;content-moving&#8220; parallax_image=&#8220;704&#8243;&hellip;\" \/>\n<meta property=\"og:url\" content=\"https:\/\/novapracosa.cat\/de\/objetivos\/\" \/>\n<meta property=\"og:site_name\" content=\"NOVAPRACOSA\" \/>\n<meta property=\"article:modified_time\" content=\"2024-04-05T09:33:12+00:00\" \/>\n<meta name=\"twitter:card\" content=\"summary_large_image\" \/>\n<meta name=\"twitter:label1\" content=\"Gesch\u00e4tzte Lesezeit\" \/>\n\t<meta name=\"twitter:data1\" content=\"4\u00a0Minuten\" \/>\n<script type=\"application\/ld+json\" class=\"yoast-schema-graph\">{\"@context\":\"https:\/\/schema.org\",\"@graph\":[{\"@type\":\"WebPage\",\"@id\":\"https:\/\/novapracosa.cat\/de\/objetivos\/\",\"url\":\"https:\/\/novapracosa.cat\/de\/objetivos\/\",\"name\":\"Ziele - NOVAPRACOSA\",\"isPartOf\":{\"@id\":\"https:\/\/novapracosa.cat\/#website\"},\"datePublished\":\"2017-04-04T17:22:39+00:00\",\"dateModified\":\"2024-04-05T09:33:12+00:00\",\"breadcrumb\":{\"@id\":\"https:\/\/novapracosa.cat\/de\/objetivos\/#breadcrumb\"},\"inLanguage\":\"de\",\"potentialAction\":[{\"@type\":\"ReadAction\",\"target\":[\"https:\/\/novapracosa.cat\/de\/objetivos\/\"]}]},{\"@type\":\"BreadcrumbList\",\"@id\":\"https:\/\/novapracosa.cat\/de\/objetivos\/#breadcrumb\",\"itemListElement\":[{\"@type\":\"ListItem\",\"position\":1,\"name\":\"Portada\",\"item\":\"https:\/\/novapracosa.cat\/de\/\"},{\"@type\":\"ListItem\",\"position\":2,\"name\":\"Ziele\"}]},{\"@type\":\"WebSite\",\"@id\":\"https:\/\/novapracosa.cat\/#website\",\"url\":\"https:\/\/novapracosa.cat\/\",\"name\":\"NOVAPRACOSA\",\"description\":\"Trabajar como 300, hacer el ruido de 3\",\"potentialAction\":[{\"@type\":\"SearchAction\",\"target\":{\"@type\":\"EntryPoint\",\"urlTemplate\":\"https:\/\/novapracosa.cat\/?s={search_term_string}\"},\"query-input\":\"required name=search_term_string\"}],\"inLanguage\":\"de\"}]}<\/script>\n<!-- \/ Yoast SEO plugin. -->","yoast_head_json":{"title":"Ziele - NOVAPRACOSA","robots":{"index":"index","follow":"follow","max-snippet":"max-snippet:-1","max-image-preview":"max-image-preview:large","max-video-preview":"max-video-preview:-1"},"canonical":"https:\/\/novapracosa.cat\/de\/objetivos\/","og_locale":"de_DE","og_type":"article","og_title":"Ziele - NOVAPRACOSA","og_description":"[vc_row type=&#8220;vc_default&#8220;][vc_column width=&#8220;1\/6&#8243;][\/vc_column][vc_column width=&#8220;2\/3&#8243;][vc_empty_space height=&#8220;20px&#8220;][vc_column_text] Unsere ziele Wir k\u00fcmmern uns detailliert um die Beziehung zu jedem Kunden und jedem Lieferanten. Deshalb fordern wir uns jeden Tag neu bei der Erf\u00fcllung unserer Ziele heraus: die Qualit\u00e4tsicherung unserer Produkte, ein effizienter Service, Nachhaltigkeit in jeder Prozessphase und die Gew\u00e4hrleistung der Lebensmittelsicherheit. [\/vc_column_text][\/vc_column][vc_column width=&#8220;1\/6&#8243;][\/vc_column][\/vc_row][vc_row type=&#8220;vc_default&#8220; full_width=&#8220;stretch_row&#8220; parallax=&#8220;content-moving&#8220; parallax_image=&#8220;704&#8243;&hellip;","og_url":"https:\/\/novapracosa.cat\/de\/objetivos\/","og_site_name":"NOVAPRACOSA","article_modified_time":"2024-04-05T09:33:12+00:00","twitter_card":"summary_large_image","twitter_misc":{"Gesch\u00e4tzte Lesezeit":"4\u00a0Minuten"},"schema":{"@context":"https:\/\/schema.org","@graph":[{"@type":"WebPage","@id":"https:\/\/novapracosa.cat\/de\/objetivos\/","url":"https:\/\/novapracosa.cat\/de\/objetivos\/","name":"Ziele - NOVAPRACOSA","isPartOf":{"@id":"https:\/\/novapracosa.cat\/#website"},"datePublished":"2017-04-04T17:22:39+00:00","dateModified":"2024-04-05T09:33:12+00:00","breadcrumb":{"@id":"https:\/\/novapracosa.cat\/de\/objetivos\/#breadcrumb"},"inLanguage":"de","potentialAction":[{"@type":"ReadAction","target":["https:\/\/novapracosa.cat\/de\/objetivos\/"]}]},{"@type":"BreadcrumbList","@id":"https:\/\/novapracosa.cat\/de\/objetivos\/#breadcrumb","itemListElement":[{"@type":"ListItem","position":1,"name":"Portada","item":"https:\/\/novapracosa.cat\/de\/"},{"@type":"ListItem","position":2,"name":"Ziele"}]},{"@type":"WebSite","@id":"https:\/\/novapracosa.cat\/#website","url":"https:\/\/novapracosa.cat\/","name":"NOVAPRACOSA","description":"Trabajar como 300, hacer el ruido de 3","potentialAction":[{"@type":"SearchAction","target":{"@type":"EntryPoint","urlTemplate":"https:\/\/novapracosa.cat\/?s={search_term_string}"},"query-input":"required name=search_term_string"}],"inLanguage":"de"}]}},"_links":{"self":[{"href":"https:\/\/novapracosa.cat\/de\/wp-json\/wp\/v2\/pages\/22"}],"collection":[{"href":"https:\/\/novapracosa.cat\/de\/wp-json\/wp\/v2\/pages"}],"about":[{"href":"https:\/\/novapracosa.cat\/de\/wp-json\/wp\/v2\/types\/page"}],"author":[{"embeddable":true,"href":"https:\/\/novapracosa.cat\/de\/wp-json\/wp\/v2\/users\/2"}],"replies":[{"embeddable":true,"href":"https:\/\/novapracosa.cat\/de\/wp-json\/wp\/v2\/comments?post=22"}],"version-history":[{"count":29,"href":"https:\/\/novapracosa.cat\/de\/wp-json\/wp\/v2\/pages\/22\/revisions"}],"predecessor-version":[{"id":1386,"href":"https:\/\/novapracosa.cat\/de\/wp-json\/wp\/v2\/pages\/22\/revisions\/1386"}],"wp:attachment":[{"href":"https:\/\/novapracosa.cat\/de\/wp-json\/wp\/v2\/media?parent=22"}],"curies":[{"name":"wp","href":"https:\/\/api.w.org\/{rel}","templated":true}]}}