{"id":28,"date":"2017-04-04T19:23:41","date_gmt":"2017-04-04T17:23:41","guid":{"rendered":"http:\/\/novapracosa.es\/productos\/"},"modified":"2017-05-17T20:22:29","modified_gmt":"2017-05-17T18:22:29","slug":"productos","status":"publish","type":"page","link":"https:\/\/novapracosa.cat\/de\/productos\/","title":{"rendered":"Produkte"},"content":{"rendered":"<p>[vc_row type=&#8220;vc_default&#8220;][vc_column width=&#8220;1\/6&#8243;][\/vc_column][vc_column width=&#8220;2\/3&#8243;][vc_empty_space height=&#8220;20px&#8220;][vc_column_text]<\/p>\n<h2 style=\"text-align: center;\">Unsere produkte<\/h2>\n<p style=\"text-align: justify; font-family: Merriweather; font-size: 14px; font-weight: 100;\">Wir produzieren und vermarkten Steinobst mit einer kontinuierlichen Versorgungkapazit\u00e4t von der 23. bis zur 40. Woche. Die Sorteninnovation, bessere Anbaumethoden und die Ma\u00dfnahmen f\u00fcr ein gesundes Produkt, sowie die Erf\u00fcllung der Lebensmittelsicherheit sind drei S\u00e4ulen unserer Produktion.<\/p>\n<p>[\/vc_column_text][\/vc_column][vc_column width=&#8220;1\/6&#8243;][\/vc_column][\/vc_row][vc_row type=&#8220;vc_default&#8220; full_width=&#8220;stretch_row_content_no_spaces&#8220; parallax=&#8220;content-moving&#8220; parallax_image=&#8220;860&#8243; parallax_speed_bg=&#8220;1.6&#8243;][vc_column][vc_raw_html]JTNDZGl2JTIwc3R5bGUlM0QlMjdoZWlnaHQlM0E0MDBweCUyNyUzRSUzQyUyRmRpdiUzRQ==[\/vc_raw_html][\/vc_column][\/vc_row][vc_row el_class=&#8220;delante&#8220;][vc_column][vc_column_text css=&#8220;.vc_custom_1493638291282{margin-bottom: -12px !important;}&#8220;]<\/p>\n<h1 style=\"text-align: left;\">Nectarine<\/h1>\n<p>[\/vc_column_text][\/vc_column][\/vc_row][vc_row type=&#8220;vc_default&#8220; full_width=&#8220;stretch_row_content&#8220; el_class=&#8220;no-paddings&#8220;][vc_column][vc_raw_html]JTNDZGl2JTIwc3R5bGUlM0QlMjdiYWNrZ3JvdW5kLWNvbG9yJTNBJTIzZGEyZTI3JTNCJTIwaGVpZ2h0JTNBOHB4JTNCJTI3JTNFJTNDJTJGZGl2JTNF[\/vc_raw_html][\/vc_column][\/vc_row][vc_row][vc_column width=&#8220;1\/3&#8243;][vc_single_image image=&#8220;855&#8243; img_size=&#8220;432\u00d7380&#8243; alignment=&#8220;center&#8220;][\/vc_column][vc_column width=&#8220;1\/3&#8243;][vc_column_text]<\/p>\n<h4 style=\"font-size: 1.9em; color: #da2e27; margin-bottom: 0;\">17M kg\/jahr<\/h4>\n<h4 style=\"font-size: 2em; color: #000; font-weight: 100; margin-top: 10px;\">JUN-SET<\/h4>\n<p class=\"p1\">Mit einem 4<span class=\"Apple-converted-space\">\u00a0 <\/span>Monate dauernden Angebot verkaufen wir rund 17 Mio. kg Nektarinen mit gelbem Fruchtfleisch. Die schrittweise Einf\u00fchrung neuer Sorten garantiert ein Produkt mit \u00e4hnlichen Geschmackseigenschaften w\u00e4hrend des gesamten Sommers.<\/p>\n<p>[\/vc_column_text][\/vc_column][vc_column width=&#8220;1\/3&#8243;][vc_single_image image=&#8220;825&#8243; img_size=&#8220;437\u00d7392&#8243; alignment=&#8220;center&#8220;][\/vc_column][\/vc_row][vc_row el_class=&#8220;delante&#8220;][vc_column][vc_column_text css=&#8220;.vc_custom_1493638323242{margin-bottom: -12px !important;}&#8220;]<\/p>\n<h1 style=\"text-align: left;\">Pfirsich<\/h1>\n<p>[\/vc_column_text][\/vc_column][\/vc_row][vc_row type=&#8220;vc_default&#8220; full_width=&#8220;stretch_row_content&#8220; el_class=&#8220;no-paddings&#8220;][vc_column][vc_raw_html]JTNDZGl2JTIwc3R5bGUlM0QlMjdiYWNrZ3JvdW5kLWNvbG9yJTNBJTIzZjg2NzFjJTNCJTIwaGVpZ2h0JTNBOHB4JTNCJTI3JTNFJTNDJTJGZGl2JTNF[\/vc_raw_html][\/vc_column][\/vc_row][vc_row][vc_column width=&#8220;1\/3&#8243;][vc_single_image image=&#8220;850&#8243; img_size=&#8220;432\u00d7380&#8243; alignment=&#8220;center&#8220;][\/vc_column][vc_column width=&#8220;1\/3&#8243;][vc_column_text]<\/p>\n<h4 style=\"font-size: 1.9em; color: #f8671c; margin-bottom: 0;\">10M kg\/jahr<\/h4>\n<h4 style=\"font-size: 2em; color: #000; font-weight: 100; margin-top: 10px;\">JUN-SET<\/h4>\n<p class=\"p1\">Mit einem 4<span class=\"Apple-converted-space\">\u00a0 <\/span>Monate dauernden Angebot verkaufen wir rund 10 Mio. kg Pfirsiche mit gelbem Fruchtfleisch. Die schrittweise Einf\u00fchrung neuer Sorten garantiert ein Produkt mit \u00e4hnlichen Geschmackseigenschaften w\u00e4hrend des gesamten Sommers.<\/p>\n<p>[\/vc_column_text][\/vc_column][vc_column width=&#8220;1\/3&#8243;][vc_single_image image=&#8220;820&#8243; img_size=&#8220;437\u00d7392&#8243; alignment=&#8220;center&#8220;][\/vc_column][\/vc_row][vc_row el_class=&#8220;delante&#8220;][vc_column][vc_column_text css=&#8220;.vc_custom_1493638373856{margin-bottom: -12px !important;}&#8220;]<\/p>\n<h1 style=\"text-align: left;\">Plattpfirsich<\/h1>\n<p>[\/vc_column_text][\/vc_column][\/vc_row][vc_row type=&#8220;vc_default&#8220; full_width=&#8220;stretch_row_content&#8220; el_class=&#8220;no-paddings&#8220;][vc_column][vc_raw_html]JTNDZGl2JTIwc3R5bGUlM0QlMjdiYWNrZ3JvdW5kLWNvbG9yJTNBJTIzZjE5Mjg0JTNCJTIwaGVpZ2h0JTNBOHB4JTNCJTI3JTNFJTNDJTJGZGl2JTNF[\/vc_raw_html][\/vc_column][\/vc_row][vc_row][vc_column width=&#8220;1\/3&#8243;][vc_single_image image=&#8220;845&#8243; img_size=&#8220;432\u00d7380&#8243; alignment=&#8220;center&#8220;][\/vc_column][vc_column width=&#8220;1\/3&#8243;][vc_column_text]<\/p>\n<h4 style=\"font-size: 1.9em; color: #f19284; margin-bottom: 0;\">15M kg\/jahr<\/h4>\n<h4 style=\"font-size: 2em; color: #000; font-weight: 100; margin-top: 10px;\">JUN-SET<\/h4>\n<p class=\"p1\">Ein hervorstechendes Merkmal ist, wie einfach er zu essen ist, und sein charakteristischer s\u00fc\u00dfer und erfrischender Geschmack. Wir verkaufen rund 15 Millionen Kilo und k\u00f6nnen Lieferungen zwischen der 26. und 35. Woche garantieren, d.h. f\u00fcr mehr als zwei Monate.<\/p>\n<p>[\/vc_column_text][\/vc_column][vc_column width=&#8220;1\/3&#8243;][vc_single_image image=&#8220;815&#8243; img_size=&#8220;437\u00d7392&#8243; alignment=&#8220;center&#8220;][\/vc_column][\/vc_row][vc_row el_class=&#8220;delante&#8220;][vc_column][vc_column_text css=&#8220;.vc_custom_1493638404446{margin-bottom: -12px !important;}&#8220;]<\/p>\n<h1 style=\"text-align: left;\">Plattnektarine<\/h1>\n<p>[\/vc_column_text][\/vc_column][\/vc_row][vc_row type=&#8220;vc_default&#8220; full_width=&#8220;stretch_row_content&#8220; el_class=&#8220;no-paddings&#8220;][vc_column][vc_raw_html]JTNDZGl2JTIwc3R5bGUlM0QlMjdiYWNrZ3JvdW5kLWNvbG9yJTNBJTIzZjA3MTUwJTNCJTIwaGVpZ2h0JTNBOHB4JTNCJTI3JTNFJTNDJTJGZGl2JTNF[\/vc_raw_html][\/vc_column][\/vc_row][vc_row][vc_column width=&#8220;1\/3&#8243;][vc_single_image image=&#8220;840&#8243; img_size=&#8220;432\u00d7380&#8243; alignment=&#8220;center&#8220;][\/vc_column][vc_column width=&#8220;1\/3&#8243;][vc_column_text]<\/p>\n<h4 style=\"font-size: 1.9em; color: #f07150; margin-bottom: 0;\">1M kg\/jahr<\/h4>\n<h4 style=\"font-size: 2em; color: #000; font-weight: 100; margin-top: 10px;\">JUN-AGO<\/h4>\n<p class=\"p1\">S\u00fc\u00df und aromatisch, mit festem und saftigem Fruchtfleisch, hat sie eine sch\u00f6ne Textur am Gaumen. Aufgrund ihrer geringen Gr\u00f6\u00dfe und ihrer zarten und gl\u00e4nzenden Haut, kommt sie sehr gut beim Verbraucher an. Ihre Pr\u00e4senz in unseren M\u00e4rkten ist relativ neu. Zwischen der 26. und 35. Kalenderwoche verkaufen wir rund eine Million Kilo.<\/p>\n<p>[\/vc_column_text][\/vc_column][vc_column width=&#8220;1\/3&#8243;][vc_single_image image=&#8220;810&#8243; img_size=&#8220;437\u00d7392&#8243; alignment=&#8220;center&#8220;][\/vc_column][\/vc_row][vc_row el_class=&#8220;delante&#8220;][vc_column][vc_column_text css=&#8220;.vc_custom_1493638435383{margin-bottom: -12px !important;}&#8220;]<\/p>\n<h1 style=\"text-align: left;\">Pflaume<\/h1>\n<p>[\/vc_column_text][\/vc_column][\/vc_row][vc_row type=&#8220;vc_default&#8220; full_width=&#8220;stretch_row_content&#8220; el_class=&#8220;no-paddings&#8220;][vc_column][vc_raw_html]JTNDZGl2JTIwc3R5bGUlM0QlMjdiYWNrZ3JvdW5kLWNvbG9yJTNBJTIzNWIwNzM1JTNCJTIwaGVpZ2h0JTNBOHB4JTNCJTI3JTNFJTNDJTJGZGl2JTNF[\/vc_raw_html][\/vc_column][\/vc_row][vc_row][vc_column width=&#8220;1\/3&#8243;][vc_single_image image=&#8220;835&#8243; img_size=&#8220;432\u00d7380&#8243; alignment=&#8220;center&#8220;][\/vc_column][vc_column width=&#8220;1\/3&#8243;][vc_column_text]<\/p>\n<h4 style=\"font-size: 1.9em; color: #5b0735; margin-bottom: 0;\">4M kg\/jahr<\/h4>\n<h4 style=\"font-size: 2em; color: #000; font-weight: 100; margin-top: 10px;\">JUL-OCT<\/h4>\n<p class=\"p1\">Unsere Pflaumen werden in der Extremadura angebaut, wo sich die gr\u00f6\u00dfte Anbaufl\u00e4che von Spanien befindet. Dieses Produkt ist von grundlegender Bedeutung f\u00fcr unser Angebot bei Steinobst, und erg\u00e4nzt in perfekter Weise unser Angebot. Unsere kontinuierliche Versorgung gew\u00e4hrleistet eine konstante Pr\u00e4senz auf dem Markt unserer Kunden.<\/p>\n<p>[\/vc_column_text][\/vc_column][vc_column width=&#8220;1\/3&#8243;][vc_single_image image=&#8220;805&#8243; img_size=&#8220;437\u00d7392&#8243; alignment=&#8220;center&#8220;][\/vc_column][\/vc_row][vc_row el_class=&#8220;delante&#8220;][vc_column][vc_column_text css=&#8220;.vc_custom_1493638466084{margin-bottom: -12px !important;}&#8220;]<\/p>\n<h1 style=\"text-align: left;\">Aprikose<\/h1>\n<p>[\/vc_column_text][\/vc_column][\/vc_row][vc_row type=&#8220;vc_default&#8220; full_width=&#8220;stretch_row_content&#8220; el_class=&#8220;no-paddings&#8220;][vc_column][vc_raw_html]JTNDZGl2JTIwc3R5bGUlM0QlMjdiYWNrZ3JvdW5kLWNvbG9yJTNBJTIzZjg5YzFjJTNCJTIwaGVpZ2h0JTNBOHB4JTNCJTI3JTNFJTNDJTJGZGl2JTNF[\/vc_raw_html][\/vc_column][\/vc_row][vc_row][vc_column width=&#8220;1\/3&#8243;][vc_single_image image=&#8220;830&#8243; img_size=&#8220;432\u00d7380&#8243; alignment=&#8220;center&#8220;][\/vc_column][vc_column width=&#8220;1\/3&#8243;][vc_column_text]<\/p>\n<h4 style=\"font-size: 1.9em; color: #f89c1c; margin-bottom: 0;\">1M kg\/jahr<\/h4>\n<h4 style=\"font-size: 2em; color: #000; font-weight: 100; margin-top: 10px;\">JUN-AGO<\/h4>\n<p class=\"p1\">In den letzten Jahren haben wir verst\u00e4rkt Wert gelegt auf neue Aprikosensorten, die auf den internationalen M\u00e4rkten nun Bekanntheit gewonnen haben. Wir verkaufen rund eine Million Kilo Aprikosen pro Saison, der Schwerpunkt liegt in der 25. bis 33. Kalenderwoche, also etwas mehr als zwei Monate, in denen wir die Versorgung garantieren.<\/p>\n<p>[\/vc_column_text][\/vc_column][vc_column width=&#8220;1\/3&#8243;][vc_single_image image=&#8220;800&#8243; img_size=&#8220;437\u00d7392&#8243; alignment=&#8220;center&#8220;][\/vc_column][\/vc_row]<\/p>\n","protected":false},"excerpt":{"rendered":"<p>[vc_row type=&#8220;vc_default&#8220;][vc_column width=&#8220;1\/6&#8243;][\/vc_column][vc_column width=&#8220;2\/3&#8243;][vc_empty_space height=&#8220;20px&#8220;][vc_column_text] Unsere produkte Wir produzieren und vermarkten Steinobst mit einer kontinuierlichen Versorgungkapazit\u00e4t von der 23. bis zur 40. Woche. Die Sorteninnovation, bessere Anbaumethoden und die Ma\u00dfnahmen f\u00fcr ein gesundes Produkt, sowie die Erf\u00fcllung der Lebensmittelsicherheit sind drei S\u00e4ulen unserer Produktion. [\/vc_column_text][\/vc_column][vc_column width=&#8220;1\/6&#8243;][\/vc_column][\/vc_row][vc_row type=&#8220;vc_default&#8220; full_width=&#8220;stretch_row_content_no_spaces&#8220; parallax=&#8220;content-moving&#8220; parallax_image=&#8220;860&#8243; parallax_speed_bg=&#8220;1.6&#8243;][vc_column][vc_raw_html]JTNDZGl2JTIwc3R5bGUlM0QlMjdoZWlnaHQlM0E0MDBweCUyNyUzRSUzQyUyRmRpdiUzRQ==[\/vc_raw_html][\/vc_column][\/vc_row][vc_row el_class=&#8220;delante&#8220;][vc_column][vc_column_text css=&#8220;.vc_custom_1493638291282{margin-bottom: -12px !important;}&#8220;]&hellip;<\/p>\n","protected":false},"author":2,"featured_media":0,"parent":0,"menu_order":0,"comment_status":"closed","ping_status":"closed","template":"","meta":[],"yoast_head":"<!-- This site is optimized with the Yoast SEO plugin v22.4 - https:\/\/yoast.com\/wordpress\/plugins\/seo\/ -->\n<title>Produkte - NOVAPRACOSA<\/title>\n<meta name=\"robots\" content=\"index, follow, max-snippet:-1, max-image-preview:large, max-video-preview:-1\" \/>\n<link rel=\"canonical\" href=\"https:\/\/novapracosa.cat\/de\/productos\/\" \/>\n<meta property=\"og:locale\" content=\"de_DE\" \/>\n<meta property=\"og:type\" content=\"article\" \/>\n<meta property=\"og:title\" content=\"Produkte - NOVAPRACOSA\" \/>\n<meta property=\"og:description\" content=\"[vc_row type=&#8220;vc_default&#8220;][vc_column width=&#8220;1\/6&#8243;][\/vc_column][vc_column width=&#8220;2\/3&#8243;][vc_empty_space height=&#8220;20px&#8220;][vc_column_text] Unsere produkte Wir produzieren und vermarkten Steinobst mit einer kontinuierlichen Versorgungkapazit\u00e4t von der 23. bis zur 40. Woche. Die Sorteninnovation, bessere Anbaumethoden und die Ma\u00dfnahmen f\u00fcr ein gesundes Produkt, sowie die Erf\u00fcllung der Lebensmittelsicherheit sind drei S\u00e4ulen unserer Produktion. [\/vc_column_text][\/vc_column][vc_column width=&#8220;1\/6&#8243;][\/vc_column][\/vc_row][vc_row type=&#8220;vc_default&#8220; full_width=&#8220;stretch_row_content_no_spaces&#8220; parallax=&#8220;content-moving&#8220; parallax_image=&#8220;860&#8243; parallax_speed_bg=&#8220;1.6&#8243;][vc_column][vc_raw_html]JTNDZGl2JTIwc3R5bGUlM0QlMjdoZWlnaHQlM0E0MDBweCUyNyUzRSUzQyUyRmRpdiUzRQ==[\/vc_raw_html][\/vc_column][\/vc_row][vc_row el_class=&#8220;delante&#8220;][vc_column][vc_column_text css=&#8220;.vc_custom_1493638291282{margin-bottom: -12px !important;}&#8220;]&hellip;\" \/>\n<meta property=\"og:url\" content=\"https:\/\/novapracosa.cat\/de\/productos\/\" \/>\n<meta property=\"og:site_name\" content=\"NOVAPRACOSA\" \/>\n<meta property=\"article:modified_time\" content=\"2017-05-17T18:22:29+00:00\" \/>\n<meta name=\"twitter:card\" content=\"summary_large_image\" \/>\n<meta name=\"twitter:label1\" content=\"Gesch\u00e4tzte Lesezeit\" \/>\n\t<meta name=\"twitter:data1\" content=\"5\u00a0Minuten\" \/>\n<script type=\"application\/ld+json\" class=\"yoast-schema-graph\">{\"@context\":\"https:\/\/schema.org\",\"@graph\":[{\"@type\":\"WebPage\",\"@id\":\"https:\/\/novapracosa.cat\/de\/productos\/\",\"url\":\"https:\/\/novapracosa.cat\/de\/productos\/\",\"name\":\"Produkte - NOVAPRACOSA\",\"isPartOf\":{\"@id\":\"https:\/\/novapracosa.cat\/#website\"},\"datePublished\":\"2017-04-04T17:23:41+00:00\",\"dateModified\":\"2017-05-17T18:22:29+00:00\",\"breadcrumb\":{\"@id\":\"https:\/\/novapracosa.cat\/de\/productos\/#breadcrumb\"},\"inLanguage\":\"de\",\"potentialAction\":[{\"@type\":\"ReadAction\",\"target\":[\"https:\/\/novapracosa.cat\/de\/productos\/\"]}]},{\"@type\":\"BreadcrumbList\",\"@id\":\"https:\/\/novapracosa.cat\/de\/productos\/#breadcrumb\",\"itemListElement\":[{\"@type\":\"ListItem\",\"position\":1,\"name\":\"Portada\",\"item\":\"https:\/\/novapracosa.cat\/de\/\"},{\"@type\":\"ListItem\",\"position\":2,\"name\":\"Produkte\"}]},{\"@type\":\"WebSite\",\"@id\":\"https:\/\/novapracosa.cat\/#website\",\"url\":\"https:\/\/novapracosa.cat\/\",\"name\":\"NOVAPRACOSA\",\"description\":\"Trabajar como 300, hacer el ruido de 3\",\"potentialAction\":[{\"@type\":\"SearchAction\",\"target\":{\"@type\":\"EntryPoint\",\"urlTemplate\":\"https:\/\/novapracosa.cat\/?s={search_term_string}\"},\"query-input\":\"required name=search_term_string\"}],\"inLanguage\":\"de\"}]}<\/script>\n<!-- \/ Yoast SEO plugin. -->","yoast_head_json":{"title":"Produkte - NOVAPRACOSA","robots":{"index":"index","follow":"follow","max-snippet":"max-snippet:-1","max-image-preview":"max-image-preview:large","max-video-preview":"max-video-preview:-1"},"canonical":"https:\/\/novapracosa.cat\/de\/productos\/","og_locale":"de_DE","og_type":"article","og_title":"Produkte - NOVAPRACOSA","og_description":"[vc_row type=&#8220;vc_default&#8220;][vc_column width=&#8220;1\/6&#8243;][\/vc_column][vc_column width=&#8220;2\/3&#8243;][vc_empty_space height=&#8220;20px&#8220;][vc_column_text] Unsere produkte Wir produzieren und vermarkten Steinobst mit einer kontinuierlichen Versorgungkapazit\u00e4t von der 23. bis zur 40. Woche. Die Sorteninnovation, bessere Anbaumethoden und die Ma\u00dfnahmen f\u00fcr ein gesundes Produkt, sowie die Erf\u00fcllung der Lebensmittelsicherheit sind drei S\u00e4ulen unserer Produktion. [\/vc_column_text][\/vc_column][vc_column width=&#8220;1\/6&#8243;][\/vc_column][\/vc_row][vc_row type=&#8220;vc_default&#8220; full_width=&#8220;stretch_row_content_no_spaces&#8220; parallax=&#8220;content-moving&#8220; parallax_image=&#8220;860&#8243; parallax_speed_bg=&#8220;1.6&#8243;][vc_column][vc_raw_html]JTNDZGl2JTIwc3R5bGUlM0QlMjdoZWlnaHQlM0E0MDBweCUyNyUzRSUzQyUyRmRpdiUzRQ==[\/vc_raw_html][\/vc_column][\/vc_row][vc_row el_class=&#8220;delante&#8220;][vc_column][vc_column_text css=&#8220;.vc_custom_1493638291282{margin-bottom: -12px !important;}&#8220;]&hellip;","og_url":"https:\/\/novapracosa.cat\/de\/productos\/","og_site_name":"NOVAPRACOSA","article_modified_time":"2017-05-17T18:22:29+00:00","twitter_card":"summary_large_image","twitter_misc":{"Gesch\u00e4tzte Lesezeit":"5\u00a0Minuten"},"schema":{"@context":"https:\/\/schema.org","@graph":[{"@type":"WebPage","@id":"https:\/\/novapracosa.cat\/de\/productos\/","url":"https:\/\/novapracosa.cat\/de\/productos\/","name":"Produkte - NOVAPRACOSA","isPartOf":{"@id":"https:\/\/novapracosa.cat\/#website"},"datePublished":"2017-04-04T17:23:41+00:00","dateModified":"2017-05-17T18:22:29+00:00","breadcrumb":{"@id":"https:\/\/novapracosa.cat\/de\/productos\/#breadcrumb"},"inLanguage":"de","potentialAction":[{"@type":"ReadAction","target":["https:\/\/novapracosa.cat\/de\/productos\/"]}]},{"@type":"BreadcrumbList","@id":"https:\/\/novapracosa.cat\/de\/productos\/#breadcrumb","itemListElement":[{"@type":"ListItem","position":1,"name":"Portada","item":"https:\/\/novapracosa.cat\/de\/"},{"@type":"ListItem","position":2,"name":"Produkte"}]},{"@type":"WebSite","@id":"https:\/\/novapracosa.cat\/#website","url":"https:\/\/novapracosa.cat\/","name":"NOVAPRACOSA","description":"Trabajar como 300, hacer el ruido de 3","potentialAction":[{"@type":"SearchAction","target":{"@type":"EntryPoint","urlTemplate":"https:\/\/novapracosa.cat\/?s={search_term_string}"},"query-input":"required name=search_term_string"}],"inLanguage":"de"}]}},"_links":{"self":[{"href":"https:\/\/novapracosa.cat\/de\/wp-json\/wp\/v2\/pages\/28"}],"collection":[{"href":"https:\/\/novapracosa.cat\/de\/wp-json\/wp\/v2\/pages"}],"about":[{"href":"https:\/\/novapracosa.cat\/de\/wp-json\/wp\/v2\/types\/page"}],"author":[{"embeddable":true,"href":"https:\/\/novapracosa.cat\/de\/wp-json\/wp\/v2\/users\/2"}],"replies":[{"embeddable":true,"href":"https:\/\/novapracosa.cat\/de\/wp-json\/wp\/v2\/comments?post=28"}],"version-history":[{"count":10,"href":"https:\/\/novapracosa.cat\/de\/wp-json\/wp\/v2\/pages\/28\/revisions"}],"predecessor-version":[{"id":1240,"href":"https:\/\/novapracosa.cat\/de\/wp-json\/wp\/v2\/pages\/28\/revisions\/1240"}],"wp:attachment":[{"href":"https:\/\/novapracosa.cat\/de\/wp-json\/wp\/v2\/media?parent=28"}],"curies":[{"name":"wp","href":"https:\/\/api.w.org\/{rel}","templated":true}]}}