{"id":34,"date":"2017-04-04T19:24:27","date_gmt":"2017-04-04T17:24:27","guid":{"rendered":"http:\/\/novapracosa.es\/localizacion\/"},"modified":"2022-03-09T19:33:51","modified_gmt":"2022-03-09T17:33:51","slug":"localizacion","status":"publish","type":"page","link":"https:\/\/novapracosa.cat\/de\/localizacion\/","title":{"rendered":"Lokalisierung"},"content":{"rendered":"<p>[vc_row type=&#8220;vc_default&#8220;][vc_column width=&#8220;1\/6&#8243;][\/vc_column][vc_column width=&#8220;2\/3&#8243;][vc_empty_space height=&#8220;20px&#8220;][vc_column_text]<\/p>\n<h2 style=\"text-align: center;\">D\u00f3nde estamos<\/h2>\n<p style=\"text-align: justify; font-family: Merriweather; font-size: 14px; font-weight: 100;\">Nuestras producciones y las de nuestros asociados est\u00e1n situadas entre las provincias de Lleida, Huesca y Badajoz, con una extensi\u00f3n total de m\u00e1s de 1.500 ha. La gesti\u00f3n comercial y administrativa se hace desde nuestras oficinas centrales en Alcarr\u00e1s, justo en el centro de la zona productora de fruta de hueso m\u00e1s grande de Espa\u00f1a. Tenemos una capacidad de manipulaci\u00f3n diaria de 700.000 kilos de fruta entre nuestras instalaciones de Lleida y Badajoz.<\/p>\n<p>[\/vc_column_text][\/vc_column][vc_column width=&#8220;1\/6&#8243;][\/vc_column][\/vc_row][vc_row type=&#8220;vc_default&#8220; full_width=&#8220;stretch_row_content_no_spaces&#8220; margin_top=&#8220;0px&#8220; margin_bottom=&#8220;0px&#8220; css=&#8220;.vc_custom_1491592878937{margin-top: -35px !important;margin-bottom: 0px !important;padding-top: 0px !important;}&#8220;][vc_column][rev_slider_vc alias=&#8220;location&#8220;][\/vc_column][\/vc_row][vc_row type=&#8220;vc_default&#8220; full_width=&#8220;stretch_row_content_no_spaces&#8220;][vc_column][vc_column_text][\/vc_column_text][\/vc_column][\/vc_row][vc_row type=&#8220;vc_default&#8220; full_width=&#8220;stretch_row&#8220; bg_type=&#8220;bg_color&#8220; bg_color_value=&#8220;#f2c3b1&#8243; el_class=&#8220;sube&#8220;][vc_column][vc_row_inner][vc_column_inner width=&#8220;1\/4&#8243;][vc_column_text]<\/p>\n<h5>NOVA APRACOSA S.L.<\/h5>\n<p>Carrer dels Til\u00b7lers 6<br \/>\n25180 Alcarr\u00e0s (Lleida)<br \/>\nCATALU\u00d1A \u2014ESPA\u00d1A<\/p>\n<p>CIF B\u201425265240<br \/>\nT +34 973 791 767<br \/>\nF +34 973 795 216<\/p>\n<p>info@novapracosa.cat[\/vc_column_text][\/vc_column_inner][vc_column_inner width=&#8220;1\/4&#8243;][\/vc_column_inner][vc_column_inner width=&#8220;1\/4&#8243;][\/vc_column_inner][vc_column_inner width=&#8220;1\/4&#8243;][\/vc_column_inner][\/vc_row_inner][\/vc_column][\/vc_row]<\/p>\n","protected":false},"excerpt":{"rendered":"<p>[vc_row type=&#8220;vc_default&#8220;][vc_column width=&#8220;1\/6&#8243;][\/vc_column][vc_column width=&#8220;2\/3&#8243;][vc_empty_space height=&#8220;20px&#8220;][vc_column_text] D\u00f3nde estamos Nuestras producciones y las de nuestros asociados est\u00e1n situadas entre las provincias de Lleida, Huesca y Badajoz, con una extensi\u00f3n total de m\u00e1s de 1.500 ha. La gesti\u00f3n comercial y administrativa se hace desde nuestras oficinas centrales en Alcarr\u00e1s, justo en el centro de la zona productora de&hellip;<\/p>\n","protected":false},"author":2,"featured_media":0,"parent":0,"menu_order":0,"comment_status":"closed","ping_status":"closed","template":"","meta":[],"yoast_head":"<!-- This site is optimized with the Yoast SEO plugin v22.4 - https:\/\/yoast.com\/wordpress\/plugins\/seo\/ -->\n<title>Lokalisierung - NOVAPRACOSA<\/title>\n<meta name=\"robots\" content=\"index, follow, max-snippet:-1, max-image-preview:large, max-video-preview:-1\" \/>\n<link rel=\"canonical\" href=\"https:\/\/novapracosa.cat\/de\/localizacion\/\" \/>\n<meta property=\"og:locale\" content=\"de_DE\" \/>\n<meta property=\"og:type\" content=\"article\" \/>\n<meta property=\"og:title\" content=\"Lokalisierung - NOVAPRACOSA\" \/>\n<meta property=\"og:description\" content=\"[vc_row type=&#8220;vc_default&#8220;][vc_column width=&#8220;1\/6&#8243;][\/vc_column][vc_column width=&#8220;2\/3&#8243;][vc_empty_space height=&#8220;20px&#8220;][vc_column_text] D\u00f3nde estamos Nuestras producciones y las de nuestros asociados est\u00e1n situadas entre las provincias de Lleida, Huesca y Badajoz, con una extensi\u00f3n total de m\u00e1s de 1.500 ha. La gesti\u00f3n comercial y administrativa se hace desde nuestras oficinas centrales en Alcarr\u00e1s, justo en el centro de la zona productora de&hellip;\" \/>\n<meta property=\"og:url\" content=\"https:\/\/novapracosa.cat\/de\/localizacion\/\" \/>\n<meta property=\"og:site_name\" content=\"NOVAPRACOSA\" \/>\n<meta property=\"article:modified_time\" content=\"2022-03-09T17:33:51+00:00\" \/>\n<meta name=\"twitter:card\" content=\"summary_large_image\" \/>\n<meta name=\"twitter:label1\" content=\"Gesch\u00e4tzte Lesezeit\" \/>\n\t<meta name=\"twitter:data1\" content=\"1\u00a0Minute\" \/>\n<script type=\"application\/ld+json\" class=\"yoast-schema-graph\">{\"@context\":\"https:\/\/schema.org\",\"@graph\":[{\"@type\":\"WebPage\",\"@id\":\"https:\/\/novapracosa.cat\/de\/localizacion\/\",\"url\":\"https:\/\/novapracosa.cat\/de\/localizacion\/\",\"name\":\"Lokalisierung - NOVAPRACOSA\",\"isPartOf\":{\"@id\":\"https:\/\/novapracosa.cat\/#website\"},\"datePublished\":\"2017-04-04T17:24:27+00:00\",\"dateModified\":\"2022-03-09T17:33:51+00:00\",\"breadcrumb\":{\"@id\":\"https:\/\/novapracosa.cat\/de\/localizacion\/#breadcrumb\"},\"inLanguage\":\"de\",\"potentialAction\":[{\"@type\":\"ReadAction\",\"target\":[\"https:\/\/novapracosa.cat\/de\/localizacion\/\"]}]},{\"@type\":\"BreadcrumbList\",\"@id\":\"https:\/\/novapracosa.cat\/de\/localizacion\/#breadcrumb\",\"itemListElement\":[{\"@type\":\"ListItem\",\"position\":1,\"name\":\"Portada\",\"item\":\"https:\/\/novapracosa.cat\/de\/\"},{\"@type\":\"ListItem\",\"position\":2,\"name\":\"Lokalisierung\"}]},{\"@type\":\"WebSite\",\"@id\":\"https:\/\/novapracosa.cat\/#website\",\"url\":\"https:\/\/novapracosa.cat\/\",\"name\":\"NOVAPRACOSA\",\"description\":\"Trabajar como 300, hacer el ruido de 3\",\"potentialAction\":[{\"@type\":\"SearchAction\",\"target\":{\"@type\":\"EntryPoint\",\"urlTemplate\":\"https:\/\/novapracosa.cat\/?s={search_term_string}\"},\"query-input\":\"required name=search_term_string\"}],\"inLanguage\":\"de\"}]}<\/script>\n<!-- \/ Yoast SEO plugin. -->","yoast_head_json":{"title":"Lokalisierung - NOVAPRACOSA","robots":{"index":"index","follow":"follow","max-snippet":"max-snippet:-1","max-image-preview":"max-image-preview:large","max-video-preview":"max-video-preview:-1"},"canonical":"https:\/\/novapracosa.cat\/de\/localizacion\/","og_locale":"de_DE","og_type":"article","og_title":"Lokalisierung - NOVAPRACOSA","og_description":"[vc_row type=&#8220;vc_default&#8220;][vc_column width=&#8220;1\/6&#8243;][\/vc_column][vc_column width=&#8220;2\/3&#8243;][vc_empty_space height=&#8220;20px&#8220;][vc_column_text] D\u00f3nde estamos Nuestras producciones y las de nuestros asociados est\u00e1n situadas entre las provincias de Lleida, Huesca y Badajoz, con una extensi\u00f3n total de m\u00e1s de 1.500 ha. La gesti\u00f3n comercial y administrativa se hace desde nuestras oficinas centrales en Alcarr\u00e1s, justo en el centro de la zona productora de&hellip;","og_url":"https:\/\/novapracosa.cat\/de\/localizacion\/","og_site_name":"NOVAPRACOSA","article_modified_time":"2022-03-09T17:33:51+00:00","twitter_card":"summary_large_image","twitter_misc":{"Gesch\u00e4tzte Lesezeit":"1\u00a0Minute"},"schema":{"@context":"https:\/\/schema.org","@graph":[{"@type":"WebPage","@id":"https:\/\/novapracosa.cat\/de\/localizacion\/","url":"https:\/\/novapracosa.cat\/de\/localizacion\/","name":"Lokalisierung - NOVAPRACOSA","isPartOf":{"@id":"https:\/\/novapracosa.cat\/#website"},"datePublished":"2017-04-04T17:24:27+00:00","dateModified":"2022-03-09T17:33:51+00:00","breadcrumb":{"@id":"https:\/\/novapracosa.cat\/de\/localizacion\/#breadcrumb"},"inLanguage":"de","potentialAction":[{"@type":"ReadAction","target":["https:\/\/novapracosa.cat\/de\/localizacion\/"]}]},{"@type":"BreadcrumbList","@id":"https:\/\/novapracosa.cat\/de\/localizacion\/#breadcrumb","itemListElement":[{"@type":"ListItem","position":1,"name":"Portada","item":"https:\/\/novapracosa.cat\/de\/"},{"@type":"ListItem","position":2,"name":"Lokalisierung"}]},{"@type":"WebSite","@id":"https:\/\/novapracosa.cat\/#website","url":"https:\/\/novapracosa.cat\/","name":"NOVAPRACOSA","description":"Trabajar como 300, hacer el ruido de 3","potentialAction":[{"@type":"SearchAction","target":{"@type":"EntryPoint","urlTemplate":"https:\/\/novapracosa.cat\/?s={search_term_string}"},"query-input":"required name=search_term_string"}],"inLanguage":"de"}]}},"_links":{"self":[{"href":"https:\/\/novapracosa.cat\/de\/wp-json\/wp\/v2\/pages\/34"}],"collection":[{"href":"https:\/\/novapracosa.cat\/de\/wp-json\/wp\/v2\/pages"}],"about":[{"href":"https:\/\/novapracosa.cat\/de\/wp-json\/wp\/v2\/types\/page"}],"author":[{"embeddable":true,"href":"https:\/\/novapracosa.cat\/de\/wp-json\/wp\/v2\/users\/2"}],"replies":[{"embeddable":true,"href":"https:\/\/novapracosa.cat\/de\/wp-json\/wp\/v2\/comments?post=34"}],"version-history":[{"count":14,"href":"https:\/\/novapracosa.cat\/de\/wp-json\/wp\/v2\/pages\/34\/revisions"}],"predecessor-version":[{"id":1367,"href":"https:\/\/novapracosa.cat\/de\/wp-json\/wp\/v2\/pages\/34\/revisions\/1367"}],"wp:attachment":[{"href":"https:\/\/novapracosa.cat\/de\/wp-json\/wp\/v2\/media?parent=34"}],"curies":[{"name":"wp","href":"https:\/\/api.w.org\/{rel}","templated":true}]}}