{"id":40,"date":"2017-04-04T19:25:10","date_gmt":"2017-04-04T17:25:10","guid":{"rendered":"http:\/\/novapracosa.es\/contacto\/"},"modified":"2017-11-28T20:36:46","modified_gmt":"2017-11-28T18:36:46","slug":"contacto","status":"publish","type":"page","link":"https:\/\/novapracosa.cat\/de\/contacto\/","title":{"rendered":"Kontakt"},"content":{"rendered":"<p>[vc_row type=&#8220;vc_default&#8220;][vc_column width=&#8220;1\/6&#8243;][\/vc_column][vc_column width=&#8220;2\/3&#8243;][vc_empty_space height=&#8220;20px&#8220;][vc_column_text]<\/p>\n<h2 style=\"text-align: center;\">Unser Team<\/h2>\n<p>[\/vc_column_text][\/vc_column][vc_column width=&#8220;1\/6&#8243;][\/vc_column][\/vc_row][vc_row type=&#8220;vc_default&#8220; full_width=&#8220;stretch_row&#8220; el_class=&#8220;sube&#8220;][vc_column][vc_row_inner][vc_column_inner width=&#8220;1\/4&#8243;][vc_column_text el_class=&#8220;titulines&#8220;]<\/p>\n<h5>ANTON M. PIQU\u00c9 i PUJOL<\/h5>\n<p>Pr\u00e4sident<\/p>\n<p>T +34 973791767<br \/>\nF +34 973795216<br \/>\nM +34 670256676<\/p>\n<p>ampique@novapracosa.cat<\/p>\n<h5>POL PIQU\u00c9<\/h5>\n<p>Gesch\u00e4ftsf\u00fchrer<\/p>\n<p>T +34 973791767<br \/>\nF +34 973795216<br \/>\nM +34 607838663<\/p>\n<p>pol@novapracosa.cat<\/p>\n<h5>MANEL GIM\u00c9NEZ<\/h5>\n<p>Verwaltungsleiter<\/p>\n<p>T +34 973791767<br \/>\nF +34 973795216<br \/>\nM +34 637709690<\/p>\n<p>manel@novapracosa.cat<\/p>\n<h5>JES\u00daS DRUDIS<\/h5>\n<p>Leiter der Logistikabteilung<\/p>\n<p>T +34 973791767<br \/>\nF +34 973795216<br \/>\nM +34 675952952<\/p>\n<p>jesus@novapracosa.cat[\/vc_column_text][\/vc_column_inner][vc_column_inner width=&#8220;1\/4&#8243;][\/vc_column_inner][vc_column_inner width=&#8220;1\/4&#8243;][\/vc_column_inner][vc_column_inner width=&#8220;1\/4&#8243;][\/vc_column_inner][\/vc_row_inner][\/vc_column][\/vc_row][vc_row type=&#8220;vc_default&#8220; full_width=&#8220;stretch_row_content_no_spaces&#8220; parallax=&#8220;content-moving&#8220; parallax_image=&#8220;967&#8243; parallax_speed_bg=&#8220;1.8&#8243;][vc_column][vc_raw_html]JTNDZGl2JTIwc3R5bGUlM0QlMjdoZWlnaHQlM0E0MDBweCUyNyUzRSUzQyUyRmRpdiUzRQ==[\/vc_raw_html][\/vc_column][\/vc_row]<\/p>\n","protected":false},"excerpt":{"rendered":"<p>[vc_row type=&#8220;vc_default&#8220;][vc_column width=&#8220;1\/6&#8243;][\/vc_column][vc_column width=&#8220;2\/3&#8243;][vc_empty_space height=&#8220;20px&#8220;][vc_column_text] Unser Team [\/vc_column_text][\/vc_column][vc_column width=&#8220;1\/6&#8243;][\/vc_column][\/vc_row][vc_row type=&#8220;vc_default&#8220; full_width=&#8220;stretch_row&#8220; el_class=&#8220;sube&#8220;][vc_column][vc_row_inner][vc_column_inner width=&#8220;1\/4&#8243;][vc_column_text el_class=&#8220;titulines&#8220;] ANTON M. PIQU\u00c9 i PUJOL Pr\u00e4sident T +34 973791767 F +34 973795216 M +34 670256676 ampique@novapracosa.cat POL PIQU\u00c9 Gesch\u00e4ftsf\u00fchrer T +34 973791767 F +34 973795216 M +34 607838663 pol@novapracosa.cat MANEL GIM\u00c9NEZ Verwaltungsleiter T +34 973791767 F +34 973795216 M +34 637709690&hellip;<\/p>\n","protected":false},"author":2,"featured_media":0,"parent":0,"menu_order":0,"comment_status":"closed","ping_status":"closed","template":"","meta":[],"yoast_head":"<!-- This site is optimized with the Yoast SEO plugin v22.4 - https:\/\/yoast.com\/wordpress\/plugins\/seo\/ -->\n<title>Kontakt - NOVAPRACOSA<\/title>\n<meta name=\"robots\" content=\"index, follow, max-snippet:-1, max-image-preview:large, max-video-preview:-1\" \/>\n<link rel=\"canonical\" href=\"https:\/\/novapracosa.cat\/de\/contacto\/\" \/>\n<meta property=\"og:locale\" content=\"de_DE\" \/>\n<meta property=\"og:type\" content=\"article\" \/>\n<meta property=\"og:title\" content=\"Kontakt - NOVAPRACOSA\" \/>\n<meta property=\"og:description\" content=\"[vc_row type=&#8220;vc_default&#8220;][vc_column width=&#8220;1\/6&#8243;][\/vc_column][vc_column width=&#8220;2\/3&#8243;][vc_empty_space height=&#8220;20px&#8220;][vc_column_text] Unser Team [\/vc_column_text][\/vc_column][vc_column width=&#8220;1\/6&#8243;][\/vc_column][\/vc_row][vc_row type=&#8220;vc_default&#8220; full_width=&#8220;stretch_row&#8220; el_class=&#8220;sube&#8220;][vc_column][vc_row_inner][vc_column_inner width=&#8220;1\/4&#8243;][vc_column_text el_class=&#8220;titulines&#8220;] ANTON M. PIQU\u00c9 i PUJOL Pr\u00e4sident T +34 973791767 F +34 973795216 M +34 670256676 ampique@novapracosa.cat POL PIQU\u00c9 Gesch\u00e4ftsf\u00fchrer T +34 973791767 F +34 973795216 M +34 607838663 pol@novapracosa.cat MANEL GIM\u00c9NEZ Verwaltungsleiter T +34 973791767 F +34 973795216 M +34 637709690&hellip;\" \/>\n<meta property=\"og:url\" content=\"https:\/\/novapracosa.cat\/de\/contacto\/\" \/>\n<meta property=\"og:site_name\" content=\"NOVAPRACOSA\" \/>\n<meta property=\"article:modified_time\" content=\"2017-11-28T18:36:46+00:00\" \/>\n<meta name=\"twitter:card\" content=\"summary_large_image\" \/>\n<meta name=\"twitter:label1\" content=\"Gesch\u00e4tzte Lesezeit\" \/>\n\t<meta name=\"twitter:data1\" content=\"1\u00a0Minute\" \/>\n<script type=\"application\/ld+json\" class=\"yoast-schema-graph\">{\"@context\":\"https:\/\/schema.org\",\"@graph\":[{\"@type\":\"WebPage\",\"@id\":\"https:\/\/novapracosa.cat\/de\/contacto\/\",\"url\":\"https:\/\/novapracosa.cat\/de\/contacto\/\",\"name\":\"Kontakt - NOVAPRACOSA\",\"isPartOf\":{\"@id\":\"https:\/\/novapracosa.cat\/#website\"},\"datePublished\":\"2017-04-04T17:25:10+00:00\",\"dateModified\":\"2017-11-28T18:36:46+00:00\",\"breadcrumb\":{\"@id\":\"https:\/\/novapracosa.cat\/de\/contacto\/#breadcrumb\"},\"inLanguage\":\"de\",\"potentialAction\":[{\"@type\":\"ReadAction\",\"target\":[\"https:\/\/novapracosa.cat\/de\/contacto\/\"]}]},{\"@type\":\"BreadcrumbList\",\"@id\":\"https:\/\/novapracosa.cat\/de\/contacto\/#breadcrumb\",\"itemListElement\":[{\"@type\":\"ListItem\",\"position\":1,\"name\":\"Portada\",\"item\":\"https:\/\/novapracosa.cat\/de\/\"},{\"@type\":\"ListItem\",\"position\":2,\"name\":\"Kontakt\"}]},{\"@type\":\"WebSite\",\"@id\":\"https:\/\/novapracosa.cat\/#website\",\"url\":\"https:\/\/novapracosa.cat\/\",\"name\":\"NOVAPRACOSA\",\"description\":\"Trabajar como 300, hacer el ruido de 3\",\"potentialAction\":[{\"@type\":\"SearchAction\",\"target\":{\"@type\":\"EntryPoint\",\"urlTemplate\":\"https:\/\/novapracosa.cat\/?s={search_term_string}\"},\"query-input\":\"required name=search_term_string\"}],\"inLanguage\":\"de\"}]}<\/script>\n<!-- \/ Yoast SEO plugin. -->","yoast_head_json":{"title":"Kontakt - NOVAPRACOSA","robots":{"index":"index","follow":"follow","max-snippet":"max-snippet:-1","max-image-preview":"max-image-preview:large","max-video-preview":"max-video-preview:-1"},"canonical":"https:\/\/novapracosa.cat\/de\/contacto\/","og_locale":"de_DE","og_type":"article","og_title":"Kontakt - NOVAPRACOSA","og_description":"[vc_row type=&#8220;vc_default&#8220;][vc_column width=&#8220;1\/6&#8243;][\/vc_column][vc_column width=&#8220;2\/3&#8243;][vc_empty_space height=&#8220;20px&#8220;][vc_column_text] Unser Team [\/vc_column_text][\/vc_column][vc_column width=&#8220;1\/6&#8243;][\/vc_column][\/vc_row][vc_row type=&#8220;vc_default&#8220; full_width=&#8220;stretch_row&#8220; el_class=&#8220;sube&#8220;][vc_column][vc_row_inner][vc_column_inner width=&#8220;1\/4&#8243;][vc_column_text el_class=&#8220;titulines&#8220;] ANTON M. PIQU\u00c9 i PUJOL Pr\u00e4sident T +34 973791767 F +34 973795216 M +34 670256676 ampique@novapracosa.cat POL PIQU\u00c9 Gesch\u00e4ftsf\u00fchrer T +34 973791767 F +34 973795216 M +34 607838663 pol@novapracosa.cat MANEL GIM\u00c9NEZ Verwaltungsleiter T +34 973791767 F +34 973795216 M +34 637709690&hellip;","og_url":"https:\/\/novapracosa.cat\/de\/contacto\/","og_site_name":"NOVAPRACOSA","article_modified_time":"2017-11-28T18:36:46+00:00","twitter_card":"summary_large_image","twitter_misc":{"Gesch\u00e4tzte Lesezeit":"1\u00a0Minute"},"schema":{"@context":"https:\/\/schema.org","@graph":[{"@type":"WebPage","@id":"https:\/\/novapracosa.cat\/de\/contacto\/","url":"https:\/\/novapracosa.cat\/de\/contacto\/","name":"Kontakt - NOVAPRACOSA","isPartOf":{"@id":"https:\/\/novapracosa.cat\/#website"},"datePublished":"2017-04-04T17:25:10+00:00","dateModified":"2017-11-28T18:36:46+00:00","breadcrumb":{"@id":"https:\/\/novapracosa.cat\/de\/contacto\/#breadcrumb"},"inLanguage":"de","potentialAction":[{"@type":"ReadAction","target":["https:\/\/novapracosa.cat\/de\/contacto\/"]}]},{"@type":"BreadcrumbList","@id":"https:\/\/novapracosa.cat\/de\/contacto\/#breadcrumb","itemListElement":[{"@type":"ListItem","position":1,"name":"Portada","item":"https:\/\/novapracosa.cat\/de\/"},{"@type":"ListItem","position":2,"name":"Kontakt"}]},{"@type":"WebSite","@id":"https:\/\/novapracosa.cat\/#website","url":"https:\/\/novapracosa.cat\/","name":"NOVAPRACOSA","description":"Trabajar como 300, hacer el ruido de 3","potentialAction":[{"@type":"SearchAction","target":{"@type":"EntryPoint","urlTemplate":"https:\/\/novapracosa.cat\/?s={search_term_string}"},"query-input":"required name=search_term_string"}],"inLanguage":"de"}]}},"_links":{"self":[{"href":"https:\/\/novapracosa.cat\/de\/wp-json\/wp\/v2\/pages\/40"}],"collection":[{"href":"https:\/\/novapracosa.cat\/de\/wp-json\/wp\/v2\/pages"}],"about":[{"href":"https:\/\/novapracosa.cat\/de\/wp-json\/wp\/v2\/types\/page"}],"author":[{"embeddable":true,"href":"https:\/\/novapracosa.cat\/de\/wp-json\/wp\/v2\/users\/2"}],"replies":[{"embeddable":true,"href":"https:\/\/novapracosa.cat\/de\/wp-json\/wp\/v2\/comments?post=40"}],"version-history":[{"count":5,"href":"https:\/\/novapracosa.cat\/de\/wp-json\/wp\/v2\/pages\/40\/revisions"}],"predecessor-version":[{"id":1278,"href":"https:\/\/novapracosa.cat\/de\/wp-json\/wp\/v2\/pages\/40\/revisions\/1278"}],"wp:attachment":[{"href":"https:\/\/novapracosa.cat\/de\/wp-json\/wp\/v2\/media?parent=40"}],"curies":[{"name":"wp","href":"https:\/\/api.w.org\/{rel}","templated":true}]}}