{"id":45,"date":"2017-04-04T19:26:00","date_gmt":"2017-04-04T17:26:00","guid":{"rendered":"http:\/\/novapracosa.es\/aviso-legal\/"},"modified":"2020-01-22T00:43:45","modified_gmt":"2020-01-21T22:43:45","slug":"aviso-legal","status":"publish","type":"page","link":"https:\/\/novapracosa.cat\/en\/aviso-legal\/","title":{"rendered":"Aviso Legal"},"content":{"rendered":"<h3>1. DATOS IDENTIFICATIVOS<\/h3>\n<p>En cumplimiento con el deber de informaci\u00f3n recogido en art\u00edculo 10 de la Ley 34\/2002, de 11 de julio, de Servicios de la Sociedad de la Informaci\u00f3n y del Comercio Electr\u00f3nico, a continuaci\u00f3n se reflejan los siguientes datos: la empresa titular de dominio web es NOVA APRACOSA S.L.\u00a0(en adelante Novapracosa), con domicilio a estos efectos en Carrer dels Til\u00b7lers 6 25180 Alcarr\u00e0s (Lleida) CATALU\u00d1A \u2014ESPA\u00d1A n\u00famero de C.I.F.: B25265240 inscrita en el Registro Mercantil de L\u00e9rida. Correo electr\u00f3nico de contacto: info@novapracosa.cat\u00a0del sitio web.<\/p>\n<p>&nbsp;<\/p>\n<h3>2. USUARIOS<\/h3>\n<p>El acceso y\/o uso de este portal de Novapracosa atribuye la condici\u00f3n de USUARIO, que acepta, desde dicho acceso y\/o uso, las Condiciones Generales de Uso aqu\u00ed reflejadas. Las citadas Condiciones ser\u00e1n de aplicaci\u00f3n independientemente de las Condiciones Generales de Contrataci\u00f3n que en su caso resulten de obligado cumplimiento.<\/p>\n<p>&nbsp;<\/p>\n<h3>3. USO DEL PORTAL<\/h3>\n<p>www.novapracosa.cat proporciona el acceso a multitud de informaciones, servicios, programas o datos (en adelante, \u201clos contenidos\u201d) en Internet pertenecientes a Novapracosa o a sus licenciantes a los que el USUARIO pueda tener acceso. El USUARIO asume la responsabilidad del uso del portal. Dicha responsabilidad se extiende al registro que fuese necesario para acceder a determinados servicios o contenidos.<br \/>\nEn dicho registro el USUARIO ser\u00e1 responsable de aportar informaci\u00f3n veraz y l\u00edcita. Como consecuencia de este registro, al USUARIO se le puede proporcionar una contrase\u00f1a de la que ser\u00e1 responsable,<br \/>\ncomprometi\u00e9ndose a hacer un uso diligente y confidencial de la misma. El USUARIO se compromete a hacer un uso adecuado de los contenidos y servicios (como por ejemplo servicios de chat, foros de discusi\u00f3n o grupos de noticias) que Nombre de la empresa creadora del sitio web ofrece a trav\u00e9s de su portal y con car\u00e1cter enunciativo pero no limitativo, a no emplearlos para (i) incurrir en actividades il\u00edcitas, ilegales o contrarias a la buena fe y al orden p\u00fablico; (ii) difundir contenidos o propaganda de car\u00e1cter racista, xen\u00f3fobo, pornogr\u00e1fico-ilegal, de apolog\u00eda del terrorismo o atentatorio contra los derechos humanos; (iii) provocar da\u00f1os en los sistemas f\u00edsicos y l\u00f3gicos de Nombre de la empresa creadora del sitio web , de sus proveedores o de terceras personas, introducir o difundir en la red virus inform\u00e1ticos o cualesquiera otros sistemas f\u00edsicos o l\u00f3gicos que sean susceptibles de provocar los da\u00f1os anteriormente mencionados; (iv) intentar acceder y, en su caso, utilizar las cuentas de correo electr\u00f3nico de otros usuarios y modificaro manipular sus mensajes. Nombre de la empresa creadora del sitio web se reserva el derecho de retirar todos aquellos comentarios y aportaciones que vulneren el respeto a la dignidad de la persona, que sean discriminatorios, xen\u00f3fobos, racistas, pornogr\u00e1ficos, que atenten contra la juventud o la infancia, el orden o la seguridad p\u00fablica o que, a su juicio, no resultaran adecuados para su publicaci\u00f3n. En cualquier caso, Novapracosa no ser\u00e1 responsable de las opiniones vertidas por los usuarios a trav\u00e9s de los foros, chats, u otras herramientas de participaci\u00f3n.<\/p>\n<p>&nbsp;<\/p>\n<p>&nbsp;<\/p>\n<h3>4. PROPIEDAD INTELECTUAL E INDUSTRIAL<\/h3>\n<p>Novapracosa por s\u00ed o como cesionaria, es titular de todos los derechos de propiedad intelectual e industrial desu p\u00e1gina web, as\u00ed como de los elementos contenidos en la misma (a t\u00edtulo enunciativo, im\u00e1genes, sonido, audio, v\u00eddeo, software o textos; marcas o logotipos, combinaciones de colores, estructura y dise\u00f1o, selecci\u00f3n de materiales usados, programas de ordenador necesarios para su funcionamiento, acceso y uso, etc.), titularidad de Novapracosa o bien de sus licenciantes.<\/p>\n<p>Todos los derechos reservados. En virtud de lo dispuesto en los art\u00edculos 8 y 32.1, p\u00e1rrafo segundo, de la Ley de Propiedad Intelectual, quedan expresamente prohibidas la reproducci\u00f3n, la distribuci\u00f3n y la comunicaci\u00f3n p\u00fablica, incluida su modalidad de puesta a disposici\u00f3n, de la totalidad o parte de los contenidos de esta p\u00e1gina web, con fines comerciales, en cualquier soporte y por cualquier medio t\u00e9cnico, sin la autorizaci\u00f3n de Novapracosa. El USUARIO se compromete a respetar los derechos de Propiedad Intelectual e Industrial titularidad de Novapracosa. Podr\u00e1 visualizar los elementos del portal e incluso imprimirlos, copiarlos y almacenarlos en el disco duro de su ordenador o en cualquier otro soporte f\u00edsico siempre y cuando sea, \u00fanica y exclusivamente, para su uso personal y privado. El USUARIO deber\u00e1 abstenerse de suprimir, alterar, eludir o manipular cualquier dispositivo de protecci\u00f3n o sistema de seguridad que estuviera instalado en el las p\u00e1ginas de Novapracosa.<\/p>\n<div class=\"ezAdsense adsense adsense-midtext\"><\/div>\n<p>&nbsp;<\/p>\n<h3>5. EXCLUSI\u00d3N DE GARANT\u00cdAS Y RESPONSABILIDAD<\/h3>\n<p>Novapracosa no se hace responsable, en ning\u00fan caso, de los da\u00f1os y perjuicios de cualquier naturaleza que pudieran ocasionar, a t\u00edtulo enunciativo: errores u omisiones en los contenidos, falta de disponibilidad del portal o la transmisi\u00f3n de virus o programas maliciosos o lesivos en los contenidos, a pesar de haber adoptado todas las medidas tecnol\u00f3gicas necesarias para evitarlo.<\/p>\n<p>&nbsp;<\/p>\n<h3>6. MODIFICACIONES<\/h3>\n<p>Novapracosa se reserva el derecho de efectuar sin previo aviso las modificaciones que considere oportunas en su portal, pudiendocambiar, suprimir o a\u00f1adir tanto los contenidos y servicios que se presten a trav\u00e9s de la misma como la forma en la que \u00e9stos aparezcan presentados o localizados en su portal.<\/p>\n<p>&nbsp;<\/p>\n<h3>7. ENLACES<\/h3>\n<p>En el caso de que en www.novapracosa.cat se dispusiesen enlaces o hiperv\u00ednculos hac\u00eda otros sitios de Internet, Novapracosa no ejercer\u00e1 ning\u00fan tipo de control sobre dichos sitios y contenidos. En ning\u00fan caso<br \/>\nNovapracosa asumir\u00e1 responsabilidad alguna por los contenidos de alg\u00fan enlace perteneciente a un sitio web ajeno, ni garantizar\u00e1 la disponibilidad t\u00e9cnica, calidad, fiabilidad, exactitud, amplitud, veracidad, validez y<br \/>\nconstitucionalidad de cualquier material o informaci\u00f3n contenida en ninguno de dichos hiperv\u00ednculos u otros sitios de Internet.<\/p>\n<p>Igualmente la inclusi\u00f3n de estas conexiones externas no implicar\u00e1 ning\u00fan tipo de asociaci\u00f3n, fusi\u00f3n o participaci\u00f3n con las entidades conectadas.<\/p>\n<p>&nbsp;<\/p>\n<h3>8. DERECHO DE EXCLUSI\u00d3N<\/h3>\n<p>Novapracosa se reserva el derecho a denegar o retirar el acceso a portal y\/o los servicios ofrecidos sin necesidad de preaviso, a instancia propia o de un tercero, a aquellos usuarios que incumplan las presentes Condiciones Generales de Uso.<\/p>\n<p>&nbsp;<\/p>\n<h3>9.GENERALIDADES<\/h3>\n<p>Novapracosa perseguir\u00e1 el incumplimiento de las presentes condiciones as\u00ed como cualquier utilizaci\u00f3n indebida de su portal ejerciendo todas las acciones civiles y penales que le puedan corresponder en derecho.<\/p>\n<p>&nbsp;<\/p>\n<h3>10.MODIFICACI\u00d3N DE LAS PRESENTES CONDICIONES Y DURACI\u00d3N<\/h3>\n<p>Novapracosa podr\u00e1 modificar en cualquier momento las condiciones aqu\u00ed determinadas, siendo debidamente publicadas como aqu\u00ed aparecen.<\/p>\n<p>La vigencia de las citadas condiciones ir\u00e1 en funci\u00f3n de su exposici\u00f3n y estar\u00e1n vigentes hasta debidamente publicadas. que sean modificadas por otras.<\/p>\n<p>&nbsp;<\/p>\n<h3>11. LEGISLACI\u00d3N APLICABLE Y JURISDICCI\u00d3N<\/h3>\n<p>La relaci\u00f3n entre Novapracosa y el USUARIO se regir\u00e1 por la normativa espa\u00f1ola vigente y cualquier controversia se someter\u00e1 a los Juzgados y tribunales de la ciudad de Lleida.<\/p>\n","protected":false},"excerpt":{"rendered":"<p>1. DATOS IDENTIFICATIVOS En cumplimiento con el deber de informaci\u00f3n recogido en art\u00edculo 10 de la Ley 34\/2002, de 11 de julio, de Servicios de la Sociedad de la Informaci\u00f3n y del Comercio Electr\u00f3nico, a continuaci\u00f3n se reflejan los siguientes datos: la empresa titular de dominio web es NOVA APRACOSA S.L.\u00a0(en adelante Novapracosa), con domicilio&hellip;<\/p>\n","protected":false},"author":2,"featured_media":0,"parent":0,"menu_order":0,"comment_status":"closed","ping_status":"closed","template":"","meta":[],"yoast_head":"<!-- This site is optimized with the Yoast SEO plugin v22.4 - https:\/\/yoast.com\/wordpress\/plugins\/seo\/ -->\n<title>Aviso Legal - NOVAPRACOSA<\/title>\n<meta name=\"robots\" content=\"index, follow, max-snippet:-1, max-image-preview:large, max-video-preview:-1\" \/>\n<link rel=\"canonical\" href=\"https:\/\/novapracosa.cat\/en\/aviso-legal\/\" \/>\n<meta property=\"og:locale\" content=\"en_US\" \/>\n<meta property=\"og:type\" content=\"article\" \/>\n<meta property=\"og:title\" content=\"Aviso Legal - NOVAPRACOSA\" \/>\n<meta property=\"og:description\" content=\"1. DATOS IDENTIFICATIVOS En cumplimiento con el deber de informaci\u00f3n recogido en art\u00edculo 10 de la Ley 34\/2002, de 11 de julio, de Servicios de la Sociedad de la Informaci\u00f3n y del Comercio Electr\u00f3nico, a continuaci\u00f3n se reflejan los siguientes datos: la empresa titular de dominio web es NOVA APRACOSA S.L.\u00a0(en adelante Novapracosa), con domicilio&hellip;\" \/>\n<meta property=\"og:url\" content=\"https:\/\/novapracosa.cat\/en\/aviso-legal\/\" \/>\n<meta property=\"og:site_name\" content=\"NOVAPRACOSA\" \/>\n<meta property=\"article:modified_time\" content=\"2020-01-21T22:43:45+00:00\" \/>\n<meta name=\"twitter:card\" content=\"summary_large_image\" \/>\n<meta name=\"twitter:label1\" content=\"Est. reading time\" \/>\n\t<meta name=\"twitter:data1\" content=\"6 minutes\" \/>\n<script type=\"application\/ld+json\" class=\"yoast-schema-graph\">{\"@context\":\"https:\/\/schema.org\",\"@graph\":[{\"@type\":\"WebPage\",\"@id\":\"https:\/\/novapracosa.cat\/en\/aviso-legal\/\",\"url\":\"https:\/\/novapracosa.cat\/en\/aviso-legal\/\",\"name\":\"Aviso Legal - NOVAPRACOSA\",\"isPartOf\":{\"@id\":\"https:\/\/novapracosa.cat\/#website\"},\"datePublished\":\"2017-04-04T17:26:00+00:00\",\"dateModified\":\"2020-01-21T22:43:45+00:00\",\"breadcrumb\":{\"@id\":\"https:\/\/novapracosa.cat\/en\/aviso-legal\/#breadcrumb\"},\"inLanguage\":\"en-US\",\"potentialAction\":[{\"@type\":\"ReadAction\",\"target\":[\"https:\/\/novapracosa.cat\/en\/aviso-legal\/\"]}]},{\"@type\":\"BreadcrumbList\",\"@id\":\"https:\/\/novapracosa.cat\/en\/aviso-legal\/#breadcrumb\",\"itemListElement\":[{\"@type\":\"ListItem\",\"position\":1,\"name\":\"Portada\",\"item\":\"https:\/\/novapracosa.cat\/en\/\"},{\"@type\":\"ListItem\",\"position\":2,\"name\":\"Aviso Legal\"}]},{\"@type\":\"WebSite\",\"@id\":\"https:\/\/novapracosa.cat\/#website\",\"url\":\"https:\/\/novapracosa.cat\/\",\"name\":\"NOVAPRACOSA\",\"description\":\"Trabajar como 300, hacer el ruido de 3\",\"potentialAction\":[{\"@type\":\"SearchAction\",\"target\":{\"@type\":\"EntryPoint\",\"urlTemplate\":\"https:\/\/novapracosa.cat\/?s={search_term_string}\"},\"query-input\":\"required name=search_term_string\"}],\"inLanguage\":\"en-US\"}]}<\/script>\n<!-- \/ Yoast SEO plugin. -->","yoast_head_json":{"title":"Aviso Legal - NOVAPRACOSA","robots":{"index":"index","follow":"follow","max-snippet":"max-snippet:-1","max-image-preview":"max-image-preview:large","max-video-preview":"max-video-preview:-1"},"canonical":"https:\/\/novapracosa.cat\/en\/aviso-legal\/","og_locale":"en_US","og_type":"article","og_title":"Aviso Legal - NOVAPRACOSA","og_description":"1. DATOS IDENTIFICATIVOS En cumplimiento con el deber de informaci\u00f3n recogido en art\u00edculo 10 de la Ley 34\/2002, de 11 de julio, de Servicios de la Sociedad de la Informaci\u00f3n y del Comercio Electr\u00f3nico, a continuaci\u00f3n se reflejan los siguientes datos: la empresa titular de dominio web es NOVA APRACOSA S.L.\u00a0(en adelante Novapracosa), con domicilio&hellip;","og_url":"https:\/\/novapracosa.cat\/en\/aviso-legal\/","og_site_name":"NOVAPRACOSA","article_modified_time":"2020-01-21T22:43:45+00:00","twitter_card":"summary_large_image","twitter_misc":{"Est. reading time":"6 minutes"},"schema":{"@context":"https:\/\/schema.org","@graph":[{"@type":"WebPage","@id":"https:\/\/novapracosa.cat\/en\/aviso-legal\/","url":"https:\/\/novapracosa.cat\/en\/aviso-legal\/","name":"Aviso Legal - NOVAPRACOSA","isPartOf":{"@id":"https:\/\/novapracosa.cat\/#website"},"datePublished":"2017-04-04T17:26:00+00:00","dateModified":"2020-01-21T22:43:45+00:00","breadcrumb":{"@id":"https:\/\/novapracosa.cat\/en\/aviso-legal\/#breadcrumb"},"inLanguage":"en-US","potentialAction":[{"@type":"ReadAction","target":["https:\/\/novapracosa.cat\/en\/aviso-legal\/"]}]},{"@type":"BreadcrumbList","@id":"https:\/\/novapracosa.cat\/en\/aviso-legal\/#breadcrumb","itemListElement":[{"@type":"ListItem","position":1,"name":"Portada","item":"https:\/\/novapracosa.cat\/en\/"},{"@type":"ListItem","position":2,"name":"Aviso Legal"}]},{"@type":"WebSite","@id":"https:\/\/novapracosa.cat\/#website","url":"https:\/\/novapracosa.cat\/","name":"NOVAPRACOSA","description":"Trabajar como 300, hacer el ruido de 3","potentialAction":[{"@type":"SearchAction","target":{"@type":"EntryPoint","urlTemplate":"https:\/\/novapracosa.cat\/?s={search_term_string}"},"query-input":"required name=search_term_string"}],"inLanguage":"en-US"}]}},"_links":{"self":[{"href":"https:\/\/novapracosa.cat\/en\/wp-json\/wp\/v2\/pages\/45"}],"collection":[{"href":"https:\/\/novapracosa.cat\/en\/wp-json\/wp\/v2\/pages"}],"about":[{"href":"https:\/\/novapracosa.cat\/en\/wp-json\/wp\/v2\/types\/page"}],"author":[{"embeddable":true,"href":"https:\/\/novapracosa.cat\/en\/wp-json\/wp\/v2\/users\/2"}],"replies":[{"embeddable":true,"href":"https:\/\/novapracosa.cat\/en\/wp-json\/wp\/v2\/comments?post=45"}],"version-history":[{"count":3,"href":"https:\/\/novapracosa.cat\/en\/wp-json\/wp\/v2\/pages\/45\/revisions"}],"predecessor-version":[{"id":1308,"href":"https:\/\/novapracosa.cat\/en\/wp-json\/wp\/v2\/pages\/45\/revisions\/1308"}],"wp:attachment":[{"href":"https:\/\/novapracosa.cat\/en\/wp-json\/wp\/v2\/media?parent=45"}],"curies":[{"name":"wp","href":"https:\/\/api.w.org\/{rel}","templated":true}]}}